{"id":24839,"date":"2025-12-27T23:39:58","date_gmt":"2025-12-27T14:39:58","guid":{"rendered":"https:\/\/sfashionaccessories.com\/?post_type=product&#038;p=24839"},"modified":"2026-03-13T17:33:09","modified_gmt":"2026-03-13T08:33:09","slug":"mascara-eudora-siage-resgate-imediato-250g","status":"publish","type":"product","link":"https:\/\/sfashionaccessories.com\/?product=mascara-eudora-siage-resgate-imediato-250g","title":{"rendered":"M\u00e1scara Eudora Si\u00e0ge Resgate Imediato 250g"},"content":{"rendered":"<p>M\u00e1scara Eudora Si\u00e0ge Resgate Imediato 250g Ideal para o momento de tratamento do seu\u00a0hair care, a\u00a0M\u00e1scara Balm Preenchedora Si\u00e0ge Resgate Imediato\u00a0vai te auxiliar a resgatar seu cabelo e descobrir novos momentos de autocuidado!\u00a0 A\u00a0M\u00e1scara Resgate Imediato\u00a0penetra no c\u00f3rtex capilar\u00a0preenchendo as partes danificadas do fio e atuando na recupera\u00e7\u00e3o dos danos desde o 1\u00ba uso.\u00a0 A linha \u00e9 dedicada para todos os tipos de cabelos, com a exclusiva\u00a0Biotecnologia Affinit\u00e9 4D\u00a0e ativos pensados para reconstruir seus fios,\u00a0Resgate Imediato Eudora\u00a0traz benef\u00edcios comprovados\u00b9: \u00a0 -Resgata imediatamente fios com danos dif\u00edceis, persistentes e que parecem n\u00e3o ter solu\u00e7\u00e3o\u00b2; -Escudo antidanos:\u00a0envelopamento dos fios proporcionando um escudo protetor que evita danos futuros; -Efeito preenchedor antiquebra:\u00a0preenche as partes lesionadas da haste, reduzindo a porosidade;<\/p>\n","protected":false},"excerpt":{"rendered":"<p>M\u00e1scara Eudora Si\u00e0ge Resgate Imediato 250g Ideal para o momento de tratamento do seu\u00a0hair care, a\u00a0M\u00e1scara Balm Preenchedora Si\u00e0ge Resgate Imediato\u00a0vai te auxiliar a resgatar seu cabelo e descobrir novos momentos de autocuidado!\u00a0 A\u00a0M\u00e1scara Resgate Imediato\u00a0penetra no c\u00f3rtex capilar\u00a0preenchendo as partes danificadas do fio e atuando na recupera\u00e7\u00e3o dos danos desde o 1\u00ba uso.\u00a0 A [&hellip;]<\/p>\n","protected":false},"featured_media":24841,"comment_status":"open","ping_status":"closed","template":"","meta":{"_kadence_starter_templates_imported_post":false},"product_brand":[],"product_cat":[204,206,790,607,865,1071],"product_tag":[272,791,442,1009],"class_list":{"0":"post-24839","1":"product","2":"type-product","3":"status-publish","4":"has-post-thumbnail","6":"product_cat-matizador-sampoo-condicionador-hidratante","7":"product_cat-cosmeticos-cremes-hidradantesperfumes","8":"product_cat-eudora","9":"product_cat-hidratantes-cremes-avon","10":"product_cat-shampoo-e-condicionador-eudora","11":"product_cat-siage","12":"product_tag-cosmeticos","13":"product_tag-eudora","14":"product_tag-mascara","15":"product_tag-siage","17":"first","18":"instock","19":"shipping-taxable","20":"purchasable","21":"product-type-simple"},"_links":{"self":[{"href":"https:\/\/sfashionaccessories.com\/index.php?rest_route=\/wp\/v2\/product\/24839","targetHints":{"allow":["GET"]}}],"collection":[{"href":"https:\/\/sfashionaccessories.com\/index.php?rest_route=\/wp\/v2\/product"}],"about":[{"href":"https:\/\/sfashionaccessories.com\/index.php?rest_route=\/wp\/v2\/types\/product"}],"replies":[{"embeddable":true,"href":"https:\/\/sfashionaccessories.com\/index.php?rest_route=%2Fwp%2Fv2%2Fcomments&post=24839"}],"wp:featuredmedia":[{"embeddable":true,"href":"https:\/\/sfashionaccessories.com\/index.php?rest_route=\/wp\/v2\/media\/24841"}],"wp:attachment":[{"href":"https:\/\/sfashionaccessories.com\/index.php?rest_route=%2Fwp%2Fv2%2Fmedia&parent=24839"}],"wp:term":[{"taxonomy":"product_brand","embeddable":true,"href":"https:\/\/sfashionaccessories.com\/index.php?rest_route=%2Fwp%2Fv2%2Fproduct_brand&post=24839"},{"taxonomy":"product_cat","embeddable":true,"href":"https:\/\/sfashionaccessories.com\/index.php?rest_route=%2Fwp%2Fv2%2Fproduct_cat&post=24839"},{"taxonomy":"product_tag","embeddable":true,"href":"https:\/\/sfashionaccessories.com\/index.php?rest_route=%2Fwp%2Fv2%2Fproduct_tag&post=24839"}],"curies":[{"name":"wp","href":"https:\/\/api.w.org\/{rel}","templated":true}]}}