{"id":24890,"date":"2026-01-13T16:25:59","date_gmt":"2026-01-13T07:25:59","guid":{"rendered":"https:\/\/sfashionaccessories.com\/?post_type=product&#038;p=24890"},"modified":"2026-04-05T18:03:13","modified_gmt":"2026-04-05T09:03:13","slug":"victorias-secret-bombshell-soiree-body-lotion","status":"publish","type":"product","link":"https:\/\/sfashionaccessories.com\/?product=victorias-secret-bombshell-soiree-body-lotion","title":{"rendered":"Victoria\u2019s Secret Bombshell Soiree Body Lotion"},"content":{"rendered":"<ul class=\"KsbFXc U6u95\" data-complete=\"true\" data-processed=\"true\">\n<li data-hveid=\"CAQQAA\" data-complete=\"true\" data-sae=\"\"><span class=\"T286Pc\" data-sfc-cp=\"\" data-complete=\"true\"><strong class=\"Yjhzub\" data-complete=\"true\"><span dir=\"auto\">Nome do produto<\/span><\/strong><span dir=\"auto\">\u00a0: Lo\u00e7\u00e3o perfumada Bombshell Soiree<\/span><\/span><\/li>\n<li data-hveid=\"CAQQAg\" data-complete=\"true\" data-sae=\"\"><span class=\"T286Pc\" data-sfc-cp=\"\" data-complete=\"true\"><strong class=\"Yjhzub\" data-complete=\"true\"><span dir=\"auto\">Tipo de fragr\u00e2ncia<\/span><\/strong><span dir=\"auto\">\u00a0: Floral Frutado<\/span><\/span><\/li>\n<li data-hveid=\"CAQQAw\" data-complete=\"true\" data-sae=\"\"><span class=\"T286Pc\" data-sfc-cp=\"\" data-complete=\"true\"><strong class=\"Yjhzub\" data-complete=\"true\"><span dir=\"auto\">Notas olfativas<\/span><\/strong><span dir=\"auto\">\u00a0: Pera preciosa, Pe\u00f4nia aveludada, Madeiras cintilantes<\/span><\/span><\/li>\n<li data-hveid=\"CAQQBA\" data-complete=\"true\" data-sae=\"\"><span class=\"T286Pc\" data-sfc-cp=\"\" data-complete=\"true\"><strong class=\"Yjhzub\" data-complete=\"true\"><span dir=\"auto\">Capacidade<\/span><\/strong><span dir=\"auto\">\u00a0: 250 ml \/ 8,4 fl oz<\/span><\/span><\/li>\n<li data-hveid=\"CAQQBQ\" data-complete=\"true\" data-sae=\"\"><span class=\"T286Pc\" data-sfc-cp=\"\" data-complete=\"true\"><strong class=\"Yjhzub\" data-complete=\"true\"><span dir=\"auto\">Caracter\u00edsticas<\/span><\/strong><span dir=\"auto\">\u00a0: Uma lo\u00e7\u00e3o nutritiva que \u00e9 rapidamente absorvida pela pele, hidratando e adicionando uma fragr\u00e2ncia suave.<\/span><\/span><span class=\"uJ19be notranslate\" data-wiz-uids=\"U7IKAf_1c,U7IKAf_1d\" data-complete=\"true\"><span class=\"vKEkVd\" data-animation-atomic=\"\" data-wiz-attrbind=\"class=U7IKAf_1b\/TKHnVd\" data-sae=\"\">\u00a0<\/span><\/span><\/li>\n<\/ul>\n","protected":false},"excerpt":{"rendered":"<p>Nome do produto\u00a0: Lo\u00e7\u00e3o perfumada Bombshell Soiree Tipo de fragr\u00e2ncia\u00a0: Floral Frutado Notas olfativas\u00a0: Pera preciosa, Pe\u00f4nia aveludada, Madeiras cintilantes Capacidade\u00a0: 250 ml \/ 8,4 fl oz Caracter\u00edsticas\u00a0: Uma lo\u00e7\u00e3o nutritiva que \u00e9 rapidamente absorvida pela pele, hidratando e adicionando uma fragr\u00e2ncia suave.\u00a0<\/p>\n","protected":false},"featured_media":24891,"comment_status":"open","ping_status":"closed","template":"","meta":{"_kadence_starter_templates_imported_post":false},"product_brand":[],"product_cat":[465,206,223,322,229,793,24],"product_tag":[272,195,459],"class_list":{"0":"post-24890","1":"product","2":"type-product","3":"status-publish","4":"has-post-thumbnail","6":"product_cat-anuncios","7":"product_cat-cosmeticos-cremes-hidradantesperfumes","8":"product_cat-cremes-para-maos-e-pes","9":"product_cat-cremes-hidratantes-oleos","10":"product_cat-hidratante-victorias-secret","11":"product_cat-presente","12":"product_cat-victorias-secrect","13":"product_tag-cosmeticos","14":"product_tag-creme-hidratante","15":"product_tag-victoria-s-secret","17":"first","18":"instock","19":"sale","20":"shipping-taxable","21":"purchasable","22":"product-type-simple"},"_links":{"self":[{"href":"https:\/\/sfashionaccessories.com\/index.php?rest_route=\/wp\/v2\/product\/24890","targetHints":{"allow":["GET"]}}],"collection":[{"href":"https:\/\/sfashionaccessories.com\/index.php?rest_route=\/wp\/v2\/product"}],"about":[{"href":"https:\/\/sfashionaccessories.com\/index.php?rest_route=\/wp\/v2\/types\/product"}],"replies":[{"embeddable":true,"href":"https:\/\/sfashionaccessories.com\/index.php?rest_route=%2Fwp%2Fv2%2Fcomments&post=24890"}],"wp:featuredmedia":[{"embeddable":true,"href":"https:\/\/sfashionaccessories.com\/index.php?rest_route=\/wp\/v2\/media\/24891"}],"wp:attachment":[{"href":"https:\/\/sfashionaccessories.com\/index.php?rest_route=%2Fwp%2Fv2%2Fmedia&parent=24890"}],"wp:term":[{"taxonomy":"product_brand","embeddable":true,"href":"https:\/\/sfashionaccessories.com\/index.php?rest_route=%2Fwp%2Fv2%2Fproduct_brand&post=24890"},{"taxonomy":"product_cat","embeddable":true,"href":"https:\/\/sfashionaccessories.com\/index.php?rest_route=%2Fwp%2Fv2%2Fproduct_cat&post=24890"},{"taxonomy":"product_tag","embeddable":true,"href":"https:\/\/sfashionaccessories.com\/index.php?rest_route=%2Fwp%2Fv2%2Fproduct_tag&post=24890"}],"curies":[{"name":"wp","href":"https:\/\/api.w.org\/{rel}","templated":true}]}}