{"id":24915,"date":"2026-01-14T19:20:02","date_gmt":"2026-01-14T10:20:02","guid":{"rendered":"https:\/\/sfashionaccessories.com\/?post_type=product&#038;p=24915"},"modified":"2026-02-13T13:57:04","modified_gmt":"2026-02-13T04:57:04","slug":"sapatilha-mocassim-modare-napa-floather-nature-feminino","status":"publish","type":"product","link":"https:\/\/sfashionaccessories.com\/?product=sapatilha-mocassim-modare-napa-floather-nature-feminino","title":{"rendered":"Sapatilha Mocassim Modare Napa Floather Nature Feminino"},"content":{"rendered":"<p>O Mocassim Feminino Modare confeccionado em material napa de alta qualidade, conta com um bico quadrado para maior conforto durante o uso. Detalhe frontal com o pin da marca adicionando um toque de sofistica\u00e7\u00e3o e charme ao seu visual. Sua palmilha composta de espuma dupla e a parte interna com forra\u00e7\u00e3o t\u00eaxtil tornando o modelo ideal e de f\u00e1cil respira\u00e7\u00e3o, evidencia o conforto do cal\u00e7ado por muito mais tempo. Possui solado fabricado em borracha TR antiderrapante, dando maior seguran\u00e7a durante o caminhar, al\u00e9m de absorver os impactos com maior estabilidade.<\/p>\n","protected":false},"excerpt":{"rendered":"<p>O Mocassim Feminino Modare confeccionado em material napa de alta qualidade, conta com um bico quadrado para maior conforto durante o uso. Detalhe frontal com o pin da marca adicionando um toque de sofistica\u00e7\u00e3o e charme ao seu visual. Sua palmilha composta de espuma dupla e a parte interna com forra\u00e7\u00e3o t\u00eaxtil tornando o modelo [&hellip;]<\/p>\n","protected":false},"featured_media":24925,"comment_status":"open","ping_status":"closed","template":"","meta":{"_kadence_starter_templates_imported_post":false},"product_brand":[],"product_cat":[465,46,580,293,1072,254,845],"product_tag":[311,395,1073,846],"class_list":{"0":"post-24915","1":"product","2":"type-product","3":"status-publish","4":"has-post-thumbnail","6":"product_cat-anuncios","7":"product_cat-calcados","8":"product_cat-destaques","9":"product_cat-feminino","10":"product_cat-modare","11":"product_cat-promocoes-descontos","12":"product_cat-sapatilha","13":"product_tag-calcados","14":"product_tag-feminino","15":"product_tag-modare","16":"product_tag-sapatilha","18":"first","19":"instock","20":"sale","21":"shipping-taxable","22":"purchasable","23":"product-type-variable"},"_links":{"self":[{"href":"https:\/\/sfashionaccessories.com\/index.php?rest_route=\/wp\/v2\/product\/24915","targetHints":{"allow":["GET"]}}],"collection":[{"href":"https:\/\/sfashionaccessories.com\/index.php?rest_route=\/wp\/v2\/product"}],"about":[{"href":"https:\/\/sfashionaccessories.com\/index.php?rest_route=\/wp\/v2\/types\/product"}],"replies":[{"embeddable":true,"href":"https:\/\/sfashionaccessories.com\/index.php?rest_route=%2Fwp%2Fv2%2Fcomments&post=24915"}],"wp:featuredmedia":[{"embeddable":true,"href":"https:\/\/sfashionaccessories.com\/index.php?rest_route=\/wp\/v2\/media\/24925"}],"wp:attachment":[{"href":"https:\/\/sfashionaccessories.com\/index.php?rest_route=%2Fwp%2Fv2%2Fmedia&parent=24915"}],"wp:term":[{"taxonomy":"product_brand","embeddable":true,"href":"https:\/\/sfashionaccessories.com\/index.php?rest_route=%2Fwp%2Fv2%2Fproduct_brand&post=24915"},{"taxonomy":"product_cat","embeddable":true,"href":"https:\/\/sfashionaccessories.com\/index.php?rest_route=%2Fwp%2Fv2%2Fproduct_cat&post=24915"},{"taxonomy":"product_tag","embeddable":true,"href":"https:\/\/sfashionaccessories.com\/index.php?rest_route=%2Fwp%2Fv2%2Fproduct_tag&post=24915"}],"curies":[{"name":"wp","href":"https:\/\/api.w.org\/{rel}","templated":true}]}}