{"id":24931,"date":"2026-01-16T15:07:02","date_gmt":"2026-01-16T06:07:02","guid":{"rendered":"https:\/\/sfashionaccessories.com\/?post_type=product&#038;p=24931"},"modified":"2026-03-08T12:28:07","modified_gmt":"2026-03-08T03:28:07","slug":"o-boticario-nativa-spa-locao-orquidea-noire-400ml","status":"publish","type":"product","link":"https:\/\/sfashionaccessories.com\/?product=o-boticario-nativa-spa-locao-orquidea-noire-400ml","title":{"rendered":"O Boticario Nativa SPA Locao Orquidea Noire 400ml"},"content":{"rendered":"<p>A\u00a0Lo\u00e7\u00e3o Hidratante Desodorante Corporal Nativa Spa Orqu\u00eddea Noire\u00a0transforma a sua\u00a0noite\u00a0em um<\/p>\n<p>momento de cuidado completo,\u00a0com uma\u00a0pele hidratada,\u00a0fragr\u00e2ncia marcante\u00a0e explos\u00e3o de sensualidade, em um tratamento poderoso que atua na pele enquanto voc\u00ea dorme.<\/p>\n<p>O segredo da fragr\u00e2ncia est\u00e1 na sensualidade que a\u00a0Orqu\u00eddea Noire\u00a0carrega,<br \/>\numa flor ic\u00f4nica que traz o mist\u00e9rio da noite e entrega uma fragr\u00e2ncia\u00a0floral amadeirada,\u00a0ex\u00f3tica e<br \/>\nsensual, que dura a noite inteira para a pele\u00a0acordar perfumada.<\/p>\n<p>Com 96% de ingredientes naturais, conta tamb\u00e9m com o exclusivo\u00a0\u00d3leo de Quinoa,<br \/>\nque\u00a0acelera a renova\u00e7\u00e3o celular natural da pele\u00a0durante a noite e\u00a0estimula a produ\u00e7\u00e3o de col\u00e1geno.<\/p>\n<p>Confira os benef\u00edcios que voc\u00ea ter\u00e1\u00a0enquanto dorme:<br \/>\n&#8211; Acelera o processo de\u00a0renova\u00e7\u00e3o celular da pele durante o sono<br \/>\n&#8211; em 57% a hidrata\u00e7\u00e3o\u00a0da pele durante a noite<br \/>\n&#8211; Melhora a\u00a0elasticidade e a firmeza da pele<br \/>\n&#8211; A fragr\u00e2ncia dura a noite inteira para acordar perfumada.<\/p>\n<p>O resultado que a\u00a0lo\u00e7\u00e3o hidratante corporal noturno\u00a0proporciona \u00e9 uma pele nutrida, macia, suave e com apar\u00eancia renovada.<\/p>\n","protected":false},"excerpt":{"rendered":"<p>A\u00a0Lo\u00e7\u00e3o Hidratante Desodorante Corporal Nativa Spa Orqu\u00eddea Noire\u00a0transforma a sua\u00a0noite\u00a0em um momento de cuidado completo,\u00a0com uma\u00a0pele hidratada,\u00a0fragr\u00e2ncia marcante\u00a0e explos\u00e3o de sensualidade, em um tratamento poderoso que atua na pele enquanto voc\u00ea dorme. O segredo da fragr\u00e2ncia est\u00e1 na sensualidade que a\u00a0Orqu\u00eddea Noire\u00a0carrega, uma flor ic\u00f4nica que traz o mist\u00e9rio da noite e entrega uma fragr\u00e2ncia\u00a0floral [&hellip;]<\/p>\n","protected":false},"featured_media":24933,"comment_status":"open","ping_status":"closed","template":"","meta":{"_kadence_starter_templates_imported_post":false},"product_brand":[],"product_cat":[206,322,293,296,282],"product_tag":[272,429,284],"class_list":{"0":"post-24931","1":"product","2":"type-product","3":"status-publish","4":"has-post-thumbnail","6":"product_cat-cosmeticos-cremes-hidradantesperfumes","7":"product_cat-cremes-hidratantes-oleos","8":"product_cat-feminino","9":"product_cat-hidratantes-cremes","10":"product_cat-o-boticario","11":"product_tag-cosmeticos","12":"product_tag-hidratantes","13":"product_tag-o-boticario","15":"first","16":"instock","17":"sale","18":"shipping-taxable","19":"purchasable","20":"product-type-simple"},"_links":{"self":[{"href":"https:\/\/sfashionaccessories.com\/index.php?rest_route=\/wp\/v2\/product\/24931","targetHints":{"allow":["GET"]}}],"collection":[{"href":"https:\/\/sfashionaccessories.com\/index.php?rest_route=\/wp\/v2\/product"}],"about":[{"href":"https:\/\/sfashionaccessories.com\/index.php?rest_route=\/wp\/v2\/types\/product"}],"replies":[{"embeddable":true,"href":"https:\/\/sfashionaccessories.com\/index.php?rest_route=%2Fwp%2Fv2%2Fcomments&post=24931"}],"wp:featuredmedia":[{"embeddable":true,"href":"https:\/\/sfashionaccessories.com\/index.php?rest_route=\/wp\/v2\/media\/24933"}],"wp:attachment":[{"href":"https:\/\/sfashionaccessories.com\/index.php?rest_route=%2Fwp%2Fv2%2Fmedia&parent=24931"}],"wp:term":[{"taxonomy":"product_brand","embeddable":true,"href":"https:\/\/sfashionaccessories.com\/index.php?rest_route=%2Fwp%2Fv2%2Fproduct_brand&post=24931"},{"taxonomy":"product_cat","embeddable":true,"href":"https:\/\/sfashionaccessories.com\/index.php?rest_route=%2Fwp%2Fv2%2Fproduct_cat&post=24931"},{"taxonomy":"product_tag","embeddable":true,"href":"https:\/\/sfashionaccessories.com\/index.php?rest_route=%2Fwp%2Fv2%2Fproduct_tag&post=24931"}],"curies":[{"name":"wp","href":"https:\/\/api.w.org\/{rel}","templated":true}]}}