{"id":24938,"date":"2026-01-16T19:47:43","date_gmt":"2026-01-16T10:47:43","guid":{"rendered":"https:\/\/sfashionaccessories.com\/?post_type=product&#038;p=24938"},"modified":"2026-03-11T12:36:42","modified_gmt":"2026-03-11T03:36:42","slug":"conjunto-sexy-com-perneira-natielly","status":"publish","type":"product","link":"https:\/\/sfashionaccessories.com\/?product=conjunto-sexy-com-perneira-natielly","title":{"rendered":"Conjunto sexy com perneira \u2013 Natielly"},"content":{"rendered":"<p>Obs: O Conjunto na cor vinho ,vem com o lacinho Azul Ceu .<\/p>\n<p>&nbsp;<\/p>\n<p>Sabe aquele modelo super sexy para voc\u00ea se presentear ou para presentear a sua amiga no ch\u00e1 de lingerie?Al\u00e9m desta pe\u00e7a garantir ainda mais sensualidade, ela \u00e9 super confort\u00e1vel. Afinal, voc\u00ea merece todo o nosso melhor. E tanto conforto \u00e9 garantido pela composi\u00e7\u00e3o definitivamente maravilhosa. Este conjunto \u00e9 composto por 90% poliamida e 10% elastano. O forro da calcinha est\u00e1 em 100% algod\u00e3o. A cor do la\u00e7o pode variar.<\/p>\n","protected":false},"excerpt":{"rendered":"<p>Obs: O Conjunto na cor vinho ,vem com o lacinho Azul Ceu . &nbsp; Sabe aquele modelo super sexy para voc\u00ea se presentear ou para presentear a sua amiga no ch\u00e1 de lingerie?Al\u00e9m desta pe\u00e7a garantir ainda mais sensualidade, ela \u00e9 super confort\u00e1vel. Afinal, voc\u00ea merece todo o nosso melhor. E tanto conforto \u00e9 garantido [&hellip;]<\/p>\n","protected":false},"featured_media":24944,"comment_status":"open","ping_status":"closed","template":"","meta":{"_kadence_starter_templates_imported_post":false},"product_brand":[],"product_cat":[215,218,580,293,29,221],"product_tag":[380,292,458,265],"class_list":{"0":"post-24938","1":"product","2":"type-product","3":"status-publish","4":"has-post-thumbnail","6":"product_cat-calcinhas-tangas-fio-dental","7":"product_cat-conjuntos-de-lingerie","8":"product_cat-destaques","9":"product_cat-feminino","10":"product_cat-lingeries","11":"product_cat-sutias","12":"product_tag-calcinhas","13":"product_tag-conjunto-com-bojo","14":"product_tag-lingeries","15":"product_tag-sutia","17":"first","18":"instock","19":"sale","20":"shipping-taxable","21":"purchasable","22":"product-type-variable"},"_links":{"self":[{"href":"https:\/\/sfashionaccessories.com\/index.php?rest_route=\/wp\/v2\/product\/24938","targetHints":{"allow":["GET"]}}],"collection":[{"href":"https:\/\/sfashionaccessories.com\/index.php?rest_route=\/wp\/v2\/product"}],"about":[{"href":"https:\/\/sfashionaccessories.com\/index.php?rest_route=\/wp\/v2\/types\/product"}],"replies":[{"embeddable":true,"href":"https:\/\/sfashionaccessories.com\/index.php?rest_route=%2Fwp%2Fv2%2Fcomments&post=24938"}],"wp:featuredmedia":[{"embeddable":true,"href":"https:\/\/sfashionaccessories.com\/index.php?rest_route=\/wp\/v2\/media\/24944"}],"wp:attachment":[{"href":"https:\/\/sfashionaccessories.com\/index.php?rest_route=%2Fwp%2Fv2%2Fmedia&parent=24938"}],"wp:term":[{"taxonomy":"product_brand","embeddable":true,"href":"https:\/\/sfashionaccessories.com\/index.php?rest_route=%2Fwp%2Fv2%2Fproduct_brand&post=24938"},{"taxonomy":"product_cat","embeddable":true,"href":"https:\/\/sfashionaccessories.com\/index.php?rest_route=%2Fwp%2Fv2%2Fproduct_cat&post=24938"},{"taxonomy":"product_tag","embeddable":true,"href":"https:\/\/sfashionaccessories.com\/index.php?rest_route=%2Fwp%2Fv2%2Fproduct_tag&post=24938"}],"curies":[{"name":"wp","href":"https:\/\/api.w.org\/{rel}","templated":true}]}}