{"id":24957,"date":"2026-01-23T13:44:53","date_gmt":"2026-01-23T04:44:53","guid":{"rendered":"https:\/\/sfashionaccessories.com\/?post_type=product&#038;p=24957"},"modified":"2026-03-18T13:37:07","modified_gmt":"2026-03-18T04:37:07","slug":"essencial-oud-feminino-100-ml","status":"publish","type":"product","link":"https:\/\/sfashionaccessories.com\/?product=essencial-oud-feminino-100-ml","title":{"rendered":"Essencial Oud Feminino 100 ml"},"content":{"rendered":"<div class=\"relative flex\">\n<div class=\"flex gap-2 items-center\"><span class=\"text-sm font-bold\">fragr\u00e2ncia poderosa que traz a for\u00e7a do oud, o ouro l\u00edquido da perfumaria \u00e1rabe.<\/span><\/div>\n<\/div>\n<div class=\"relative flex\">\n<div class=\"flex gap-2 items-center\"><span class=\"text-sm\">Deo Parfum Oud Essencial Feminino \u00e9 uma fragr\u00e2ncia poderosa e envolvente que combina a sofistica\u00e7\u00e3o das notas florais com a intensidade do oud, madeira mais nobre do mundo. uma combina\u00e7\u00e3o que exala eleg\u00e2ncia e for\u00e7a, ideal para mulheres que buscam uma presen\u00e7a marcante.<\/span><\/div>\n<\/div>\n","protected":false},"excerpt":{"rendered":"<p>fragr\u00e2ncia poderosa que traz a for\u00e7a do oud, o ouro l\u00edquido da perfumaria \u00e1rabe. Deo Parfum Oud Essencial Feminino \u00e9 uma fragr\u00e2ncia poderosa e envolvente que combina a sofistica\u00e7\u00e3o das notas florais com a intensidade do oud, madeira mais nobre do mundo. uma combina\u00e7\u00e3o que exala eleg\u00e2ncia e for\u00e7a, ideal para mulheres que buscam uma [&hellip;]<\/p>\n","protected":false},"featured_media":24960,"comment_status":"open","ping_status":"closed","template":"","meta":{"_kadence_starter_templates_imported_post":false},"product_brand":[],"product_cat":[465,713,213,580,293,203,231],"product_tag":[272,234,401],"class_list":{"0":"post-24957","1":"product","2":"type-product","3":"status-publish","4":"has-post-thumbnail","6":"product_cat-anuncios","7":"product_cat-colonia","8":"product_cat-desodorantes-anti-transpirantes","9":"product_cat-destaques","10":"product_cat-feminino","11":"product_cat-natura-creme-oleo-sabonete-perfume","12":"product_cat-perfumes-natura","13":"product_tag-cosmeticos","14":"product_tag-natura","15":"product_tag-perfumes","17":"first","18":"instock","19":"sale","20":"shipping-taxable","21":"purchasable","22":"product-type-simple"},"_links":{"self":[{"href":"https:\/\/sfashionaccessories.com\/index.php?rest_route=\/wp\/v2\/product\/24957","targetHints":{"allow":["GET"]}}],"collection":[{"href":"https:\/\/sfashionaccessories.com\/index.php?rest_route=\/wp\/v2\/product"}],"about":[{"href":"https:\/\/sfashionaccessories.com\/index.php?rest_route=\/wp\/v2\/types\/product"}],"replies":[{"embeddable":true,"href":"https:\/\/sfashionaccessories.com\/index.php?rest_route=%2Fwp%2Fv2%2Fcomments&post=24957"}],"wp:featuredmedia":[{"embeddable":true,"href":"https:\/\/sfashionaccessories.com\/index.php?rest_route=\/wp\/v2\/media\/24960"}],"wp:attachment":[{"href":"https:\/\/sfashionaccessories.com\/index.php?rest_route=%2Fwp%2Fv2%2Fmedia&parent=24957"}],"wp:term":[{"taxonomy":"product_brand","embeddable":true,"href":"https:\/\/sfashionaccessories.com\/index.php?rest_route=%2Fwp%2Fv2%2Fproduct_brand&post=24957"},{"taxonomy":"product_cat","embeddable":true,"href":"https:\/\/sfashionaccessories.com\/index.php?rest_route=%2Fwp%2Fv2%2Fproduct_cat&post=24957"},{"taxonomy":"product_tag","embeddable":true,"href":"https:\/\/sfashionaccessories.com\/index.php?rest_route=%2Fwp%2Fv2%2Fproduct_tag&post=24957"}],"curies":[{"name":"wp","href":"https:\/\/api.w.org\/{rel}","templated":true}]}}