{"id":24961,"date":"2026-01-23T14:05:47","date_gmt":"2026-01-23T05:05:47","guid":{"rendered":"https:\/\/sfashionaccessories.com\/?post_type=product&#038;p=24961"},"modified":"2026-03-18T13:38:47","modified_gmt":"2026-03-18T04:38:47","slug":"deo-parfum-essencial-desejos-masculino-natura","status":"publish","type":"product","link":"https:\/\/sfashionaccessories.com\/?product=deo-parfum-essencial-desejos-masculino-natura","title":{"rendered":"Deo Parfum Essencial Desejos Masculino- Natura"},"content":{"rendered":"<div class=\"relative flex\">\n<div class=\"flex gap-2 items-center\"><span class=\"text-sm font-bold\">Deo Parfum Essencial Desejos uma edi\u00e7\u00e3o especial e festiva, inspirada nas fragr\u00e2ncias ic\u00f4nicas de Essencial.<\/span><\/div>\n<\/div>\n<div class=\"relative flex\">\n<div class=\"flex gap-2 items-center\">\n<p><strong>\u2022<\/strong>\u00a0<strong>fragr\u00e2ncia amadeirada arom\u00e1tica<\/strong>\u00a0irresist\u00edvel com\u00a0<strong>acordes de gin<\/strong>, o amadeirado potente do s\u00e2ndalo e o brilho elegante da bergamota<\/p>\n<p><strong>\u2022<\/strong>\u00a0inspirada nas\u00a0<strong>fragr\u00e2ncias ic\u00f4nicas de Essencial<\/strong>, em uma vers\u00e3o ainda mais\u00a0<strong>moderna e festiva<\/strong><\/p>\n<p><strong>\u2022<\/strong><\/p>\n<\/div>\n<\/div>\n","protected":false},"excerpt":{"rendered":"<p>Deo Parfum Essencial Desejos uma edi\u00e7\u00e3o especial e festiva, inspirada nas fragr\u00e2ncias ic\u00f4nicas de Essencial. \u2022\u00a0fragr\u00e2ncia amadeirada arom\u00e1tica\u00a0irresist\u00edvel com\u00a0acordes de gin, o amadeirado potente do s\u00e2ndalo e o brilho elegante da bergamota \u2022\u00a0inspirada nas\u00a0fragr\u00e2ncias ic\u00f4nicas de Essencial, em uma vers\u00e3o ainda mais\u00a0moderna e festiva \u2022<\/p>\n","protected":false},"featured_media":24965,"comment_status":"open","ping_status":"closed","template":"","meta":{"_kadence_starter_templates_imported_post":false},"product_brand":[],"product_cat":[465,206,294,203,231,254],"product_tag":[272,572,234,401],"class_list":{"0":"post-24961","1":"product","2":"type-product","3":"status-publish","4":"has-post-thumbnail","6":"product_cat-anuncios","7":"product_cat-cosmeticos-cremes-hidradantesperfumes","8":"product_cat-masculino","9":"product_cat-natura-creme-oleo-sabonete-perfume","10":"product_cat-perfumes-natura","11":"product_cat-promocoes-descontos","12":"product_tag-cosmeticos","13":"product_tag-masculino","14":"product_tag-natura","15":"product_tag-perfumes","17":"first","18":"instock","19":"sale","20":"shipping-taxable","21":"purchasable","22":"product-type-simple"},"_links":{"self":[{"href":"https:\/\/sfashionaccessories.com\/index.php?rest_route=\/wp\/v2\/product\/24961","targetHints":{"allow":["GET"]}}],"collection":[{"href":"https:\/\/sfashionaccessories.com\/index.php?rest_route=\/wp\/v2\/product"}],"about":[{"href":"https:\/\/sfashionaccessories.com\/index.php?rest_route=\/wp\/v2\/types\/product"}],"replies":[{"embeddable":true,"href":"https:\/\/sfashionaccessories.com\/index.php?rest_route=%2Fwp%2Fv2%2Fcomments&post=24961"}],"wp:featuredmedia":[{"embeddable":true,"href":"https:\/\/sfashionaccessories.com\/index.php?rest_route=\/wp\/v2\/media\/24965"}],"wp:attachment":[{"href":"https:\/\/sfashionaccessories.com\/index.php?rest_route=%2Fwp%2Fv2%2Fmedia&parent=24961"}],"wp:term":[{"taxonomy":"product_brand","embeddable":true,"href":"https:\/\/sfashionaccessories.com\/index.php?rest_route=%2Fwp%2Fv2%2Fproduct_brand&post=24961"},{"taxonomy":"product_cat","embeddable":true,"href":"https:\/\/sfashionaccessories.com\/index.php?rest_route=%2Fwp%2Fv2%2Fproduct_cat&post=24961"},{"taxonomy":"product_tag","embeddable":true,"href":"https:\/\/sfashionaccessories.com\/index.php?rest_route=%2Fwp%2Fv2%2Fproduct_tag&post=24961"}],"curies":[{"name":"wp","href":"https:\/\/api.w.org\/{rel}","templated":true}]}}