{"id":24981,"date":"2026-01-24T15:11:53","date_gmt":"2026-01-24T06:11:53","guid":{"rendered":"https:\/\/sfashionaccessories.com\/?post_type=product&#038;p=24981"},"modified":"2026-01-24T15:13:02","modified_gmt":"2026-01-24T06:13:02","slug":"kit-shampoo-e-condicionador-poderoso-goold-spell","status":"publish","type":"product","link":"https:\/\/sfashionaccessories.com\/?product=kit-shampoo-e-condicionador-poderoso-goold-spell","title":{"rendered":"Kit -Shampoo e  Condicionador poderoso- Goold Spell"},"content":{"rendered":"<div class=\"sc-bZQynM sc-dxgOiQ row sc-cqpYsc bFqjqw\">\n<div class=\"sc-bZQynM sc-dxgOiQ col-md-12 sc-bFADNz cNCGDf\">\n<div class=\"sc-dvCyap krlkbi\">\n<div>Com a nossa linha poderosa voc\u00ea ter\u00e1 os produtos certos para utilizar no dia a dia e conquistar o seu t\u00e3o sonhado cabelo maravilhoso. Agora al\u00e9m de utilizar o maravilhoso T\u00f4nico Poderoso voc\u00ea tamb\u00e9m ter\u00e1 a ajuda do shampoo e condicionador poderoso para potencializar os resultados! Nossa linha Poderosa foi desenvolvido a base de BIOEX: Associa\u00e7\u00e3o de extratos vegetais e princ\u00edpios ativos tradicionalmente utilizados na preven\u00e7\u00e3o e combate \u00e0 queda dos cabelos. Ajuda no crescimento de fios mais fortes e saud\u00e1veis. Al\u00e9m disso sua composi\u00e7\u00e3o tamb\u00e9m conta com a BIOTINA: tamb\u00e9m conhecida por vitamina H ou vitamina B7, \u00e9 uma vitamina hidrossol\u00favel essencial para o bom funcionamento do corpo, j\u00e1 que est\u00e1 relacionada com a produ\u00e7\u00e3o de glicog\u00eanio e de prote\u00ednas, sendo importante para manter a sa\u00fade da pele e dos cabelos, garantir a energia nas c\u00e9lulas e manter a produ\u00e7\u00e3o de prote\u00ednas E adicionamos tamb\u00e9m o extrato de cenoura: A cenoura \u00e9 rica em vitaminas e antioxidantes, ou seja, ajuda a repor a \u00e1gua perdida dos fios, proporciona brilho as madeixas, faz uma limpeza suave no couro cabeludo, remove as impurezas e estimula o crescimento saud\u00e1vel.<\/div>\n<\/div>\n<\/div>\n<\/div>\n<div class=\"sc-bZQynM sc-dxgOiQ row sc-cqpYsc bFqjqw\">\n<div class=\"sc-bZQynM sc-dxgOiQ col-md-12 sc-bFADNz cNCGDf\">\n<div class=\"sc-dvCyap krlkbi\"><b>Modo de Uso:<\/b>\u00a0Utilize o Shampoo e o Condicionador em todas as lavagens, aplique sobre o cabelo \u00famido e remova ap\u00f3s o tempo de a\u00e7\u00e3o.<\/p>\n<div class=\"sc-bZQynM sc-dxgOiQ row sc-cqpYsc bFqjqw\">\n<div class=\"sc-bZQynM sc-dxgOiQ col-md-12 sc-bFADNz cNCGDf\">\n<div class=\"sc-dvCyap krlkbi\">\n<div>Com a nossa linha poderosa voc\u00ea ter\u00e1 os produtos certos para utilizar no dia a dia e conquistar o seu t\u00e3o sonhado cabelo maravilhoso. Agora al\u00e9m de utilizar o maravilhoso T\u00f4nico Poderoso voc\u00ea tamb\u00e9m ter\u00e1 a ajuda do shampoo e condicionador poderoso para potencializar os resultados! Nossa linha Poderosa foi desenvolvido a base de BIOEX: Associa\u00e7\u00e3o de extratos vegetais e princ\u00edpios ativos tradicionalmente utilizados na preven\u00e7\u00e3o e combate \u00e0 queda dos cabelos. Ajuda no crescimento de fios mais fortes e saud\u00e1veis. Al\u00e9m disso sua composi\u00e7\u00e3o tamb\u00e9m conta com a BIOTINA: tamb\u00e9m conhecida por vitamina H ou vitamina B7, \u00e9 uma vitamina hidrossol\u00favel essencial para o bom funcionamento do corpo, j\u00e1 que est\u00e1 relacionada com a produ\u00e7\u00e3o de glicog\u00eanio e de prote\u00ednas, sendo importante para manter a sa\u00fade da pele e dos cabelos, garantir a energia nas c\u00e9lulas e manter a produ\u00e7\u00e3o de prote\u00ednas E adicionamos tamb\u00e9m o extrato de cenoura: A cenoura \u00e9 rica em vitaminas e antioxidantes, ou seja, ajuda a repor a \u00e1gua perdida dos fios, proporciona brilho as madeixas, faz uma limpeza suave no couro cabeludo, remove as impurezas e estimula o crescimento saud\u00e1vel.<\/div>\n<\/div>\n<\/div>\n<\/div>\n<div class=\"sc-bZQynM sc-dxgOiQ row sc-cqpYsc bFqjqw\">\n<div class=\"sc-bZQynM sc-dxgOiQ col-md-12 sc-bFADNz cNCGDf\">\n<div class=\"sc-dvCyap krlkbi\">\n<div><b>Modo de Uso:<\/b>\u00a0Utilize o Shampoo e o Condicionador em todas as lavagens, aplique sobre o cabelo \u00famido e remova ap\u00f3s o tempo de a\u00e7\u00e3o.<br \/>\nUtilize o Shampoo e o Condicionador poderoso junto ao T\u00f4nico Poderoso para alcan\u00e7ar resultados surpreendentes!<\/div>\n<\/div>\n<\/div>\n<\/div>\n<p>o junto ao T\u00f4nico Poderoso para alcan\u00e7ar resultados surpreendentes!<\/p>\n<\/div>\n<\/div>\n<\/div>\n","protected":false},"excerpt":{"rendered":"<p>Com a nossa linha poderosa voc\u00ea ter\u00e1 os produtos certos para utilizar no dia a dia e conquistar o seu t\u00e3o sonhado cabelo maravilhoso. Agora al\u00e9m de utilizar o maravilhoso T\u00f4nico Poderoso voc\u00ea tamb\u00e9m ter\u00e1 a ajuda do shampoo e condicionador poderoso para potencializar os resultados! Nossa linha Poderosa foi desenvolvido a base de BIOEX: [&hellip;]<\/p>\n","protected":false},"featured_media":24985,"comment_status":"open","ping_status":"closed","template":"","meta":{"_kadence_starter_templates_imported_post":false},"product_brand":[],"product_cat":[204,206,281],"product_tag":[476,272,285],"class_list":{"0":"post-24981","1":"product","2":"type-product","3":"status-publish","4":"has-post-thumbnail","6":"product_cat-matizador-sampoo-condicionador-hidratante","7":"product_cat-cosmeticos-cremes-hidradantesperfumes","8":"product_cat-shampoo","9":"product_tag-cabelos","10":"product_tag-cosmeticos","11":"product_tag-shampoo-e-condicionador","13":"first","14":"instock","15":"shipping-taxable","16":"purchasable","17":"product-type-simple"},"_links":{"self":[{"href":"https:\/\/sfashionaccessories.com\/index.php?rest_route=\/wp\/v2\/product\/24981","targetHints":{"allow":["GET"]}}],"collection":[{"href":"https:\/\/sfashionaccessories.com\/index.php?rest_route=\/wp\/v2\/product"}],"about":[{"href":"https:\/\/sfashionaccessories.com\/index.php?rest_route=\/wp\/v2\/types\/product"}],"replies":[{"embeddable":true,"href":"https:\/\/sfashionaccessories.com\/index.php?rest_route=%2Fwp%2Fv2%2Fcomments&post=24981"}],"wp:featuredmedia":[{"embeddable":true,"href":"https:\/\/sfashionaccessories.com\/index.php?rest_route=\/wp\/v2\/media\/24985"}],"wp:attachment":[{"href":"https:\/\/sfashionaccessories.com\/index.php?rest_route=%2Fwp%2Fv2%2Fmedia&parent=24981"}],"wp:term":[{"taxonomy":"product_brand","embeddable":true,"href":"https:\/\/sfashionaccessories.com\/index.php?rest_route=%2Fwp%2Fv2%2Fproduct_brand&post=24981"},{"taxonomy":"product_cat","embeddable":true,"href":"https:\/\/sfashionaccessories.com\/index.php?rest_route=%2Fwp%2Fv2%2Fproduct_cat&post=24981"},{"taxonomy":"product_tag","embeddable":true,"href":"https:\/\/sfashionaccessories.com\/index.php?rest_route=%2Fwp%2Fv2%2Fproduct_tag&post=24981"}],"curies":[{"name":"wp","href":"https:\/\/api.w.org\/{rel}","templated":true}]}}