{"id":24987,"date":"2026-01-24T15:23:57","date_gmt":"2026-01-24T06:23:57","guid":{"rendered":"https:\/\/sfashionaccessories.com\/?post_type=product&#038;p=24987"},"modified":"2026-01-24T15:23:57","modified_gmt":"2026-01-24T06:23:57","slug":"kit-body-splash-hidratante-corporal-poderosa-goold-spell","status":"publish","type":"product","link":"https:\/\/sfashionaccessories.com\/?product=kit-body-splash-hidratante-corporal-poderosa-goold-spell","title":{"rendered":"KIT &#8211; Body Splash + Hidratante Corporal Poderosa Goold Spell"},"content":{"rendered":"<p>A linha que celebra o cheirinho de perfume feminino da Goold. Um aroma marcante para todos os momentos. A linha Poderosa Goold \u00e9 para voc\u00ea que deseja ter um cheiro \u00fanico, exclusivo e apaixonante! Para quem j\u00e1 conhece, \u00e9 o j\u00e1 amado cheiro da ,receitinha Poderosa da Gold Spell. A essencia combina notas doces e intensas, misturando o frescor da bergamota e lim\u00e3o com a sensualidade das flores brancas como jasmim e tuberosa. No fundo, notas de cacau, fava tonka e baunilha trazem uma cremosidade envolvente, enquanto toques de madeira e caf\u00e9 oferecem profundidade e mist\u00e9rio. Modo de Uso: Lo\u00e7\u00e3o Hidratante Corporal: Com a pele seca, aplique a lo\u00e7\u00e3o hidratante nas m\u00e3os, espalhando por todas as partes do corpo. Aproveite para completar seu ritual com o body splash Poderosa Goold. Body Splash: Borrife em todo o corpo ap\u00f3s o banho ou como desejar. Reaplique sempre que sentir a necessidade de perfuma\u00e7\u00e3o e quiser prolongar o frescor p\u00f3s banho.<\/p>\n","protected":false},"excerpt":{"rendered":"<p>A linha que celebra o cheirinho de perfume feminino da Goold. Um aroma marcante para todos os momentos. A linha Poderosa Goold \u00e9 para voc\u00ea que deseja ter um cheiro \u00fanico, exclusivo e apaixonante! Para quem j\u00e1 conhece, \u00e9 o j\u00e1 amado cheiro da ,receitinha Poderosa da Gold Spell. A essencia combina notas doces e [&hellip;]<\/p>\n","protected":false},"featured_media":24989,"comment_status":"open","ping_status":"closed","template":"","meta":{"_kadence_starter_templates_imported_post":false},"product_brand":[],"product_cat":[530,713,206,322,251],"product_tag":[412,272,401],"class_list":{"0":"post-24987","1":"product","2":"type-product","3":"status-publish","4":"has-post-thumbnail","6":"product_cat-body-splash","7":"product_cat-colonia","8":"product_cat-cosmeticos-cremes-hidradantesperfumes","9":"product_cat-cremes-hidratantes-oleos","10":"product_cat-perfume-perfumes","11":"product_tag-body-splash","12":"product_tag-cosmeticos","13":"product_tag-perfumes","15":"first","16":"instock","17":"shipping-taxable","18":"purchasable","19":"product-type-simple"},"_links":{"self":[{"href":"https:\/\/sfashionaccessories.com\/index.php?rest_route=\/wp\/v2\/product\/24987","targetHints":{"allow":["GET"]}}],"collection":[{"href":"https:\/\/sfashionaccessories.com\/index.php?rest_route=\/wp\/v2\/product"}],"about":[{"href":"https:\/\/sfashionaccessories.com\/index.php?rest_route=\/wp\/v2\/types\/product"}],"replies":[{"embeddable":true,"href":"https:\/\/sfashionaccessories.com\/index.php?rest_route=%2Fwp%2Fv2%2Fcomments&post=24987"}],"wp:featuredmedia":[{"embeddable":true,"href":"https:\/\/sfashionaccessories.com\/index.php?rest_route=\/wp\/v2\/media\/24989"}],"wp:attachment":[{"href":"https:\/\/sfashionaccessories.com\/index.php?rest_route=%2Fwp%2Fv2%2Fmedia&parent=24987"}],"wp:term":[{"taxonomy":"product_brand","embeddable":true,"href":"https:\/\/sfashionaccessories.com\/index.php?rest_route=%2Fwp%2Fv2%2Fproduct_brand&post=24987"},{"taxonomy":"product_cat","embeddable":true,"href":"https:\/\/sfashionaccessories.com\/index.php?rest_route=%2Fwp%2Fv2%2Fproduct_cat&post=24987"},{"taxonomy":"product_tag","embeddable":true,"href":"https:\/\/sfashionaccessories.com\/index.php?rest_route=%2Fwp%2Fv2%2Fproduct_tag&post=24987"}],"curies":[{"name":"wp","href":"https:\/\/api.w.org\/{rel}","templated":true}]}}