{"id":24993,"date":"2026-01-25T00:01:08","date_gmt":"2026-01-24T15:01:08","guid":{"rendered":"https:\/\/sfashionaccessories.com\/?post_type=product&#038;p=24993"},"modified":"2026-01-25T20:50:08","modified_gmt":"2026-01-25T11:50:08","slug":"conjunto-quadrado-cravejado-zirconias-folheado-rodio-branco","status":"publish","type":"product","link":"https:\/\/sfashionaccessories.com\/?product=conjunto-quadrado-cravejado-zirconias-folheado-rodio-branco","title":{"rendered":"Conjunto Quadrado Cravejado Zirc\u00f4nias Folheado R\u00f3dio Branco"},"content":{"rendered":"<p>Conjunto Quadrado Cravejado Zirc\u00f4nias Folheado R\u00f3dio Branco<\/p>\n<div>\n<p>Semijoia com garantia de 1 ano no banho e desenvolvidas com tecnologia antial\u00e9rgica.<br \/>\nDimens\u00f5es Aproximadas:<\/p>\n<p>Brinco: 1,5 cm\u00a0x 1,5 cm (AxL)<br \/>\nPingente: 1,5 cm\u00a0x 1,5 cm (AxL)<br \/>\nGargantilha Veneziana: 42\u00a0cm + 5 cm de extensor<\/p>\n<\/div>\n","protected":false},"excerpt":{"rendered":"<p>Conjunto Quadrado Cravejado Zirc\u00f4nias Folheado R\u00f3dio Branco Semijoia com garantia de 1 ano no banho e desenvolvidas com tecnologia antial\u00e9rgica. Dimens\u00f5es Aproximadas: Brinco: 1,5 cm\u00a0x 1,5 cm (AxL) Pingente: 1,5 cm\u00a0x 1,5 cm (AxL) Gargantilha Veneziana: 42\u00a0cm + 5 cm de extensor<\/p>\n","protected":false},"featured_media":24996,"comment_status":"open","ping_status":"closed","template":"","meta":{"_kadence_starter_templates_imported_post":false},"product_brand":[],"product_cat":[200,369,373,600,580,727,793,209],"product_tag":[983,391,728,973],"class_list":{"0":"post-24993","1":"product","2":"type-product","3":"status-publish","4":"has-post-thumbnail","6":"product_cat-acessorios-bijuterias-semi-joias","7":"product_cat-brincos","8":"product_cat-colares","9":"product_cat-conjunto","10":"product_cat-destaques","11":"product_cat-gargantilha","12":"product_cat-presente","13":"product_cat-semi-joias","14":"product_tag-colares","15":"product_tag-conjunto","16":"product_tag-gargantilha","17":"product_tag-semijoias","19":"first","20":"instock","21":"shipping-taxable","22":"purchasable","23":"product-type-simple"},"_links":{"self":[{"href":"https:\/\/sfashionaccessories.com\/index.php?rest_route=\/wp\/v2\/product\/24993","targetHints":{"allow":["GET"]}}],"collection":[{"href":"https:\/\/sfashionaccessories.com\/index.php?rest_route=\/wp\/v2\/product"}],"about":[{"href":"https:\/\/sfashionaccessories.com\/index.php?rest_route=\/wp\/v2\/types\/product"}],"replies":[{"embeddable":true,"href":"https:\/\/sfashionaccessories.com\/index.php?rest_route=%2Fwp%2Fv2%2Fcomments&post=24993"}],"wp:featuredmedia":[{"embeddable":true,"href":"https:\/\/sfashionaccessories.com\/index.php?rest_route=\/wp\/v2\/media\/24996"}],"wp:attachment":[{"href":"https:\/\/sfashionaccessories.com\/index.php?rest_route=%2Fwp%2Fv2%2Fmedia&parent=24993"}],"wp:term":[{"taxonomy":"product_brand","embeddable":true,"href":"https:\/\/sfashionaccessories.com\/index.php?rest_route=%2Fwp%2Fv2%2Fproduct_brand&post=24993"},{"taxonomy":"product_cat","embeddable":true,"href":"https:\/\/sfashionaccessories.com\/index.php?rest_route=%2Fwp%2Fv2%2Fproduct_cat&post=24993"},{"taxonomy":"product_tag","embeddable":true,"href":"https:\/\/sfashionaccessories.com\/index.php?rest_route=%2Fwp%2Fv2%2Fproduct_tag&post=24993"}],"curies":[{"name":"wp","href":"https:\/\/api.w.org\/{rel}","templated":true}]}}