{"id":24997,"date":"2026-01-25T00:15:28","date_gmt":"2026-01-24T15:15:28","guid":{"rendered":"https:\/\/sfashionaccessories.com\/?post_type=product&#038;p=24997"},"modified":"2026-01-25T21:36:25","modified_gmt":"2026-01-25T12:36:25","slug":"conjunto-arvore-da-vida-cravejada-zirconias-folheado-ouro-18k","status":"publish","type":"product","link":"https:\/\/sfashionaccessories.com\/?product=conjunto-arvore-da-vida-cravejada-zirconias-folheado-ouro-18k","title":{"rendered":"Conjunto \u00c1rvore da Vida Cravejada Zirc\u00f4nias Folheado Ouro 18K"},"content":{"rendered":"<p>Conjunto \u00c1rvore da Vida Cravejada Zirc\u00f4nias Folheado Ouro 18K<\/p>\n<div>\n<p>Semijoia com garantia de 1 ano no banho e desenvolvidas com tecnologia antial\u00e9rgica.<br \/>\nDimens\u00f5es Aproximadas:<\/p>\n<p>Brinco: 1,1 cm\u00a0x 1,0 cm (AxL)<br \/>\nPingente: 1,1 cm\u00a0x 1,0 cm (AxL)<br \/>\nGargantilha Veneziana: 45\u00a0cm + 5 cm<\/p>\n<\/div>\n","protected":false},"excerpt":{"rendered":"<p>Conjunto \u00c1rvore da Vida Cravejada Zirc\u00f4nias Folheado Ouro 18K Semijoia com garantia de 1 ano no banho e desenvolvidas com tecnologia antial\u00e9rgica. Dimens\u00f5es Aproximadas: Brinco: 1,1 cm\u00a0x 1,0 cm (AxL) Pingente: 1,1 cm\u00a0x 1,0 cm (AxL) Gargantilha Veneziana: 45\u00a0cm + 5 cm<\/p>\n","protected":false},"featured_media":24999,"comment_status":"open","ping_status":"closed","template":"","meta":{"_kadence_starter_templates_imported_post":false},"product_brand":[],"product_cat":[200,369,373,600,293,727,758,793,209],"product_tag":[182,983,391,728,232],"class_list":{"0":"post-24997","1":"product","2":"type-product","3":"status-publish","4":"has-post-thumbnail","6":"product_cat-acessorios-bijuterias-semi-joias","7":"product_cat-brincos","8":"product_cat-colares","9":"product_cat-conjunto","10":"product_cat-feminino","11":"product_cat-gargantilha","12":"product_cat-pingente","13":"product_cat-presente","14":"product_cat-semi-joias","15":"product_tag-acessorios","16":"product_tag-colares","17":"product_tag-conjunto","18":"product_tag-gargantilha","19":"product_tag-semi-joias","21":"first","22":"instock","23":"shipping-taxable","24":"purchasable","25":"product-type-simple"},"_links":{"self":[{"href":"https:\/\/sfashionaccessories.com\/index.php?rest_route=\/wp\/v2\/product\/24997","targetHints":{"allow":["GET"]}}],"collection":[{"href":"https:\/\/sfashionaccessories.com\/index.php?rest_route=\/wp\/v2\/product"}],"about":[{"href":"https:\/\/sfashionaccessories.com\/index.php?rest_route=\/wp\/v2\/types\/product"}],"replies":[{"embeddable":true,"href":"https:\/\/sfashionaccessories.com\/index.php?rest_route=%2Fwp%2Fv2%2Fcomments&post=24997"}],"wp:featuredmedia":[{"embeddable":true,"href":"https:\/\/sfashionaccessories.com\/index.php?rest_route=\/wp\/v2\/media\/24999"}],"wp:attachment":[{"href":"https:\/\/sfashionaccessories.com\/index.php?rest_route=%2Fwp%2Fv2%2Fmedia&parent=24997"}],"wp:term":[{"taxonomy":"product_brand","embeddable":true,"href":"https:\/\/sfashionaccessories.com\/index.php?rest_route=%2Fwp%2Fv2%2Fproduct_brand&post=24997"},{"taxonomy":"product_cat","embeddable":true,"href":"https:\/\/sfashionaccessories.com\/index.php?rest_route=%2Fwp%2Fv2%2Fproduct_cat&post=24997"},{"taxonomy":"product_tag","embeddable":true,"href":"https:\/\/sfashionaccessories.com\/index.php?rest_route=%2Fwp%2Fv2%2Fproduct_tag&post=24997"}],"curies":[{"name":"wp","href":"https:\/\/api.w.org\/{rel}","templated":true}]}}