{"id":25001,"date":"2026-01-25T00:22:53","date_gmt":"2026-01-24T15:22:53","guid":{"rendered":"https:\/\/sfashionaccessories.com\/?post_type=product&#038;p=25001"},"modified":"2026-01-25T21:37:02","modified_gmt":"2026-01-25T12:37:02","slug":"pulseira-infantil-pendentes-ponto-de-luz-zirconia-folheado-ouro-18k","status":"publish","type":"product","link":"https:\/\/sfashionaccessories.com\/?product=pulseira-infantil-pendentes-ponto-de-luz-zirconia-folheado-ouro-18k","title":{"rendered":"Pulseira Infantil Pendentes Ponto de Luz Zirc\u00f4nia Folheado Ouro 18K"},"content":{"rendered":"<p>Pulseira Infantil Pendentes Ponto de Luz Zirc\u00f4nia Folheado Ouro 18K<\/p>\n<p>Semijoia com garantia de 1 ano no banho e desenvolvidas com tecnologia antial\u00e9rgica.<br \/>\nDimens\u00f5es Aproximadas:<\/p>\n<p>Pulseira: 13 cm aberta + 3 cm de extensor<br \/>\nPingente: 0,5 x 0,5 cm (AxL)<\/p>\n","protected":false},"excerpt":{"rendered":"<p>Pulseira Infantil Pendentes Ponto de Luz Zirc\u00f4nia Folheado Ouro 18K Semijoia com garantia de 1 ano no banho e desenvolvidas com tecnologia antial\u00e9rgica. Dimens\u00f5es Aproximadas: Pulseira: 13 cm aberta + 3 cm de extensor Pingente: 0,5 x 0,5 cm (AxL)<\/p>\n","protected":false},"featured_media":25002,"comment_status":"open","ping_status":"closed","template":"","meta":{"_kadence_starter_templates_imported_post":false},"product_brand":[],"product_cat":[200,373,293,372,209],"product_tag":[182,235,973],"class_list":{"0":"post-25001","1":"product","2":"type-product","3":"status-publish","4":"has-post-thumbnail","6":"product_cat-acessorios-bijuterias-semi-joias","7":"product_cat-colares","8":"product_cat-feminino","9":"product_cat-pulseiras","10":"product_cat-semi-joias","11":"product_tag-acessorios","12":"product_tag-pulseira","13":"product_tag-semijoias","15":"first","16":"instock","17":"shipping-taxable","18":"purchasable","19":"product-type-simple"},"_links":{"self":[{"href":"https:\/\/sfashionaccessories.com\/index.php?rest_route=\/wp\/v2\/product\/25001","targetHints":{"allow":["GET"]}}],"collection":[{"href":"https:\/\/sfashionaccessories.com\/index.php?rest_route=\/wp\/v2\/product"}],"about":[{"href":"https:\/\/sfashionaccessories.com\/index.php?rest_route=\/wp\/v2\/types\/product"}],"replies":[{"embeddable":true,"href":"https:\/\/sfashionaccessories.com\/index.php?rest_route=%2Fwp%2Fv2%2Fcomments&post=25001"}],"wp:featuredmedia":[{"embeddable":true,"href":"https:\/\/sfashionaccessories.com\/index.php?rest_route=\/wp\/v2\/media\/25002"}],"wp:attachment":[{"href":"https:\/\/sfashionaccessories.com\/index.php?rest_route=%2Fwp%2Fv2%2Fmedia&parent=25001"}],"wp:term":[{"taxonomy":"product_brand","embeddable":true,"href":"https:\/\/sfashionaccessories.com\/index.php?rest_route=%2Fwp%2Fv2%2Fproduct_brand&post=25001"},{"taxonomy":"product_cat","embeddable":true,"href":"https:\/\/sfashionaccessories.com\/index.php?rest_route=%2Fwp%2Fv2%2Fproduct_cat&post=25001"},{"taxonomy":"product_tag","embeddable":true,"href":"https:\/\/sfashionaccessories.com\/index.php?rest_route=%2Fwp%2Fv2%2Fproduct_tag&post=25001"}],"curies":[{"name":"wp","href":"https:\/\/api.w.org\/{rel}","templated":true}]}}