{"id":25003,"date":"2026-01-25T00:34:04","date_gmt":"2026-01-24T15:34:04","guid":{"rendered":"https:\/\/sfashionaccessories.com\/?post_type=product&#038;p=25003"},"modified":"2026-01-31T17:50:35","modified_gmt":"2026-01-31T08:50:35","slug":"creme-esfoliante-maracuja-e-goiaba","status":"publish","type":"product","link":"https:\/\/sfashionaccessories.com\/?product=creme-esfoliante-maracuja-e-goiaba","title":{"rendered":"Avon Care Creme Esfoliante Maracuj\u00e1 E Goiaba- para  p\u00e9s"},"content":{"rendered":"<p>Complete sua rotina de cuidados com um mimo para seus p\u00e9s com a cole\u00e7\u00e3o Goiaba e Maracuj\u00e1 da nossa marca Avon Care, que cuida da sua pele da cabe\u00e7a aos p\u00e9s!<br \/>\nO Creme Esfoliante para os p\u00e9s com Vitamina E, suaviza a pele seca e ajuda a reduzir a apar\u00eancia das calosidades ap\u00f3s 1 semana de uso.<\/p>\n<p>3 em 1:<br \/>\n&#8211; Suaviza a pele seca<br \/>\n&#8211; Ajuda a reduzir a apar\u00eancia das calosidades<br \/>\n&#8211; Aroma agrad\u00e1vel de Goiaba e Maracuj\u00e1<\/p>\n","protected":false},"excerpt":{"rendered":"<p>Complete sua rotina de cuidados com um mimo para seus p\u00e9s com a cole\u00e7\u00e3o Goiaba e Maracuj\u00e1 da nossa marca Avon Care, que cuida da sua pele da cabe\u00e7a aos p\u00e9s! O Creme Esfoliante para os p\u00e9s com Vitamina E, suaviza a pele seca e ajuda a reduzir a apar\u00eancia das calosidades ap\u00f3s 1 semana [&hellip;]<\/p>\n","protected":false},"featured_media":25004,"comment_status":"open","ping_status":"closed","template":"","meta":{"_kadence_starter_templates_imported_post":false},"product_brand":[],"product_cat":[548,206,223,540,293,607],"product_tag":[549,272,687,541],"class_list":{"0":"post-25003","1":"product","2":"type-product","3":"status-publish","4":"has-post-thumbnail","6":"product_cat-avon","7":"product_cat-cosmeticos-cremes-hidradantesperfumes","8":"product_cat-cremes-para-maos-e-pes","9":"product_cat-esfoliante","10":"product_cat-feminino","11":"product_cat-hidratantes-cremes-avon","12":"product_tag-avon","13":"product_tag-cosmeticos","14":"product_tag-creme-para-os-pes","15":"product_tag-esfoliante","17":"first","18":"instock","19":"shipping-taxable","20":"purchasable","21":"product-type-simple"},"_links":{"self":[{"href":"https:\/\/sfashionaccessories.com\/index.php?rest_route=\/wp\/v2\/product\/25003","targetHints":{"allow":["GET"]}}],"collection":[{"href":"https:\/\/sfashionaccessories.com\/index.php?rest_route=\/wp\/v2\/product"}],"about":[{"href":"https:\/\/sfashionaccessories.com\/index.php?rest_route=\/wp\/v2\/types\/product"}],"replies":[{"embeddable":true,"href":"https:\/\/sfashionaccessories.com\/index.php?rest_route=%2Fwp%2Fv2%2Fcomments&post=25003"}],"wp:featuredmedia":[{"embeddable":true,"href":"https:\/\/sfashionaccessories.com\/index.php?rest_route=\/wp\/v2\/media\/25004"}],"wp:attachment":[{"href":"https:\/\/sfashionaccessories.com\/index.php?rest_route=%2Fwp%2Fv2%2Fmedia&parent=25003"}],"wp:term":[{"taxonomy":"product_brand","embeddable":true,"href":"https:\/\/sfashionaccessories.com\/index.php?rest_route=%2Fwp%2Fv2%2Fproduct_brand&post=25003"},{"taxonomy":"product_cat","embeddable":true,"href":"https:\/\/sfashionaccessories.com\/index.php?rest_route=%2Fwp%2Fv2%2Fproduct_cat&post=25003"},{"taxonomy":"product_tag","embeddable":true,"href":"https:\/\/sfashionaccessories.com\/index.php?rest_route=%2Fwp%2Fv2%2Fproduct_tag&post=25003"}],"curies":[{"name":"wp","href":"https:\/\/api.w.org\/{rel}","templated":true}]}}