{"id":25013,"date":"2026-01-25T19:42:59","date_gmt":"2026-01-25T10:42:59","guid":{"rendered":"https:\/\/sfashionaccessories.com\/?post_type=product&#038;p=25013"},"modified":"2026-04-18T14:39:29","modified_gmt":"2026-04-18T05:39:29","slug":"avon-care-luvas-de-silicone-macadamia-creme-protetor-para-maos","status":"publish","type":"product","link":"https:\/\/sfashionaccessories.com\/?product=avon-care-luvas-de-silicone-macadamia-creme-protetor-para-maos","title":{"rendered":"AVON CARE LUVAS DE SILICONE MACAD\u00c2MIA CREME PROTETOR PARA M\u00c3OS"},"content":{"rendered":"<p>Luvas de Silicone de Avon Care cria uma camada invis\u00edvel que protege as m\u00e3os do ressecamento causado pelo uso de detergente, sab\u00e3o e outros agentes agressores. Possui fragr\u00e2ncia de Macad\u00e2mia e deixa as m\u00e3os perfumadas e com sensa\u00e7\u00e3o de macias. Sua f\u00f3rmula de r\u00e1pida absor\u00e7\u00e3o hidrata a pele por 24h sem deixar sensa\u00e7\u00e3o pegajosa. Dermatologicamente testado. Com propriedade desodorante.<\/p>\n","protected":false},"excerpt":{"rendered":"<p>Luvas de Silicone de Avon Care cria uma camada invis\u00edvel que protege as m\u00e3os do ressecamento causado pelo uso de detergente, sab\u00e3o e outros agentes agressores. Possui fragr\u00e2ncia de Macad\u00e2mia e deixa as m\u00e3os perfumadas e com sensa\u00e7\u00e3o de macias. Sua f\u00f3rmula de r\u00e1pida absor\u00e7\u00e3o hidrata a pele por 24h sem deixar sensa\u00e7\u00e3o pegajosa. Dermatologicamente [&hellip;]<\/p>\n","protected":false},"featured_media":25018,"comment_status":"open","ping_status":"closed","template":"","meta":{"_kadence_starter_templates_imported_post":false},"product_brand":[],"product_cat":[465,548,206,223,322,607],"product_tag":[549,272,195,570],"class_list":{"0":"post-25013","1":"product","2":"type-product","3":"status-publish","4":"has-post-thumbnail","6":"product_cat-anuncios","7":"product_cat-avon","8":"product_cat-cosmeticos-cremes-hidradantesperfumes","9":"product_cat-cremes-para-maos-e-pes","10":"product_cat-cremes-hidratantes-oleos","11":"product_cat-hidratantes-cremes-avon","12":"product_tag-avon","13":"product_tag-cosmeticos","14":"product_tag-creme-hidratante","15":"product_tag-creme-para-as-maos","17":"first","18":"instock","19":"shipping-taxable","20":"purchasable","21":"product-type-simple"},"_links":{"self":[{"href":"https:\/\/sfashionaccessories.com\/index.php?rest_route=\/wp\/v2\/product\/25013","targetHints":{"allow":["GET"]}}],"collection":[{"href":"https:\/\/sfashionaccessories.com\/index.php?rest_route=\/wp\/v2\/product"}],"about":[{"href":"https:\/\/sfashionaccessories.com\/index.php?rest_route=\/wp\/v2\/types\/product"}],"replies":[{"embeddable":true,"href":"https:\/\/sfashionaccessories.com\/index.php?rest_route=%2Fwp%2Fv2%2Fcomments&post=25013"}],"wp:featuredmedia":[{"embeddable":true,"href":"https:\/\/sfashionaccessories.com\/index.php?rest_route=\/wp\/v2\/media\/25018"}],"wp:attachment":[{"href":"https:\/\/sfashionaccessories.com\/index.php?rest_route=%2Fwp%2Fv2%2Fmedia&parent=25013"}],"wp:term":[{"taxonomy":"product_brand","embeddable":true,"href":"https:\/\/sfashionaccessories.com\/index.php?rest_route=%2Fwp%2Fv2%2Fproduct_brand&post=25013"},{"taxonomy":"product_cat","embeddable":true,"href":"https:\/\/sfashionaccessories.com\/index.php?rest_route=%2Fwp%2Fv2%2Fproduct_cat&post=25013"},{"taxonomy":"product_tag","embeddable":true,"href":"https:\/\/sfashionaccessories.com\/index.php?rest_route=%2Fwp%2Fv2%2Fproduct_tag&post=25013"}],"curies":[{"name":"wp","href":"https:\/\/api.w.org\/{rel}","templated":true}]}}