{"id":25043,"date":"2026-03-13T17:25:51","date_gmt":"2026-03-13T08:25:51","guid":{"rendered":"https:\/\/sfashionaccessories.com\/?post_type=product&#038;p=25043"},"modified":"2026-03-14T15:39:07","modified_gmt":"2026-03-14T06:39:07","slug":"calca-montaria-cintura-alta-confortavel-e-estilosa-pitbull-jeans","status":"publish","type":"product","link":"https:\/\/sfashionaccessories.com\/?product=calca-montaria-cintura-alta-confortavel-e-estilosa-pitbull-jeans","title":{"rendered":"Cal\u00e7a Montaria  Cintura Alta Confort\u00e1vel e Estilosa Pitbull Jeans"},"content":{"rendered":"<p data-prosemirror-content-type=\"node\" data-prosemirror-node-name=\"paragraph\" data-prosemirror-node-block=\"true\" data-pm-slice=\"1 1 []\">Com proposta atemporal e acabamento t\u00e9cnico, esta cal\u00e7a montaria foi criada para oferecer ajuste impec\u00e1vel com visual sofisticado. Confeccionada em tecido estruturado de toque suave, a pe\u00e7a possui alta elasticidade e modelagem que valoriza a silhueta com conforto. A cintura alta garante firmeza ao vestir, enquanto os passantes com refor\u00e7o e bolsos traseiros estruturados completam a pe\u00e7a com funcionalidade e durabilidade. Ideal para composi\u00e7\u00f5es elegantes do dia \u00e0 noite, com equil\u00edbrio entre estilo e praticidade.<\/p>\n<p data-prosemirror-content-type=\"node\" data-prosemirror-node-name=\"paragraph\" data-prosemirror-node-block=\"true\"><strong data-prosemirror-content-type=\"mark\" data-prosemirror-mark-name=\"strong\">DETALHES:<\/strong><\/p>\n<p data-prosemirror-content-type=\"node\" data-prosemirror-node-name=\"paragraph\" data-prosemirror-node-block=\"true\"><strong data-prosemirror-content-type=\"mark\" data-prosemirror-mark-name=\"strong\">\u2013 Composi\u00e7\u00e3o do produto:<\/strong><\/p>\n<ul class=\"ak-ul\" data-prosemirror-content-type=\"node\" data-prosemirror-node-name=\"bulletList\" data-prosemirror-node-block=\"true\">\n<li data-prosemirror-content-type=\"node\" data-prosemirror-node-name=\"listItem\" data-prosemirror-node-block=\"true\">\n<p data-prosemirror-content-type=\"node\" data-prosemirror-node-name=\"paragraph\" data-prosemirror-node-block=\"true\">79% Viscose, 18% Poliamida, 3% Elastano<\/p>\n<\/li>\n<li data-prosemirror-content-type=\"node\" data-prosemirror-node-name=\"listItem\" data-prosemirror-node-block=\"true\">\n<p data-prosemirror-content-type=\"node\" data-prosemirror-node-name=\"paragraph\" data-prosemirror-node-block=\"true\">Forro: 100% Poli\u00e9ster<\/p>\n<\/li>\n<\/ul>\n<p data-prosemirror-content-type=\"node\" data-prosemirror-node-name=\"paragraph\" data-prosemirror-node-block=\"true\"><strong data-prosemirror-content-type=\"mark\" data-prosemirror-mark-name=\"strong\">\u2013 Tecido estruturado com toque macio:<\/strong>\u00a0conforto aliado \u00e0 eleg\u00e2ncia<\/p>\n<p data-prosemirror-content-type=\"node\" data-prosemirror-node-name=\"paragraph\" data-prosemirror-node-block=\"true\"><strong data-prosemirror-content-type=\"mark\" data-prosemirror-mark-name=\"strong\">\u2013 Cintura alta com c\u00f3s anat\u00f4mico:<\/strong>\u00a0modelagem que valoriza a silhueta<\/p>\n<p data-prosemirror-content-type=\"node\" data-prosemirror-node-name=\"paragraph\" data-prosemirror-node-block=\"true\"><strong data-prosemirror-content-type=\"mark\" data-prosemirror-mark-name=\"strong\">\u2013 Passantes refor\u00e7ados com 5,5 cm de altura:<\/strong>\u00a0resist\u00eancia e funcionalidade<\/p>\n<p data-prosemirror-content-type=\"node\" data-prosemirror-node-name=\"paragraph\" data-prosemirror-node-block=\"true\"><strong data-prosemirror-content-type=\"mark\" data-prosemirror-mark-name=\"strong\">\u2013 Bolsos traseiros com refor\u00e7o interno:<\/strong>\u00a0durabilidade com acabamento t\u00e9cnico<\/p>\n<p data-prosemirror-content-type=\"node\" data-prosemirror-node-name=\"paragraph\" data-prosemirror-node-block=\"true\"><strong data-prosemirror-content-type=\"mark\" data-prosemirror-mark-name=\"strong\">\u2013 Z\u00edper de braguilha em cor ouro:<\/strong>\u00a0praticidade com sofistica\u00e7\u00e3o<\/p>\n<p data-prosemirror-content-type=\"node\" data-prosemirror-node-name=\"paragraph\" data-prosemirror-node-block=\"true\"><strong data-prosemirror-content-type=\"mark\" data-prosemirror-mark-name=\"strong\">\u2013 Cor dispon\u00edvel:<\/strong>\u00a0Caqui<\/p>\n<p data-prosemirror-content-type=\"node\" data-prosemirror-node-name=\"paragraph\" data-prosemirror-node-block=\"true\">\n","protected":false},"excerpt":{"rendered":"<p>Com proposta atemporal e acabamento t\u00e9cnico, esta cal\u00e7a montaria foi criada para oferecer ajuste impec\u00e1vel com visual sofisticado. Confeccionada em tecido estruturado de toque suave, a pe\u00e7a possui alta elasticidade e modelagem que valoriza a silhueta com conforto. A cintura alta garante firmeza ao vestir, enquanto os passantes com refor\u00e7o e bolsos traseiros estruturados completam [&hellip;]<\/p>\n","protected":false},"featured_media":25053,"comment_status":"open","ping_status":"closed","template":"","meta":{"_kadence_starter_templates_imported_post":false},"product_brand":[],"product_cat":[465,508,293,501,28],"product_tag":[242,470,188,1074,243],"class_list":{"0":"post-25043","1":"product","2":"type-product","3":"status-publish","4":"has-post-thumbnail","6":"product_cat-anuncios","7":"product_cat-calcas-femininas","8":"product_cat-feminino","9":"product_cat-medidas-calcas-e-shorts-feminino-pitbull","10":"product_cat-pit-bull","11":"product_tag-calcas-femininas","12":"product_tag-calcas-jeans","13":"product_tag-moda-feminina","14":"product_tag-pit-bull","15":"product_tag-pitbull","17":"first","18":"instock","19":"sale","20":"shipping-taxable","21":"purchasable","22":"product-type-variable"},"_links":{"self":[{"href":"https:\/\/sfashionaccessories.com\/index.php?rest_route=\/wp\/v2\/product\/25043","targetHints":{"allow":["GET"]}}],"collection":[{"href":"https:\/\/sfashionaccessories.com\/index.php?rest_route=\/wp\/v2\/product"}],"about":[{"href":"https:\/\/sfashionaccessories.com\/index.php?rest_route=\/wp\/v2\/types\/product"}],"replies":[{"embeddable":true,"href":"https:\/\/sfashionaccessories.com\/index.php?rest_route=%2Fwp%2Fv2%2Fcomments&post=25043"}],"wp:featuredmedia":[{"embeddable":true,"href":"https:\/\/sfashionaccessories.com\/index.php?rest_route=\/wp\/v2\/media\/25053"}],"wp:attachment":[{"href":"https:\/\/sfashionaccessories.com\/index.php?rest_route=%2Fwp%2Fv2%2Fmedia&parent=25043"}],"wp:term":[{"taxonomy":"product_brand","embeddable":true,"href":"https:\/\/sfashionaccessories.com\/index.php?rest_route=%2Fwp%2Fv2%2Fproduct_brand&post=25043"},{"taxonomy":"product_cat","embeddable":true,"href":"https:\/\/sfashionaccessories.com\/index.php?rest_route=%2Fwp%2Fv2%2Fproduct_cat&post=25043"},{"taxonomy":"product_tag","embeddable":true,"href":"https:\/\/sfashionaccessories.com\/index.php?rest_route=%2Fwp%2Fv2%2Fproduct_tag&post=25043"}],"curies":[{"name":"wp","href":"https:\/\/api.w.org\/{rel}","templated":true}]}}