{"id":25068,"date":"2026-01-29T12:20:33","date_gmt":"2026-01-29T03:20:33","guid":{"rendered":"https:\/\/sfashionaccessories.com\/?post_type=product&#038;p=25068"},"modified":"2026-04-09T12:54:44","modified_gmt":"2026-04-09T03:54:44","slug":"sabonete-em-barra-cremoso-puro-vegetal-ekos-castanha-2-unidadesnatura","status":"publish","type":"product","link":"https:\/\/sfashionaccessories.com\/?product=sabonete-em-barra-cremoso-puro-vegetal-ekos-castanha-2-unidadesnatura","title":{"rendered":"Sabonete em Barra Cremoso Puro Vegetal Ekos Castanha (2 unidades)Natura"},"content":{"rendered":"<div class=\"relative flex\">\n<div class=\"flex gap-2 items-center\"><span class=\"text-sm font-bold\">pele limpa e perfumada com fragr\u00e2ncia inconfund\u00edvel da castanha.<\/span><\/div>\n<\/div>\n<div class=\"relative flex\">\n<div class=\"flex gap-2 items-center\">\n<p><strong>\u2022<\/strong>\u00a0sabonete cremoso que\u00a0<strong>limpa sem ressecar<\/strong><\/p>\n<p><strong>\u2022 perfuma<\/strong>\u00a0o corpo com a cl\u00e1ssica fragr\u00e2ncia de Ekos Castanha<\/p>\n<p><strong>\u2022<\/strong>\u00a0sabonete vegano que\u00a0<strong>mant\u00e9m a hidrata\u00e7\u00e3o<\/strong>\u00a0natural da pele<\/p>\n<p><strong>\u2022<\/strong>\u00a0feito com\u00a0<strong>\u00f3leo bruto de castanha<\/strong>, rico em \u00f4megas 6 e 9<\/p>\n<p><strong>\u2022<\/strong>\u00a0a linha Ekos Castanha contribui para a regenera\u00e7\u00e3o da Amaz\u00f4nia e ajuda a\u00a0<strong>fortalecer a renda de 689 fam\u00edlias<\/strong>\u00a0guardi\u00e3s da floresta ligadas \u00e0 colheita sustent\u00e1vel.<\/p>\n<p>&nbsp;<\/p>\n<p><strong>cont\u00e9m<\/strong><\/p>\n<p>1 caixa com 2 sabonetes em barra cremosos de 100 gramas.<\/p>\n<\/div>\n<\/div>\n","protected":false},"excerpt":{"rendered":"<p>pele limpa e perfumada com fragr\u00e2ncia inconfund\u00edvel da castanha. \u2022\u00a0sabonete cremoso que\u00a0limpa sem ressecar \u2022 perfuma\u00a0o corpo com a cl\u00e1ssica fragr\u00e2ncia de Ekos Castanha \u2022\u00a0sabonete vegano que\u00a0mant\u00e9m a hidrata\u00e7\u00e3o\u00a0natural da pele \u2022\u00a0feito com\u00a0\u00f3leo bruto de castanha, rico em \u00f4megas 6 e 9 \u2022\u00a0a linha Ekos Castanha contribui para a regenera\u00e7\u00e3o da Amaz\u00f4nia e ajuda a\u00a0fortalecer [&hellip;]<\/p>\n","protected":false},"featured_media":25071,"comment_status":"open","ping_status":"closed","template":"","meta":{"_kadence_starter_templates_imported_post":false},"product_brand":[],"product_cat":[465,206,322,580,203,228],"product_tag":[272,329,234,191,332],"class_list":{"0":"post-25068","1":"product","2":"type-product","3":"status-publish","4":"has-post-thumbnail","6":"product_cat-anuncios","7":"product_cat-cosmeticos-cremes-hidradantesperfumes","8":"product_cat-cremes-hidratantes-oleos","9":"product_cat-destaques","10":"product_cat-natura-creme-oleo-sabonete-perfume","11":"product_cat-sabonete-sabonete-liquido-natura","12":"product_tag-cosmeticos","13":"product_tag-ekos","14":"product_tag-natura","15":"product_tag-sabonete","16":"product_tag-sabonetes","18":"first","19":"instock","20":"shipping-taxable","21":"purchasable","22":"product-type-simple"},"_links":{"self":[{"href":"https:\/\/sfashionaccessories.com\/index.php?rest_route=\/wp\/v2\/product\/25068","targetHints":{"allow":["GET"]}}],"collection":[{"href":"https:\/\/sfashionaccessories.com\/index.php?rest_route=\/wp\/v2\/product"}],"about":[{"href":"https:\/\/sfashionaccessories.com\/index.php?rest_route=\/wp\/v2\/types\/product"}],"replies":[{"embeddable":true,"href":"https:\/\/sfashionaccessories.com\/index.php?rest_route=%2Fwp%2Fv2%2Fcomments&post=25068"}],"wp:featuredmedia":[{"embeddable":true,"href":"https:\/\/sfashionaccessories.com\/index.php?rest_route=\/wp\/v2\/media\/25071"}],"wp:attachment":[{"href":"https:\/\/sfashionaccessories.com\/index.php?rest_route=%2Fwp%2Fv2%2Fmedia&parent=25068"}],"wp:term":[{"taxonomy":"product_brand","embeddable":true,"href":"https:\/\/sfashionaccessories.com\/index.php?rest_route=%2Fwp%2Fv2%2Fproduct_brand&post=25068"},{"taxonomy":"product_cat","embeddable":true,"href":"https:\/\/sfashionaccessories.com\/index.php?rest_route=%2Fwp%2Fv2%2Fproduct_cat&post=25068"},{"taxonomy":"product_tag","embeddable":true,"href":"https:\/\/sfashionaccessories.com\/index.php?rest_route=%2Fwp%2Fv2%2Fproduct_tag&post=25068"}],"curies":[{"name":"wp","href":"https:\/\/api.w.org\/{rel}","templated":true}]}}