{"id":25101,"date":"2026-02-13T09:51:17","date_gmt":"2026-02-13T00:51:17","guid":{"rendered":"https:\/\/sfashionaccessories.com\/?post_type=product&#038;p=25101"},"modified":"2026-02-13T12:24:45","modified_gmt":"2026-02-13T03:24:45","slug":"moleca-5287-210-12812-sapatilha-preto-veludo","status":"publish","type":"product","link":"https:\/\/sfashionaccessories.com\/?product=moleca-5287-210-12812-sapatilha-preto-veludo","title":{"rendered":"Moleca 5287.210-12812 Sapatilha Preto &#8211; Veludo"},"content":{"rendered":"<p>tudo a ver com a moda urbana que toma conta das ruas do Brasil e do mundo! Ao combinar conforto e estilo, a marca esbanja versatilidade para todos os momentos ? e surpreende com modelos em dia com as tend\u00eancias mais quentes!<\/p>\n<p>A Sapatilha Feminina Moleca \u00e9 linda! Confeccionada em material sint\u00e9tico Veludo , seu material interno em material sint\u00e9tico, palmilha em material sint\u00e9tico e solado em pvc, com detalhe de cora\u00e7ao dourado em sua lateral tranzendo um charme ao cal\u00e7ado. Um modelo pr\u00e1tico e vers\u00e1til que pode ser usado no dia a dia com vestido, saias e shorts em diversas ocasi\u00f5es.<\/p>\n","protected":false},"excerpt":{"rendered":"<p>tudo a ver com a moda urbana que toma conta das ruas do Brasil e do mundo! Ao combinar conforto e estilo, a marca esbanja versatilidade para todos os momentos ? e surpreende com modelos em dia com as tend\u00eancias mais quentes! A Sapatilha Feminina Moleca \u00e9 linda! Confeccionada em material sint\u00e9tico Veludo , seu [&hellip;]<\/p>\n","protected":false},"featured_media":25172,"comment_status":"open","ping_status":"closed","template":"","meta":{"_kadence_starter_templates_imported_post":false},"product_brand":[],"product_cat":[465,46,580,293,669],"product_tag":[311,438,1031],"class_list":{"0":"post-25101","1":"product","2":"type-product","3":"status-publish","4":"has-post-thumbnail","6":"product_cat-anuncios","7":"product_cat-calcados","8":"product_cat-destaques","9":"product_cat-feminino","10":"product_cat-moleca","11":"product_tag-calcados","12":"product_tag-moleca","13":"product_tag-sapatos","15":"first","16":"instock","17":"sale","18":"shipping-taxable","19":"purchasable","20":"product-type-variable"},"_links":{"self":[{"href":"https:\/\/sfashionaccessories.com\/index.php?rest_route=\/wp\/v2\/product\/25101","targetHints":{"allow":["GET"]}}],"collection":[{"href":"https:\/\/sfashionaccessories.com\/index.php?rest_route=\/wp\/v2\/product"}],"about":[{"href":"https:\/\/sfashionaccessories.com\/index.php?rest_route=\/wp\/v2\/types\/product"}],"replies":[{"embeddable":true,"href":"https:\/\/sfashionaccessories.com\/index.php?rest_route=%2Fwp%2Fv2%2Fcomments&post=25101"}],"wp:featuredmedia":[{"embeddable":true,"href":"https:\/\/sfashionaccessories.com\/index.php?rest_route=\/wp\/v2\/media\/25172"}],"wp:attachment":[{"href":"https:\/\/sfashionaccessories.com\/index.php?rest_route=%2Fwp%2Fv2%2Fmedia&parent=25101"}],"wp:term":[{"taxonomy":"product_brand","embeddable":true,"href":"https:\/\/sfashionaccessories.com\/index.php?rest_route=%2Fwp%2Fv2%2Fproduct_brand&post=25101"},{"taxonomy":"product_cat","embeddable":true,"href":"https:\/\/sfashionaccessories.com\/index.php?rest_route=%2Fwp%2Fv2%2Fproduct_cat&post=25101"},{"taxonomy":"product_tag","embeddable":true,"href":"https:\/\/sfashionaccessories.com\/index.php?rest_route=%2Fwp%2Fv2%2Fproduct_tag&post=25101"}],"curies":[{"name":"wp","href":"https:\/\/api.w.org\/{rel}","templated":true}]}}