{"id":25123,"date":"2026-02-05T15:43:14","date_gmt":"2026-02-05T06:43:14","guid":{"rendered":"https:\/\/sfashionaccessories.com\/?post_type=product&#038;p=25123"},"modified":"2026-04-04T18:19:20","modified_gmt":"2026-04-04T09:19:20","slug":"creme-hidratante-para-as-maos-ekos-castanha-40-gramas-natura","status":"publish","type":"product","link":"https:\/\/sfashionaccessories.com\/?product=creme-hidratante-para-as-maos-ekos-castanha-40-gramas-natura","title":{"rendered":"Creme Hidratante para as M\u00e3os-Ekos Castanha- 40 gramas\/Natura"},"content":{"rendered":"<p class=\"text-xl font-medium\" tabindex=\"0\">castanha \u00e9 pot\u00eancia da Amaz\u00f4nia<\/p>\n<p tabindex=\"0\">Natura Ekos traz o \u00f3leo bruto de castanha, rico em \u00f4megas 6 e 9, que combate os sinais intensos de ressecamento. essa linha nutre e melhora a textura da pele desde a primeira aplica\u00e7\u00e3o.<\/p>\n<div class=\"relative flex\">\n<div class=\"flex gap-2 items-center\"><span class=\"text-sm font-bold\">48 horas de hidrata\u00e7\u00e3o para as m\u00e3os e unhas com a pot\u00eancia antirressecamento da castanha.<\/span><\/div>\n<\/div>\n<div class=\"relative flex\">\n<div class=\"flex gap-2 items-center\">\n<p><strong>\u2022<\/strong>\u00a0seu hidratante favorito mudou, mas continua com textura e fragr\u00e2ncia deliciosas<\/p>\n<p><strong>\u2022<\/strong> creme de m\u00e3os ekos castanha 40gramas, feito com <strong>\u00f3leo bruto de castanha<\/strong>, rico em \u00f4megas 6 e 9<\/p>\n<p><strong>\u2022<\/strong>\u00a0promove nutri\u00e7\u00e3o intensa<\/p>\n<p><strong>\u2022<\/strong>\u00a0combate os sinais do ressecamento<\/p>\n<p><strong>\u2022<\/strong>\u00a0hidrata imediatamente<\/p>\n<p><strong>\u2022<\/strong>\u00a0ajuda a potencializar o\u00a0<strong>brilho das unhas<\/strong><\/p>\n<p><strong>\u2022<\/strong>\u00a0textura cremosa de\u00a0<strong>r\u00e1pida absor\u00e7\u00e3o<\/strong><\/p>\n<\/div>\n<p>&nbsp;<\/p>\n<\/div>\n","protected":false},"excerpt":{"rendered":"<p>castanha \u00e9 pot\u00eancia da Amaz\u00f4nia Natura Ekos traz o \u00f3leo bruto de castanha, rico em \u00f4megas 6 e 9, que combate os sinais intensos de ressecamento. essa linha nutre e melhora a textura da pele desde a primeira aplica\u00e7\u00e3o. 48 horas de hidrata\u00e7\u00e3o para as m\u00e3os e unhas com a pot\u00eancia antirressecamento da castanha. \u2022\u00a0seu [&hellip;]<\/p>\n","protected":false},"featured_media":25625,"comment_status":"open","ping_status":"closed","template":"","meta":{"_kadence_starter_templates_imported_post":false},"product_brand":[],"product_cat":[465,206,223,214,203],"product_tag":[272,195,570,234],"class_list":{"0":"post-25123","1":"product","2":"type-product","3":"status-publish","4":"has-post-thumbnail","6":"product_cat-anuncios","7":"product_cat-cosmeticos-cremes-hidradantesperfumes","8":"product_cat-cremes-para-maos-e-pes","9":"product_cat-hidratantes-cremes-corporal","10":"product_cat-natura-creme-oleo-sabonete-perfume","11":"product_tag-cosmeticos","12":"product_tag-creme-hidratante","13":"product_tag-creme-para-as-maos","14":"product_tag-natura","16":"first","17":"instock","18":"shipping-taxable","19":"purchasable","20":"product-type-simple"},"_links":{"self":[{"href":"https:\/\/sfashionaccessories.com\/index.php?rest_route=\/wp\/v2\/product\/25123","targetHints":{"allow":["GET"]}}],"collection":[{"href":"https:\/\/sfashionaccessories.com\/index.php?rest_route=\/wp\/v2\/product"}],"about":[{"href":"https:\/\/sfashionaccessories.com\/index.php?rest_route=\/wp\/v2\/types\/product"}],"replies":[{"embeddable":true,"href":"https:\/\/sfashionaccessories.com\/index.php?rest_route=%2Fwp%2Fv2%2Fcomments&post=25123"}],"wp:featuredmedia":[{"embeddable":true,"href":"https:\/\/sfashionaccessories.com\/index.php?rest_route=\/wp\/v2\/media\/25625"}],"wp:attachment":[{"href":"https:\/\/sfashionaccessories.com\/index.php?rest_route=%2Fwp%2Fv2%2Fmedia&parent=25123"}],"wp:term":[{"taxonomy":"product_brand","embeddable":true,"href":"https:\/\/sfashionaccessories.com\/index.php?rest_route=%2Fwp%2Fv2%2Fproduct_brand&post=25123"},{"taxonomy":"product_cat","embeddable":true,"href":"https:\/\/sfashionaccessories.com\/index.php?rest_route=%2Fwp%2Fv2%2Fproduct_cat&post=25123"},{"taxonomy":"product_tag","embeddable":true,"href":"https:\/\/sfashionaccessories.com\/index.php?rest_route=%2Fwp%2Fv2%2Fproduct_tag&post=25123"}],"curies":[{"name":"wp","href":"https:\/\/api.w.org\/{rel}","templated":true}]}}