{"id":25128,"date":"2026-02-05T17:05:35","date_gmt":"2026-02-05T08:05:35","guid":{"rendered":"https:\/\/sfashionaccessories.com\/?post_type=product&#038;p=25128"},"modified":"2026-04-09T13:03:52","modified_gmt":"2026-04-09T04:03:52","slug":"ekos-cacau-creme-hidratante-para-as-maos-40-gramas-natura","status":"publish","type":"product","link":"https:\/\/sfashionaccessories.com\/?product=ekos-cacau-creme-hidratante-para-as-maos-40-gramas-natura","title":{"rendered":"Ekos Cacau Creme Hidratante para as m\u00e3os 40 gramas- Natura"},"content":{"rendered":"<ul class=\"KsbFXc U6u95\" data-complete=\"true\" data-processed=\"true\">\n<li data-hveid=\"CAUQAA\" data-complete=\"true\" data-sae=\"\"><span class=\"T286Pc\" data-sfc-cp=\"\" data-complete=\"true\"><strong class=\"Yjhzub\" data-complete=\"true\"><span dir=\"auto\">Hidrata\u00e7\u00e3o Prolongada:<\/span><\/strong><span dir=\"auto\">\u00a0Mant\u00e9m as m\u00e3os hidratadas por at\u00e9 48 horas.<\/span><\/span><\/li>\n<li data-hveid=\"CAUQAQ\" data-complete=\"true\" data-sae=\"\"><span class=\"T286Pc\" data-sfc-cp=\"\" data-complete=\"true\"><strong class=\"Yjhzub\" data-complete=\"true\"><span dir=\"auto\">Fortalecimento:<\/span><\/strong><span dir=\"auto\">\u00a0Al\u00e9m da pele, auxilia no fortalecimento das unhas.<\/span><\/span><\/li>\n<li data-hveid=\"CAUQAw\" data-complete=\"true\" data-sae=\"\"><span class=\"T286Pc\" data-sfc-cp=\"\" data-complete=\"true\"><strong class=\"Yjhzub\" data-complete=\"true\"><span dir=\"auto\">F\u00f3rmula Vegana:<\/span><\/strong><span dir=\"auto\">\u00a0Produto 100% vegano e biocompat\u00edvel com a pele.<\/span><\/span><\/li>\n<li data-hveid=\"CAcQAQ\" data-complete=\"true\" data-sae=\"\"><span class=\"T286Pc\" data-sfc-cp=\"\" data-complete=\"true\"><strong class=\"Yjhzub\" data-complete=\"true\"><span dir=\"auto\">Embalagem Ecol\u00f3gica:<\/span><\/strong><span dir=\"auto\">\u00a0Tubo feito de alum\u00ednio 100% reciclado.<\/span><\/span><\/li>\n<li data-hveid=\"CAcQAg\" data-complete=\"true\" data-sae=\"\"><span class=\"T286Pc\" data-sfc-cp=\"\" data-complete=\"true\"><strong class=\"Yjhzub\" data-complete=\"true\"><span dir=\"auto\">Ingredientes Ativos:<\/span><\/strong><span dir=\"auto\">\u00a0Cont\u00e9m manteiga bruta de cacau, rica em antioxidantes que protegem contra danos\u00a0<\/span><span dir=\"auto\"><span dir=\"auto\" aria-owns=\"action-menu-parent-container\">externos e evita sinais de envelhecimento precoce.\u00a0<\/span><\/span><\/span><\/li>\n<li data-hveid=\"CAUQAw\" data-complete=\"true\" data-sae=\"\"><span class=\"T286Pc\" data-sfc-cp=\"\" data-complete=\"true\"><strong class=\"Yjhzub\" data-complete=\"true\"><span dir=\"auto\"><span dir=\"auto\">Fragr\u00e2ncia:<\/span><\/span><\/strong><span dir=\"auto\"><span dir=\"auto\" aria-owns=\"action-menu-parent-container\">\u00a0Possui notas c\u00edtricas adocicadas com um toque cremoso e refrescante<\/span><\/span><\/span><\/li>\n<li data-hveid=\"CAcQAg\" data-complete=\"true\" data-sae=\"\"><\/li>\n<\/ul>\n","protected":false},"excerpt":{"rendered":"<p>Hidrata\u00e7\u00e3o Prolongada:\u00a0Mant\u00e9m as m\u00e3os hidratadas por at\u00e9 48 horas. Fortalecimento:\u00a0Al\u00e9m da pele, auxilia no fortalecimento das unhas. F\u00f3rmula Vegana:\u00a0Produto 100% vegano e biocompat\u00edvel com a pele. Embalagem Ecol\u00f3gica:\u00a0Tubo feito de alum\u00ednio 100% reciclado. Ingredientes Ativos:\u00a0Cont\u00e9m manteiga bruta de cacau, rica em antioxidantes que protegem contra danos\u00a0externos e evita sinais de envelhecimento precoce.\u00a0 Fragr\u00e2ncia:\u00a0Possui notas c\u00edtricas [&hellip;]<\/p>\n","protected":false},"featured_media":25134,"comment_status":"open","ping_status":"closed","template":"","meta":{"_kadence_starter_templates_imported_post":false},"product_brand":[],"product_cat":[465,223,322,214,203],"product_tag":[272,570,329,234],"class_list":{"0":"post-25128","1":"product","2":"type-product","3":"status-publish","4":"has-post-thumbnail","6":"product_cat-anuncios","7":"product_cat-cremes-para-maos-e-pes","8":"product_cat-cremes-hidratantes-oleos","9":"product_cat-hidratantes-cremes-corporal","10":"product_cat-natura-creme-oleo-sabonete-perfume","11":"product_tag-cosmeticos","12":"product_tag-creme-para-as-maos","13":"product_tag-ekos","14":"product_tag-natura","16":"first","17":"instock","18":"shipping-taxable","19":"purchasable","20":"product-type-simple"},"_links":{"self":[{"href":"https:\/\/sfashionaccessories.com\/index.php?rest_route=\/wp\/v2\/product\/25128","targetHints":{"allow":["GET"]}}],"collection":[{"href":"https:\/\/sfashionaccessories.com\/index.php?rest_route=\/wp\/v2\/product"}],"about":[{"href":"https:\/\/sfashionaccessories.com\/index.php?rest_route=\/wp\/v2\/types\/product"}],"replies":[{"embeddable":true,"href":"https:\/\/sfashionaccessories.com\/index.php?rest_route=%2Fwp%2Fv2%2Fcomments&post=25128"}],"wp:featuredmedia":[{"embeddable":true,"href":"https:\/\/sfashionaccessories.com\/index.php?rest_route=\/wp\/v2\/media\/25134"}],"wp:attachment":[{"href":"https:\/\/sfashionaccessories.com\/index.php?rest_route=%2Fwp%2Fv2%2Fmedia&parent=25128"}],"wp:term":[{"taxonomy":"product_brand","embeddable":true,"href":"https:\/\/sfashionaccessories.com\/index.php?rest_route=%2Fwp%2Fv2%2Fproduct_brand&post=25128"},{"taxonomy":"product_cat","embeddable":true,"href":"https:\/\/sfashionaccessories.com\/index.php?rest_route=%2Fwp%2Fv2%2Fproduct_cat&post=25128"},{"taxonomy":"product_tag","embeddable":true,"href":"https:\/\/sfashionaccessories.com\/index.php?rest_route=%2Fwp%2Fv2%2Fproduct_tag&post=25128"}],"curies":[{"name":"wp","href":"https:\/\/api.w.org\/{rel}","templated":true}]}}