{"id":25138,"date":"2026-02-05T18:18:10","date_gmt":"2026-02-05T09:18:10","guid":{"rendered":"https:\/\/sfashionaccessories.com\/?post_type=product&#038;p=25138"},"modified":"2026-03-07T12:22:11","modified_gmt":"2026-03-07T03:22:11","slug":"creme-hidratante-para-os-pes-ekos-castanha-40gramas-natura","status":"publish","type":"product","link":"https:\/\/sfashionaccessories.com\/?product=creme-hidratante-para-os-pes-ekos-castanha-40gramas-natura","title":{"rendered":"Creme Hidratante para os P\u00e9s Ekos Castanha 40gramas-Natura"},"content":{"rendered":"<ul>\n<li class=\"text-xl font-medium\" tabindex=\"0\">Creme Hidratante para os P\u00e9s Ekos Castanha 40gramas-Natura<\/li>\n<\/ul>\n<p tabindex=\"0\">Natura Ekos traz o \u00f3leo bruto de castanha, rico em \u00f4megas 6 e 9, que combate os sinais intensos de ressecamento. essa linha nutre e melhora a textura da pele desde a primeira aplica\u00e7\u00e3o.<\/p>\n<div class=\"relative flex\">\n<div class=\"flex gap-2 items-center\"><span class=\"text-sm font-bold\">36 horas de hidrata\u00e7\u00e3o para os p\u00e9s com a pot\u00eancia antirressecamento da castanha.<\/span><\/div>\n<\/div>\n<div class=\"relative flex\">\n<div class=\"flex gap-2 items-center\">\n<p><strong>\u2022<\/strong>\u00a0seu hidratante favorito mudou, mas continua com textura e fragr\u00e2ncia deliciosas<\/p>\n<p><strong>\u2022<\/strong>\u00a0creme de p\u00e9 feito com\u00a0<strong>\u00f3leo bruto de castanha<\/strong>, rico em \u00f4megas 6 e 9<\/p>\n<p><strong>\u2022<\/strong>\u00a0promove nutri\u00e7\u00e3o intensa<\/p>\n<p><strong>\u2022<\/strong>\u00a0hidrata imediatamente<\/p>\n<p><strong>\u2022<\/strong>\u00a0ajuda a potencializar o\u00a0<strong>brilho das unhas<\/strong><\/p>\n<p><strong>\u2022<\/strong>\u00a0textura cremosa de\u00a0<strong>r\u00e1pida absor\u00e7\u00e3o<\/strong><\/p>\n<p><strong>\u2022<\/strong>\u00a0cont\u00e9m a\u00e7\u00e3o desodorante<\/p>\n<p><strong>\u2022<\/strong>\u00a0para cuidar de\u00a0<strong>p\u00e9s ressecados e rachadura<\/strong>\u00a0dos p\u00e9s<\/p>\n<p><strong>\u2022<\/strong>\u00a0nova embalagem\u00a0<strong>100% alum\u00ednio reciclado<\/strong><\/p>\n<\/div>\n<\/div>\n","protected":false},"excerpt":{"rendered":"<p>Creme Hidratante para os P\u00e9s Ekos Castanha 40gramas-Natura Natura Ekos traz o \u00f3leo bruto de castanha, rico em \u00f4megas 6 e 9, que combate os sinais intensos de ressecamento. essa linha nutre e melhora a textura da pele desde a primeira aplica\u00e7\u00e3o. 36 horas de hidrata\u00e7\u00e3o para os p\u00e9s com a pot\u00eancia antirressecamento da castanha. [&hellip;]<\/p>\n","protected":false},"featured_media":25140,"comment_status":"open","ping_status":"closed","template":"","meta":{"_kadence_starter_templates_imported_post":false},"product_brand":[],"product_cat":[465,206,223,322,214,203],"product_tag":[272,570,329,234],"class_list":{"0":"post-25138","1":"product","2":"type-product","3":"status-publish","4":"has-post-thumbnail","6":"product_cat-anuncios","7":"product_cat-cosmeticos-cremes-hidradantesperfumes","8":"product_cat-cremes-para-maos-e-pes","9":"product_cat-cremes-hidratantes-oleos","10":"product_cat-hidratantes-cremes-corporal","11":"product_cat-natura-creme-oleo-sabonete-perfume","12":"product_tag-cosmeticos","13":"product_tag-creme-para-as-maos","14":"product_tag-ekos","15":"product_tag-natura","17":"first","18":"instock","19":"shipping-taxable","20":"purchasable","21":"product-type-simple"},"_links":{"self":[{"href":"https:\/\/sfashionaccessories.com\/index.php?rest_route=\/wp\/v2\/product\/25138","targetHints":{"allow":["GET"]}}],"collection":[{"href":"https:\/\/sfashionaccessories.com\/index.php?rest_route=\/wp\/v2\/product"}],"about":[{"href":"https:\/\/sfashionaccessories.com\/index.php?rest_route=\/wp\/v2\/types\/product"}],"replies":[{"embeddable":true,"href":"https:\/\/sfashionaccessories.com\/index.php?rest_route=%2Fwp%2Fv2%2Fcomments&post=25138"}],"wp:featuredmedia":[{"embeddable":true,"href":"https:\/\/sfashionaccessories.com\/index.php?rest_route=\/wp\/v2\/media\/25140"}],"wp:attachment":[{"href":"https:\/\/sfashionaccessories.com\/index.php?rest_route=%2Fwp%2Fv2%2Fmedia&parent=25138"}],"wp:term":[{"taxonomy":"product_brand","embeddable":true,"href":"https:\/\/sfashionaccessories.com\/index.php?rest_route=%2Fwp%2Fv2%2Fproduct_brand&post=25138"},{"taxonomy":"product_cat","embeddable":true,"href":"https:\/\/sfashionaccessories.com\/index.php?rest_route=%2Fwp%2Fv2%2Fproduct_cat&post=25138"},{"taxonomy":"product_tag","embeddable":true,"href":"https:\/\/sfashionaccessories.com\/index.php?rest_route=%2Fwp%2Fv2%2Fproduct_tag&post=25138"}],"curies":[{"name":"wp","href":"https:\/\/api.w.org\/{rel}","templated":true}]}}