{"id":25214,"date":"2026-02-14T14:06:12","date_gmt":"2026-02-14T05:06:12","guid":{"rendered":"https:\/\/sfashionaccessories.com\/?post_type=product&#038;p=25214"},"modified":"2026-03-13T16:39:48","modified_gmt":"2026-03-13T07:39:48","slug":"sabonete-liquido-para-o-corpo-ekos-maracuja","status":"publish","type":"product","link":"https:\/\/sfashionaccessories.com\/?product=sabonete-liquido-para-o-corpo-ekos-maracuja","title":{"rendered":"Sabonete L\u00edquido para o Corpo Ekos Maracuj\u00e1"},"content":{"rendered":"<div class=\"relative flex\">\n<div class=\"flex gap-2 items-center\"><span class=\"text-sm font-bold\">limpa suavemente e perfuma com a fragr\u00e2ncia relaxante do maracuj\u00e1.<\/span><\/div>\n<\/div>\n<div class=\"relative flex\">\n<div class=\"flex gap-2 items-center\">\n<p><strong>\u2022<\/strong>\u00a0o sabonete Ekos que voc\u00ea conhece e ama ganhou uma nova embalagem<\/p>\n<p><strong>\u2022<\/strong>\u00a0sabonete vegano que\u00a0<strong>mant\u00e9m a hidrata\u00e7\u00e3o<\/strong>\u00a0natural da pele<\/p>\n<p><strong>\u2022<\/strong>\u00a0sabonete l\u00edquido perfumado para usar no banho<\/p>\n<p><strong>\u2022<\/strong>\u00a0feito com\u00a0<strong>\u00f3leo de maracuj\u00e1<\/strong>, rico em \u00e1cidos graxos essenciais<\/p>\n<\/div>\n<\/div>\n","protected":false},"excerpt":{"rendered":"<p>limpa suavemente e perfuma com a fragr\u00e2ncia relaxante do maracuj\u00e1. \u2022\u00a0o sabonete Ekos que voc\u00ea conhece e ama ganhou uma nova embalagem \u2022\u00a0sabonete vegano que\u00a0mant\u00e9m a hidrata\u00e7\u00e3o\u00a0natural da pele \u2022\u00a0sabonete l\u00edquido perfumado para usar no banho \u2022\u00a0feito com\u00a0\u00f3leo de maracuj\u00e1, rico em \u00e1cidos graxos essenciais<\/p>\n","protected":false},"featured_media":25212,"comment_status":"open","ping_status":"closed","template":"","meta":{"_kadence_starter_templates_imported_post":false},"product_brand":[],"product_cat":[206,203,228],"product_tag":[272,234,191,190],"class_list":{"0":"post-25214","1":"product","2":"type-product","3":"status-publish","4":"has-post-thumbnail","6":"product_cat-cosmeticos-cremes-hidradantesperfumes","7":"product_cat-natura-creme-oleo-sabonete-perfume","8":"product_cat-sabonete-sabonete-liquido-natura","9":"product_tag-cosmeticos","10":"product_tag-natura","11":"product_tag-sabonete","12":"product_tag-sabonete-liquido","14":"first","15":"instock","16":"shipping-taxable","17":"purchasable","18":"product-type-simple"},"_links":{"self":[{"href":"https:\/\/sfashionaccessories.com\/index.php?rest_route=\/wp\/v2\/product\/25214","targetHints":{"allow":["GET"]}}],"collection":[{"href":"https:\/\/sfashionaccessories.com\/index.php?rest_route=\/wp\/v2\/product"}],"about":[{"href":"https:\/\/sfashionaccessories.com\/index.php?rest_route=\/wp\/v2\/types\/product"}],"replies":[{"embeddable":true,"href":"https:\/\/sfashionaccessories.com\/index.php?rest_route=%2Fwp%2Fv2%2Fcomments&post=25214"}],"wp:featuredmedia":[{"embeddable":true,"href":"https:\/\/sfashionaccessories.com\/index.php?rest_route=\/wp\/v2\/media\/25212"}],"wp:attachment":[{"href":"https:\/\/sfashionaccessories.com\/index.php?rest_route=%2Fwp%2Fv2%2Fmedia&parent=25214"}],"wp:term":[{"taxonomy":"product_brand","embeddable":true,"href":"https:\/\/sfashionaccessories.com\/index.php?rest_route=%2Fwp%2Fv2%2Fproduct_brand&post=25214"},{"taxonomy":"product_cat","embeddable":true,"href":"https:\/\/sfashionaccessories.com\/index.php?rest_route=%2Fwp%2Fv2%2Fproduct_cat&post=25214"},{"taxonomy":"product_tag","embeddable":true,"href":"https:\/\/sfashionaccessories.com\/index.php?rest_route=%2Fwp%2Fv2%2Fproduct_tag&post=25214"}],"curies":[{"name":"wp","href":"https:\/\/api.w.org\/{rel}","templated":true}]}}