{"id":25218,"date":"2026-02-14T14:14:11","date_gmt":"2026-02-14T05:14:11","guid":{"rendered":"https:\/\/sfashionaccessories.com\/?post_type=product&#038;p=25218"},"modified":"2026-03-28T15:10:56","modified_gmt":"2026-03-28T06:10:56","slug":"oleo-trifasico-desodorante-corporal-ekos-maracuja","status":"publish","type":"product","link":"https:\/\/sfashionaccessories.com\/?product=oleo-trifasico-desodorante-corporal-ekos-maracuja","title":{"rendered":"\u00d3leo Trif\u00e1sico Desodorante Corporal Ekos Maracuj\u00e1"},"content":{"rendered":"<div class=\"relative flex\">\n<div class=\"flex gap-2 items-center\"><span class=\"text-sm font-bold\">100% mais hidrata\u00e7\u00e3o para a pele com a pot\u00eancia antiestresse do maracuj\u00e1.*<\/span><\/div>\n<\/div>\n<div class=\"relative flex\">\n<div class=\"flex gap-2 items-center\">\n<p><strong>\u2022<\/strong>\u00a0o \u00f3leo corporal de Ekos traz a pot\u00eancia e perfume de sempre, mas agora em nova embalagem<\/p>\n<p><strong>\u2022<\/strong>\u00a0acalma e reequilibra a pele<\/p>\n<p><strong>\u2022<\/strong>\u00a0textura\u00a0<strong>surpreendente<\/strong><\/p>\n<p><strong>\u2022<\/strong>\u00a0deixa a pele\u00a0<strong>perfumada, protegida e iluminada<\/strong><\/p>\n<p><strong>\u2022<\/strong>\u00a0feito com\u00a0<strong>\u00f3leo de maracuj\u00e1<\/strong>, rico em \u00e1cidos graxos essenciais<\/p>\n<\/div>\n<\/div>\n","protected":false},"excerpt":{"rendered":"<p>100% mais hidrata\u00e7\u00e3o para a pele com a pot\u00eancia antiestresse do maracuj\u00e1.* \u2022\u00a0o \u00f3leo corporal de Ekos traz a pot\u00eancia e perfume de sempre, mas agora em nova embalagem \u2022\u00a0acalma e reequilibra a pele \u2022\u00a0textura\u00a0surpreendente \u2022\u00a0deixa a pele\u00a0perfumada, protegida e iluminada \u2022\u00a0feito com\u00a0\u00f3leo de maracuj\u00e1, rico em \u00e1cidos graxos essenciais<\/p>\n","protected":false},"featured_media":25216,"comment_status":"open","ping_status":"closed","template":"","meta":{"_kadence_starter_templates_imported_post":false},"product_brand":[],"product_cat":[206,322,203,542],"product_tag":[272,234,539],"class_list":{"0":"post-25218","1":"product","2":"type-product","3":"status-publish","4":"has-post-thumbnail","6":"product_cat-cosmeticos-cremes-hidradantesperfumes","7":"product_cat-cremes-hidratantes-oleos","8":"product_cat-natura-creme-oleo-sabonete-perfume","9":"product_cat-oleo-corporal","10":"product_tag-cosmeticos","11":"product_tag-natura","12":"product_tag-oleo-corporal","14":"first","15":"instock","16":"shipping-taxable","17":"purchasable","18":"product-type-simple"},"_links":{"self":[{"href":"https:\/\/sfashionaccessories.com\/index.php?rest_route=\/wp\/v2\/product\/25218","targetHints":{"allow":["GET"]}}],"collection":[{"href":"https:\/\/sfashionaccessories.com\/index.php?rest_route=\/wp\/v2\/product"}],"about":[{"href":"https:\/\/sfashionaccessories.com\/index.php?rest_route=\/wp\/v2\/types\/product"}],"replies":[{"embeddable":true,"href":"https:\/\/sfashionaccessories.com\/index.php?rest_route=%2Fwp%2Fv2%2Fcomments&post=25218"}],"wp:featuredmedia":[{"embeddable":true,"href":"https:\/\/sfashionaccessories.com\/index.php?rest_route=\/wp\/v2\/media\/25216"}],"wp:attachment":[{"href":"https:\/\/sfashionaccessories.com\/index.php?rest_route=%2Fwp%2Fv2%2Fmedia&parent=25218"}],"wp:term":[{"taxonomy":"product_brand","embeddable":true,"href":"https:\/\/sfashionaccessories.com\/index.php?rest_route=%2Fwp%2Fv2%2Fproduct_brand&post=25218"},{"taxonomy":"product_cat","embeddable":true,"href":"https:\/\/sfashionaccessories.com\/index.php?rest_route=%2Fwp%2Fv2%2Fproduct_cat&post=25218"},{"taxonomy":"product_tag","embeddable":true,"href":"https:\/\/sfashionaccessories.com\/index.php?rest_route=%2Fwp%2Fv2%2Fproduct_tag&post=25218"}],"curies":[{"name":"wp","href":"https:\/\/api.w.org\/{rel}","templated":true}]}}