{"id":25234,"date":"2026-02-14T17:01:30","date_gmt":"2026-02-14T08:01:30","guid":{"rendered":"https:\/\/sfashionaccessories.com\/?post_type=product&#038;p=25234"},"modified":"2026-04-17T17:49:40","modified_gmt":"2026-04-17T08:49:40","slug":"linda-desodorante-colonia-100ml-oboticario","status":"publish","type":"product","link":"https:\/\/sfashionaccessories.com\/?product=linda-desodorante-colonia-100ml-oboticario","title":{"rendered":"Linda Desodorante Col\u00f4nia 100ml &#8211; oBotic\u00e1rio"},"content":{"rendered":"<p><strong>Linda Desodorante Col\u00f4nia <\/strong>\u00e9 uma<strong>\u00a0fragr\u00e2ncia vibrante<\/strong>\u00a0para celebrar a mulher brasileira que sabe que suas virtudes potencializam a sua beleza \u00fanica.<\/p>\n<p>A fragr\u00e2ncia feminina traz o brilho e a alegria das<strong>\u00a0notas frutais,\u00a0<\/strong>a delicadeza do<strong>\u00a0buqu\u00ea floral e\u00a0<\/strong>tem a personalidade e pot\u00eancia de um<strong>\u00a0fundo amadeirado.\u00a0<\/strong>Combinados, todos esses compostos foram uma\u00a0<strong>fragr\u00e2ncia inconfund\u00edvel.<\/strong><\/p>\n<p>Linda \u00e9 um item da\u00a0<strong>perfumaria feminina<\/strong>\u00a0que representa a feminilidade e o poder da mulher que sabe que pode ser sens\u00edvel sem perder a sua for\u00e7a.<\/p>\n<p><strong>Vegano<\/strong>, este produto atrai olhares e olfatos em todos os lugares, trazendo a delicadeza de um\u00a0<strong>Floriental Frutal\u00a0<\/strong>que lembra o frescor da natureza e das flores do Brasil.<\/p>\n<p><strong>Fam\u00edlia Olfativa:<\/strong>\u00a0Floriental Frutal Ambarado.<\/p>\n","protected":false},"excerpt":{"rendered":"<p>Linda Desodorante Col\u00f4nia \u00e9 uma\u00a0fragr\u00e2ncia vibrante\u00a0para celebrar a mulher brasileira que sabe que suas virtudes potencializam a sua beleza \u00fanica. A fragr\u00e2ncia feminina traz o brilho e a alegria das\u00a0notas frutais,\u00a0a delicadeza do\u00a0buqu\u00ea floral e\u00a0tem a personalidade e pot\u00eancia de um\u00a0fundo amadeirado.\u00a0Combinados, todos esses compostos foram uma\u00a0fragr\u00e2ncia inconfund\u00edvel. Linda \u00e9 um item da\u00a0perfumaria feminina\u00a0que representa [&hellip;]<\/p>\n","protected":false},"featured_media":25232,"comment_status":"open","ping_status":"closed","template":"","meta":{"_kadence_starter_templates_imported_post":false},"product_brand":[],"product_cat":[206,278,282,251,295],"product_tag":[272,284,401],"class_list":{"0":"post-25234","1":"product","2":"type-product","3":"status-publish","4":"has-post-thumbnail","6":"product_cat-cosmeticos-cremes-hidradantesperfumes","7":"product_cat-desodorante-feminino","8":"product_cat-o-boticario","9":"product_cat-perfume-perfumes","10":"product_cat-o-boticario-2","11":"product_tag-cosmeticos","12":"product_tag-o-boticario","13":"product_tag-perfumes","15":"first","16":"instock","17":"shipping-taxable","18":"purchasable","19":"product-type-simple"},"_links":{"self":[{"href":"https:\/\/sfashionaccessories.com\/index.php?rest_route=\/wp\/v2\/product\/25234","targetHints":{"allow":["GET"]}}],"collection":[{"href":"https:\/\/sfashionaccessories.com\/index.php?rest_route=\/wp\/v2\/product"}],"about":[{"href":"https:\/\/sfashionaccessories.com\/index.php?rest_route=\/wp\/v2\/types\/product"}],"replies":[{"embeddable":true,"href":"https:\/\/sfashionaccessories.com\/index.php?rest_route=%2Fwp%2Fv2%2Fcomments&post=25234"}],"wp:featuredmedia":[{"embeddable":true,"href":"https:\/\/sfashionaccessories.com\/index.php?rest_route=\/wp\/v2\/media\/25232"}],"wp:attachment":[{"href":"https:\/\/sfashionaccessories.com\/index.php?rest_route=%2Fwp%2Fv2%2Fmedia&parent=25234"}],"wp:term":[{"taxonomy":"product_brand","embeddable":true,"href":"https:\/\/sfashionaccessories.com\/index.php?rest_route=%2Fwp%2Fv2%2Fproduct_brand&post=25234"},{"taxonomy":"product_cat","embeddable":true,"href":"https:\/\/sfashionaccessories.com\/index.php?rest_route=%2Fwp%2Fv2%2Fproduct_cat&post=25234"},{"taxonomy":"product_tag","embeddable":true,"href":"https:\/\/sfashionaccessories.com\/index.php?rest_route=%2Fwp%2Fv2%2Fproduct_tag&post=25234"}],"curies":[{"name":"wp","href":"https:\/\/api.w.org\/{rel}","templated":true}]}}