{"id":25243,"date":"2026-03-13T13:56:56","date_gmt":"2026-03-13T04:56:56","guid":{"rendered":"https:\/\/sfashionaccessories.com\/?post_type=product&#038;p=25243"},"modified":"2026-03-13T13:56:56","modified_gmt":"2026-03-13T04:56:56","slug":"creme-antissinais-60-noite-chronosderma-natura","status":"publish","type":"product","link":"https:\/\/sfashionaccessories.com\/?product=creme-antissinais-60-noite-chronosderma-natura","title":{"rendered":"Creme Antissinais 60+ Noite ChronosDerma- Natura"},"content":{"rendered":"<div class=\"relative flex\">\n<div class=\"flex gap-2 items-center\">\n<p><strong>duas vezes mais \u00e1cido hialur\u00f4nico para sua pele\u00b9<\/strong><\/p>\n<\/div>\n<\/div>\n<div class=\"relative flex\">\n<div class=\"flex gap-2 items-center\">\n<p>o Creme Antissinais 60+ Noite reorganiza o ciclo natural das fun\u00e7\u00f5es da pele e\u00a0<strong>promove hidrata\u00e7\u00e3o ativa<\/strong>. sua f\u00f3rmula\u00a0<strong>preenche\u00a0<\/strong>e melhora o\u00a0<strong>contorno facial<\/strong>. al\u00e9m de tratar os\u00a0<strong>sinais do envelhecimento<\/strong>. com\u00a0<strong>resultados reais<\/strong>\u00a0e comprovados por dermatologistas.<\/p>\n<p><strong>suaviza os impactos causados na pele p\u00f3s menopausa:<\/strong><\/p>\n<p>&nbsp;<\/p>\n<p><strong>\u2022<\/strong>\u00a0<strong>mais de 93%<\/strong>\u00a0de preenchimento e volume do rosto\u00b2<\/p>\n<p><strong>\u2022<\/strong>\u00a0<strong>mais de 80%<\/strong>\u00a0das mulheres sentiram melhora do contorno facial\u00b2<\/p>\n<p><strong>\u2022 reduz rugas profundas<\/strong><\/p>\n<p><strong>\u2022<\/strong>\u00a0ativa a\u00a0<strong>vitalidade celular\u00b3<\/strong><\/p>\n<p><strong>\u2022<\/strong>\u00a0preenche e restaura o volume<\/p>\n<p><strong>\u2022 revitaliza a pele<\/strong><\/p>\n<p>&nbsp;<\/p>\n<p>\u00b9resultados de est\u00edmulo na pele em 30 dias<\/p>\n<p>\u00b2percentual de mulheres com resultados em teste cl\u00ednico e instrumental<\/p>\n<p>\u00b3resultado obtido pela tecnologia exclusiva\u00a0<strong>Bioci\u00eancia Chronos<\/strong>.<\/p>\n<\/div>\n<\/div>\n","protected":false},"excerpt":{"rendered":"<p>duas vezes mais \u00e1cido hialur\u00f4nico para sua pele\u00b9 o Creme Antissinais 60+ Noite reorganiza o ciclo natural das fun\u00e7\u00f5es da pele e\u00a0promove hidrata\u00e7\u00e3o ativa. sua f\u00f3rmula\u00a0preenche\u00a0e melhora o\u00a0contorno facial. al\u00e9m de tratar os\u00a0sinais do envelhecimento. com\u00a0resultados reais\u00a0e comprovados por dermatologistas. suaviza os impactos causados na pele p\u00f3s menopausa: &nbsp; \u2022\u00a0mais de 93%\u00a0de preenchimento e volume [&hellip;]<\/p>\n","protected":false},"featured_media":25245,"comment_status":"open","ping_status":"closed","template":"","meta":{"_kadence_starter_templates_imported_post":false},"product_brand":[],"product_cat":[550,465,206,322,214,203],"product_tag":[551,272,195,234],"class_list":{"0":"post-25243","1":"product","2":"type-product","3":"status-publish","4":"has-post-thumbnail","6":"product_cat-antissinais","7":"product_cat-anuncios","8":"product_cat-cosmeticos-cremes-hidradantesperfumes","9":"product_cat-cremes-hidratantes-oleos","10":"product_cat-hidratantes-cremes-corporal","11":"product_cat-natura-creme-oleo-sabonete-perfume","12":"product_tag-antissinais","13":"product_tag-cosmeticos","14":"product_tag-creme-hidratante","15":"product_tag-natura","17":"first","18":"instock","19":"shipping-taxable","20":"purchasable","21":"product-type-simple"},"_links":{"self":[{"href":"https:\/\/sfashionaccessories.com\/index.php?rest_route=\/wp\/v2\/product\/25243","targetHints":{"allow":["GET"]}}],"collection":[{"href":"https:\/\/sfashionaccessories.com\/index.php?rest_route=\/wp\/v2\/product"}],"about":[{"href":"https:\/\/sfashionaccessories.com\/index.php?rest_route=\/wp\/v2\/types\/product"}],"replies":[{"embeddable":true,"href":"https:\/\/sfashionaccessories.com\/index.php?rest_route=%2Fwp%2Fv2%2Fcomments&post=25243"}],"wp:featuredmedia":[{"embeddable":true,"href":"https:\/\/sfashionaccessories.com\/index.php?rest_route=\/wp\/v2\/media\/25245"}],"wp:attachment":[{"href":"https:\/\/sfashionaccessories.com\/index.php?rest_route=%2Fwp%2Fv2%2Fmedia&parent=25243"}],"wp:term":[{"taxonomy":"product_brand","embeddable":true,"href":"https:\/\/sfashionaccessories.com\/index.php?rest_route=%2Fwp%2Fv2%2Fproduct_brand&post=25243"},{"taxonomy":"product_cat","embeddable":true,"href":"https:\/\/sfashionaccessories.com\/index.php?rest_route=%2Fwp%2Fv2%2Fproduct_cat&post=25243"},{"taxonomy":"product_tag","embeddable":true,"href":"https:\/\/sfashionaccessories.com\/index.php?rest_route=%2Fwp%2Fv2%2Fproduct_tag&post=25243"}],"curies":[{"name":"wp","href":"https:\/\/api.w.org\/{rel}","templated":true}]}}