{"id":25247,"date":"2026-02-14T23:36:10","date_gmt":"2026-02-14T14:36:10","guid":{"rendered":"https:\/\/sfashionaccessories.com\/?post_type=product&#038;p=25247"},"modified":"2026-02-14T23:36:10","modified_gmt":"2026-02-14T14:36:10","slug":"power-stay-batom-liquido-matte-16h","status":"publish","type":"product","link":"https:\/\/sfashionaccessories.com\/?product=power-stay-batom-liquido-matte-16h","title":{"rendered":"Power Stay Batom L\u00edquido Matte 16h"},"content":{"rendered":"<div class=\"relative flex\">\n<div class=\"flex gap-2 items-center\"><span class=\"text-sm font-bold\">Por que escolher o Power Stay Batom L\u00edquido Matte 16H?<\/span><\/div>\n<\/div>\n<div class=\"relative flex\">\n<div class=\"flex gap-2 items-center\">\n<p>\u2022 At\u00e9 16h de dura\u00e7\u00e3o com acabamento matte aveludado.<\/p>\n<p>\u2022 Nova f\u00f3rmula mais confort\u00e1vel com Complexo Power Boost (\u00d3leo de Oliva e Extrato de Rom\u00e3).<\/p>\n<p>\u2022 Tecnologia Color Lock: n\u00e3o transfere, n\u00e3o borra e n\u00e3o desbota.<\/p>\n<p>\u2022 Tecnologia Power Flex: sensa\u00e7\u00e3o flex\u00edvel, n\u00e3o craquela e n\u00e3o deixa os l\u00e1bios pegajosos.<\/p>\n<p>\u2022 Aplicador anat\u00f4mico com ponta diamante para contorno e preenchimento precisos.<\/p>\n<p>\u2022 Alta pigmenta\u00e7\u00e3o e cobertura total em uma s\u00f3 passada.<\/p>\n<\/div>\n<\/div>\n","protected":false},"excerpt":{"rendered":"<p>Por que escolher o Power Stay Batom L\u00edquido Matte 16H? \u2022 At\u00e9 16h de dura\u00e7\u00e3o com acabamento matte aveludado. \u2022 Nova f\u00f3rmula mais confort\u00e1vel com Complexo Power Boost (\u00d3leo de Oliva e Extrato de Rom\u00e3). \u2022 Tecnologia Color Lock: n\u00e3o transfere, n\u00e3o borra e n\u00e3o desbota. \u2022 Tecnologia Power Flex: sensa\u00e7\u00e3o flex\u00edvel, n\u00e3o craquela e [&hellip;]<\/p>\n","protected":false},"featured_media":25253,"comment_status":"open","ping_status":"closed","template":"","meta":{"_kadence_starter_templates_imported_post":false},"product_brand":[],"product_cat":[548,609,206,205],"product_tag":[549,611,272,676],"class_list":{"0":"post-25247","1":"product","2":"type-product","3":"status-publish","4":"has-post-thumbnail","6":"product_cat-avon","7":"product_cat-batom","8":"product_cat-cosmeticos-cremes-hidradantesperfumes","9":"product_cat-baton-po-brush-maquiagem","10":"product_tag-avon","11":"product_tag-batom","12":"product_tag-cosmeticos","13":"product_tag-maquiagem","15":"first","16":"instock","17":"shipping-taxable","18":"purchasable","19":"product-type-variable"},"_links":{"self":[{"href":"https:\/\/sfashionaccessories.com\/index.php?rest_route=\/wp\/v2\/product\/25247","targetHints":{"allow":["GET"]}}],"collection":[{"href":"https:\/\/sfashionaccessories.com\/index.php?rest_route=\/wp\/v2\/product"}],"about":[{"href":"https:\/\/sfashionaccessories.com\/index.php?rest_route=\/wp\/v2\/types\/product"}],"replies":[{"embeddable":true,"href":"https:\/\/sfashionaccessories.com\/index.php?rest_route=%2Fwp%2Fv2%2Fcomments&post=25247"}],"wp:featuredmedia":[{"embeddable":true,"href":"https:\/\/sfashionaccessories.com\/index.php?rest_route=\/wp\/v2\/media\/25253"}],"wp:attachment":[{"href":"https:\/\/sfashionaccessories.com\/index.php?rest_route=%2Fwp%2Fv2%2Fmedia&parent=25247"}],"wp:term":[{"taxonomy":"product_brand","embeddable":true,"href":"https:\/\/sfashionaccessories.com\/index.php?rest_route=%2Fwp%2Fv2%2Fproduct_brand&post=25247"},{"taxonomy":"product_cat","embeddable":true,"href":"https:\/\/sfashionaccessories.com\/index.php?rest_route=%2Fwp%2Fv2%2Fproduct_cat&post=25247"},{"taxonomy":"product_tag","embeddable":true,"href":"https:\/\/sfashionaccessories.com\/index.php?rest_route=%2Fwp%2Fv2%2Fproduct_tag&post=25247"}],"curies":[{"name":"wp","href":"https:\/\/api.w.org\/{rel}","templated":true}]}}