{"id":25264,"date":"2026-02-14T23:34:02","date_gmt":"2026-02-14T14:34:02","guid":{"rendered":"https:\/\/sfashionaccessories.com\/?post_type=product&#038;p=25264"},"modified":"2026-04-05T13:03:51","modified_gmt":"2026-04-05T04:03:51","slug":"calca-jeans-sawary-levanta-bumbum-280560","status":"publish","type":"product","link":"https:\/\/sfashionaccessories.com\/?product=calca-jeans-sawary-levanta-bumbum-280560","title":{"rendered":"Cal\u00e7a Jeans Sawary Levanta Bumbum &#8211; 280560"},"content":{"rendered":"<p>Cal\u00e7a levanta bumbum confeccionada em jeans.<\/p>\n<p>A modelagem tem quatro pences que valorizam as formas.<\/p>\n<p>Cintura m\u00e9dio Fechamento com bot\u00e3o met\u00e1lico e z\u00edper<\/p>\n<p>Bolsos frontais falsos e bolsos traseiros funcionais<\/p>\n<p>Barra simples Tecido: Jeans<\/p>\n<p>Tipo de lavagem: Azul<\/p>\n<p>Cor: Azul m\u00e9dio<\/p>\n","protected":false},"excerpt":{"rendered":"<p>Cal\u00e7a levanta bumbum confeccionada em jeans. A modelagem tem quatro pences que valorizam as formas. Cintura m\u00e9dio Fechamento com bot\u00e3o met\u00e1lico e z\u00edper Bolsos frontais falsos e bolsos traseiros funcionais Barra simples Tecido: Jeans Tipo de lavagem: Azul Cor: Azul m\u00e9dio<\/p>\n","protected":false},"featured_media":25262,"comment_status":"open","ping_status":"closed","template":"","meta":{"_kadence_starter_templates_imported_post":false},"product_brand":[],"product_cat":[465,508,527,499,259],"product_tag":[242,395,134,256],"class_list":{"0":"post-25264","1":"product","2":"type-product","3":"status-publish","4":"has-post-thumbnail","6":"product_cat-anuncios","7":"product_cat-calcas-femininas","8":"product_cat-jeans","9":"product_cat-medidas-calcas-e-shorts-feminino-sawary","10":"product_cat-sawary","11":"product_tag-calcas-femininas","12":"product_tag-feminino","13":"product_tag-jeans","14":"product_tag-sawary","16":"first","17":"instock","18":"shipping-taxable","19":"purchasable","20":"product-type-variable"},"_links":{"self":[{"href":"https:\/\/sfashionaccessories.com\/index.php?rest_route=\/wp\/v2\/product\/25264","targetHints":{"allow":["GET"]}}],"collection":[{"href":"https:\/\/sfashionaccessories.com\/index.php?rest_route=\/wp\/v2\/product"}],"about":[{"href":"https:\/\/sfashionaccessories.com\/index.php?rest_route=\/wp\/v2\/types\/product"}],"replies":[{"embeddable":true,"href":"https:\/\/sfashionaccessories.com\/index.php?rest_route=%2Fwp%2Fv2%2Fcomments&post=25264"}],"wp:featuredmedia":[{"embeddable":true,"href":"https:\/\/sfashionaccessories.com\/index.php?rest_route=\/wp\/v2\/media\/25262"}],"wp:attachment":[{"href":"https:\/\/sfashionaccessories.com\/index.php?rest_route=%2Fwp%2Fv2%2Fmedia&parent=25264"}],"wp:term":[{"taxonomy":"product_brand","embeddable":true,"href":"https:\/\/sfashionaccessories.com\/index.php?rest_route=%2Fwp%2Fv2%2Fproduct_brand&post=25264"},{"taxonomy":"product_cat","embeddable":true,"href":"https:\/\/sfashionaccessories.com\/index.php?rest_route=%2Fwp%2Fv2%2Fproduct_cat&post=25264"},{"taxonomy":"product_tag","embeddable":true,"href":"https:\/\/sfashionaccessories.com\/index.php?rest_route=%2Fwp%2Fv2%2Fproduct_tag&post=25264"}],"curies":[{"name":"wp","href":"https:\/\/api.w.org\/{rel}","templated":true}]}}