{"id":25294,"date":"2026-02-14T23:45:05","date_gmt":"2026-02-14T14:45:05","guid":{"rendered":"https:\/\/sfashionaccessories.com\/?post_type=product&#038;p=25294"},"modified":"2026-02-14T23:45:05","modified_gmt":"2026-02-14T14:45:05","slug":"creme-antiassaduras-de-bebe-bepantol-baby-30g","status":"publish","type":"product","link":"https:\/\/sfashionaccessories.com\/?product=creme-antiassaduras-de-bebe-bepantol-baby-30g","title":{"rendered":"Creme Antiassaduras de beb\u00ea &#8211; Bepantol Baby 30g"},"content":{"rendered":"<p class=\"coh-paragraph sub-heading coh-ce-ae6e5991\">Sem perfume, sem parabenos e n\u00e3o \u00e9 testado em animais.<\/p>\n<div class=\"coh-container product-description\">\n<div>\n<p><span data-sheets-formula-bar-text-style=\"font-size:13px;color:#000000;font-weight:normal;text-decoration:none;font-family:'Arial';font-style:normal;text-decoration-skip-ink:none;\">A linha Antiassaduras Bepantol Baby oferece um cuidado delicado para a pele do beb\u00ea. Sua f\u00f3rmula cont\u00e9m pr\u00f3-vitamina B5, que oferece hidrata\u00e7\u00e3o profunda, protege e recupera a pele do beb\u00ea em 1h<\/span><\/p>\n<\/div>\n<article class=\"align-center\">\n<div><\/div>\n<h2>Textura leve e f\u00e1cil de espalhar. N\u00e3o deixa res\u00edduo branco.<\/h2>\n<p>O creme Antiassaduras Bepantol Baby 30g rende at\u00e9 115 trocas de fralda.. Esta \u00e9 a op\u00e7\u00e3o perfeita para carregar na bolsa e garantir o cuidado do beb\u00ea em qualquer lugar.<\/p>\n<div>Sua f\u00f3rmula n\u00e3o cont\u00e9m fragr\u00e2ncias, parabenos e conservantes, podendo ser usada desde os primeiros dias. Sua barreira transparente protege por at\u00e9 10h, e permite que a pele respire sem entrar em contato com a urina e as fezes, fortalecendo sua a\u00e7\u00e3o contra assaduras.<\/div>\n<\/article>\n<\/div>\n","protected":false},"excerpt":{"rendered":"<p>Sem perfume, sem parabenos e n\u00e3o \u00e9 testado em animais. A linha Antiassaduras Bepantol Baby oferece um cuidado delicado para a pele do beb\u00ea. Sua f\u00f3rmula cont\u00e9m pr\u00f3-vitamina B5, que oferece hidrata\u00e7\u00e3o profunda, protege e recupera a pele do beb\u00ea em 1h Textura leve e f\u00e1cil de espalhar. N\u00e3o deixa res\u00edduo branco. O creme Antiassaduras [&hellip;]<\/p>\n","protected":false},"featured_media":25297,"comment_status":"open","ping_status":"closed","template":"","meta":{"_kadence_starter_templates_imported_post":false},"product_brand":[],"product_cat":[465,206,739,1015],"product_tag":[875,899,874],"class_list":{"0":"post-25294","1":"product","2":"type-product","3":"status-publish","4":"has-post-thumbnail","6":"product_cat-anuncios","7":"product_cat-cosmeticos-cremes-hidradantesperfumes","8":"product_cat-mamae-e-bebe","9":"product_cat-pomada-creme","10":"product_tag-baby","11":"product_tag-bepantol","12":"product_tag-pomada","14":"first","15":"instock","16":"shipping-taxable","17":"purchasable","18":"product-type-simple"},"_links":{"self":[{"href":"https:\/\/sfashionaccessories.com\/index.php?rest_route=\/wp\/v2\/product\/25294","targetHints":{"allow":["GET"]}}],"collection":[{"href":"https:\/\/sfashionaccessories.com\/index.php?rest_route=\/wp\/v2\/product"}],"about":[{"href":"https:\/\/sfashionaccessories.com\/index.php?rest_route=\/wp\/v2\/types\/product"}],"replies":[{"embeddable":true,"href":"https:\/\/sfashionaccessories.com\/index.php?rest_route=%2Fwp%2Fv2%2Fcomments&post=25294"}],"wp:featuredmedia":[{"embeddable":true,"href":"https:\/\/sfashionaccessories.com\/index.php?rest_route=\/wp\/v2\/media\/25297"}],"wp:attachment":[{"href":"https:\/\/sfashionaccessories.com\/index.php?rest_route=%2Fwp%2Fv2%2Fmedia&parent=25294"}],"wp:term":[{"taxonomy":"product_brand","embeddable":true,"href":"https:\/\/sfashionaccessories.com\/index.php?rest_route=%2Fwp%2Fv2%2Fproduct_brand&post=25294"},{"taxonomy":"product_cat","embeddable":true,"href":"https:\/\/sfashionaccessories.com\/index.php?rest_route=%2Fwp%2Fv2%2Fproduct_cat&post=25294"},{"taxonomy":"product_tag","embeddable":true,"href":"https:\/\/sfashionaccessories.com\/index.php?rest_route=%2Fwp%2Fv2%2Fproduct_tag&post=25294"}],"curies":[{"name":"wp","href":"https:\/\/api.w.org\/{rel}","templated":true}]}}