{"id":25307,"date":"2026-02-15T16:18:53","date_gmt":"2026-02-15T07:18:53","guid":{"rendered":"https:\/\/sfashionaccessories.com\/?post_type=product&#038;p=25307"},"modified":"2026-02-22T23:00:58","modified_gmt":"2026-02-22T14:00:58","slug":"calca-jeans-sawary-levanta-bumbum-281887-azul","status":"publish","type":"product","link":"https:\/\/sfashionaccessories.com\/?product=calca-jeans-sawary-levanta-bumbum-281887-azul","title":{"rendered":"Cal\u00e7a Jeans Sawary Levanta Bumbum &#8211; 281887- AZUL"},"content":{"rendered":"<p>DESCRI\u00c7\u00c3O<\/p>\n<div class=\"details-content\">Cal\u00e7a levanta bumbum confeccionada em jeans. A modelagem tem quatro pences que valorizam as formas. Cintura m\u00e9dio Fechamento com bot\u00e3o met\u00e1lico e z\u00edper Bolsos frontais falsos e bolsos traseiros funcionais Barra simples Tecido: Jeans Tipo de lavagem: Azul Cor: Azul Claro<\/div>\n","protected":false},"excerpt":{"rendered":"<p>DESCRI\u00c7\u00c3O Cal\u00e7a levanta bumbum confeccionada em jeans. A modelagem tem quatro pences que valorizam as formas. Cintura m\u00e9dio Fechamento com bot\u00e3o met\u00e1lico e z\u00edper Bolsos frontais falsos e bolsos traseiros funcionais Barra simples Tecido: Jeans Tipo de lavagem: Azul Cor: Azul Claro<\/p>\n","protected":false},"featured_media":25278,"comment_status":"open","ping_status":"closed","template":"","meta":{"_kadence_starter_templates_imported_post":false},"product_brand":[],"product_cat":[465,508,293,507,259],"product_tag":[470,188,256],"class_list":{"0":"post-25307","1":"product","2":"type-product","3":"status-publish","4":"has-post-thumbnail","6":"product_cat-anuncios","7":"product_cat-calcas-femininas","8":"product_cat-feminino","9":"product_cat-medidas-calcas-e-shorts-feminino-plus-size-sawary","10":"product_cat-sawary","11":"product_tag-calcas-jeans","12":"product_tag-moda-feminina","13":"product_tag-sawary","15":"first","16":"instock","17":"shipping-taxable","18":"purchasable","19":"product-type-variable"},"_links":{"self":[{"href":"https:\/\/sfashionaccessories.com\/index.php?rest_route=\/wp\/v2\/product\/25307","targetHints":{"allow":["GET"]}}],"collection":[{"href":"https:\/\/sfashionaccessories.com\/index.php?rest_route=\/wp\/v2\/product"}],"about":[{"href":"https:\/\/sfashionaccessories.com\/index.php?rest_route=\/wp\/v2\/types\/product"}],"replies":[{"embeddable":true,"href":"https:\/\/sfashionaccessories.com\/index.php?rest_route=%2Fwp%2Fv2%2Fcomments&post=25307"}],"wp:featuredmedia":[{"embeddable":true,"href":"https:\/\/sfashionaccessories.com\/index.php?rest_route=\/wp\/v2\/media\/25278"}],"wp:attachment":[{"href":"https:\/\/sfashionaccessories.com\/index.php?rest_route=%2Fwp%2Fv2%2Fmedia&parent=25307"}],"wp:term":[{"taxonomy":"product_brand","embeddable":true,"href":"https:\/\/sfashionaccessories.com\/index.php?rest_route=%2Fwp%2Fv2%2Fproduct_brand&post=25307"},{"taxonomy":"product_cat","embeddable":true,"href":"https:\/\/sfashionaccessories.com\/index.php?rest_route=%2Fwp%2Fv2%2Fproduct_cat&post=25307"},{"taxonomy":"product_tag","embeddable":true,"href":"https:\/\/sfashionaccessories.com\/index.php?rest_route=%2Fwp%2Fv2%2Fproduct_tag&post=25307"}],"curies":[{"name":"wp","href":"https:\/\/api.w.org\/{rel}","templated":true}]}}