{"id":25332,"date":"2026-02-15T19:57:33","date_gmt":"2026-02-15T10:57:33","guid":{"rendered":"https:\/\/sfashionaccessories.com\/?post_type=product&#038;p=25332"},"modified":"2026-03-13T13:49:22","modified_gmt":"2026-03-13T04:49:22","slug":"calca-feminina-sawary-preta-levanta-bumbum-com-lycra-270335","status":"publish","type":"product","link":"https:\/\/sfashionaccessories.com\/?product=calca-feminina-sawary-preta-levanta-bumbum-com-lycra-270335","title":{"rendered":"Cal\u00e7a Feminina Sawary Preta Levanta Bumbum Com Lycra-270335"},"content":{"rendered":"<p>Cal\u00e7a Levanta bumbum confeccionada em sarja. A modelagem tem quatro pences que valorizam as formas. Cintura m\u00e9dio Fechamento com bot\u00e3o e z\u00edper Bolsos frontais falsos e bolsos traseiros funcionais Barra simples Modelagem: levanta bumbum Tecido: Sarja Tipo de lavagem: Color\u00a0 Cor: Preta<\/p>\n","protected":false},"excerpt":{"rendered":"<p>Cal\u00e7a Levanta bumbum confeccionada em sarja. A modelagem tem quatro pences que valorizam as formas. Cintura m\u00e9dio Fechamento com bot\u00e3o e z\u00edper Bolsos frontais falsos e bolsos traseiros funcionais Barra simples Modelagem: levanta bumbum Tecido: Sarja Tipo de lavagem: Color\u00a0 Cor: Preta<\/p>\n","protected":false},"featured_media":25340,"comment_status":"open","ping_status":"closed","template":"","meta":{"_kadence_starter_templates_imported_post":false},"product_brand":[],"product_cat":[465,508,293,507,259],"product_tag":[242,188,256],"class_list":{"0":"post-25332","1":"product","2":"type-product","3":"status-publish","4":"has-post-thumbnail","6":"product_cat-anuncios","7":"product_cat-calcas-femininas","8":"product_cat-feminino","9":"product_cat-medidas-calcas-e-shorts-feminino-plus-size-sawary","10":"product_cat-sawary","11":"product_tag-calcas-femininas","12":"product_tag-moda-feminina","13":"product_tag-sawary","15":"first","16":"instock","17":"shipping-taxable","18":"purchasable","19":"product-type-variable"},"_links":{"self":[{"href":"https:\/\/sfashionaccessories.com\/index.php?rest_route=\/wp\/v2\/product\/25332","targetHints":{"allow":["GET"]}}],"collection":[{"href":"https:\/\/sfashionaccessories.com\/index.php?rest_route=\/wp\/v2\/product"}],"about":[{"href":"https:\/\/sfashionaccessories.com\/index.php?rest_route=\/wp\/v2\/types\/product"}],"replies":[{"embeddable":true,"href":"https:\/\/sfashionaccessories.com\/index.php?rest_route=%2Fwp%2Fv2%2Fcomments&post=25332"}],"wp:featuredmedia":[{"embeddable":true,"href":"https:\/\/sfashionaccessories.com\/index.php?rest_route=\/wp\/v2\/media\/25340"}],"wp:attachment":[{"href":"https:\/\/sfashionaccessories.com\/index.php?rest_route=%2Fwp%2Fv2%2Fmedia&parent=25332"}],"wp:term":[{"taxonomy":"product_brand","embeddable":true,"href":"https:\/\/sfashionaccessories.com\/index.php?rest_route=%2Fwp%2Fv2%2Fproduct_brand&post=25332"},{"taxonomy":"product_cat","embeddable":true,"href":"https:\/\/sfashionaccessories.com\/index.php?rest_route=%2Fwp%2Fv2%2Fproduct_cat&post=25332"},{"taxonomy":"product_tag","embeddable":true,"href":"https:\/\/sfashionaccessories.com\/index.php?rest_route=%2Fwp%2Fv2%2Fproduct_tag&post=25332"}],"curies":[{"name":"wp","href":"https:\/\/api.w.org\/{rel}","templated":true}]}}