{"id":25342,"date":"2026-02-15T20:10:26","date_gmt":"2026-02-15T11:10:26","guid":{"rendered":"https:\/\/sfashionaccessories.com\/?post_type=product&#038;p=25342"},"modified":"2026-02-15T20:10:27","modified_gmt":"2026-02-15T11:10:27","slug":"calca-sarja-sawary-hot-pants-263832","status":"publish","type":"product","link":"https:\/\/sfashionaccessories.com\/?product=calca-sarja-sawary-hot-pants-263832","title":{"rendered":"Cal\u00e7a Sarja Sawary Hot Pants &#8211; 263832"},"content":{"rendered":"<h2 class=\"softlines\">Descri\u00e7\u00e3o do produto<\/h2>\n<div id=\"productDescription\" class=\"a-section a-spacing-small\">\n<p>Looks que v\u00e3o do dia \u00e0 noite, sempre antenados do mundo da moda e com alto padr\u00e3o de qualidade SAWARY.<\/p>\n<\/div>\n","protected":false},"excerpt":{"rendered":"<p>Descri\u00e7\u00e3o do produto Looks que v\u00e3o do dia \u00e0 noite, sempre antenados do mundo da moda e com alto padr\u00e3o de qualidade SAWARY.<\/p>\n","protected":false},"featured_media":25347,"comment_status":"open","ping_status":"closed","template":"","meta":{"_kadence_starter_templates_imported_post":false},"product_brand":[],"product_cat":[465,508,499,259],"product_tag":[242,470,188,256],"class_list":{"0":"post-25342","1":"product","2":"type-product","3":"status-publish","4":"has-post-thumbnail","6":"product_cat-anuncios","7":"product_cat-calcas-femininas","8":"product_cat-medidas-calcas-e-shorts-feminino-sawary","9":"product_cat-sawary","10":"product_tag-calcas-femininas","11":"product_tag-calcas-jeans","12":"product_tag-moda-feminina","13":"product_tag-sawary","15":"first","16":"instock","17":"sale","18":"shipping-taxable","19":"purchasable","20":"product-type-variable"},"_links":{"self":[{"href":"https:\/\/sfashionaccessories.com\/index.php?rest_route=\/wp\/v2\/product\/25342","targetHints":{"allow":["GET"]}}],"collection":[{"href":"https:\/\/sfashionaccessories.com\/index.php?rest_route=\/wp\/v2\/product"}],"about":[{"href":"https:\/\/sfashionaccessories.com\/index.php?rest_route=\/wp\/v2\/types\/product"}],"replies":[{"embeddable":true,"href":"https:\/\/sfashionaccessories.com\/index.php?rest_route=%2Fwp%2Fv2%2Fcomments&post=25342"}],"wp:featuredmedia":[{"embeddable":true,"href":"https:\/\/sfashionaccessories.com\/index.php?rest_route=\/wp\/v2\/media\/25347"}],"wp:attachment":[{"href":"https:\/\/sfashionaccessories.com\/index.php?rest_route=%2Fwp%2Fv2%2Fmedia&parent=25342"}],"wp:term":[{"taxonomy":"product_brand","embeddable":true,"href":"https:\/\/sfashionaccessories.com\/index.php?rest_route=%2Fwp%2Fv2%2Fproduct_brand&post=25342"},{"taxonomy":"product_cat","embeddable":true,"href":"https:\/\/sfashionaccessories.com\/index.php?rest_route=%2Fwp%2Fv2%2Fproduct_cat&post=25342"},{"taxonomy":"product_tag","embeddable":true,"href":"https:\/\/sfashionaccessories.com\/index.php?rest_route=%2Fwp%2Fv2%2Fproduct_tag&post=25342"}],"curies":[{"name":"wp","href":"https:\/\/api.w.org\/{rel}","templated":true}]}}