{"id":25378,"date":"2026-02-17T15:48:00","date_gmt":"2026-02-17T06:48:00","guid":{"rendered":"https:\/\/sfashionaccessories.com\/?post_type=product&#038;p=25378"},"modified":"2026-02-17T15:48:00","modified_gmt":"2026-02-17T06:48:00","slug":"conjunto-arrastao-gigi-alca-dupla-sapeka","status":"publish","type":"product","link":"https:\/\/sfashionaccessories.com\/?product=conjunto-arrastao-gigi-alca-dupla-sapeka","title":{"rendered":"Conjunto Arrast\u00e3o Gigi Al\u00e7a Dupla Sapeka"},"content":{"rendered":"<div class=\"flex items-center gap-2 mb-4 undefined\">\n<h2 class=\"text-2xl font-black text-[26px] text-red-wine\">DESCRI\u00c7\u00c3O<\/h2>\n<\/div>\n<div class=\"text-black [&amp;_a]:text-pink\">\n<p>O Conjunto Gigi \u00e9 formado por duas pe\u00e7as para arrebatar noites de amor!<\/p>\n<p>Al\u00e9m de produzir um visual altamente\u00a0<strong>sedutor\u00a0<\/strong>na mulher, ele ainda \u00e9 altamente delicado e\u00a0<strong>atraente<\/strong>. Possui detalhes em todo o seu contorno que d\u00e3o um toque muito charmoso e um \u00f3timo acabamento. Sua calcinha \u00e9 incrivelmente bela e possui muitos pontos que chamam a aten\u00e7\u00e3o.<\/p>\n<p>Em ambas as pe\u00e7as, o que mais atrai \u00e9 o seu diferencial:\u00a0<strong>inteiramente arrast\u00e3o<\/strong>. Fantasiosa para muitos companheiros(as), esse detalhe provoca muitos fetiches e cria muitos desejos.<\/p>\n<\/div>\n","protected":false},"excerpt":{"rendered":"<p>DESCRI\u00c7\u00c3O O Conjunto Gigi \u00e9 formado por duas pe\u00e7as para arrebatar noites de amor! Al\u00e9m de produzir um visual altamente\u00a0sedutor\u00a0na mulher, ele ainda \u00e9 altamente delicado e\u00a0atraente. Possui detalhes em todo o seu contorno que d\u00e3o um toque muito charmoso e um \u00f3timo acabamento. Sua calcinha \u00e9 incrivelmente bela e possui muitos pontos que chamam [&hellip;]<\/p>\n","protected":false},"featured_media":25384,"comment_status":"open","ping_status":"closed","template":"","meta":{"_kadence_starter_templates_imported_post":false},"product_brand":[],"product_cat":[465,215,219,218,221],"product_tag":[380,292,458,265],"class_list":{"0":"post-25378","1":"product","2":"type-product","3":"status-publish","4":"has-post-thumbnail","6":"product_cat-anuncios","7":"product_cat-calcinhas-tangas-fio-dental","8":"product_cat-conjuntos-com-bojo","9":"product_cat-conjuntos-de-lingerie","10":"product_cat-sutias","11":"product_tag-calcinhas","12":"product_tag-conjunto-com-bojo","13":"product_tag-lingeries","14":"product_tag-sutia","16":"first","17":"instock","18":"sale","19":"shipping-taxable","20":"purchasable","21":"product-type-variable"},"_links":{"self":[{"href":"https:\/\/sfashionaccessories.com\/index.php?rest_route=\/wp\/v2\/product\/25378","targetHints":{"allow":["GET"]}}],"collection":[{"href":"https:\/\/sfashionaccessories.com\/index.php?rest_route=\/wp\/v2\/product"}],"about":[{"href":"https:\/\/sfashionaccessories.com\/index.php?rest_route=\/wp\/v2\/types\/product"}],"replies":[{"embeddable":true,"href":"https:\/\/sfashionaccessories.com\/index.php?rest_route=%2Fwp%2Fv2%2Fcomments&post=25378"}],"wp:featuredmedia":[{"embeddable":true,"href":"https:\/\/sfashionaccessories.com\/index.php?rest_route=\/wp\/v2\/media\/25384"}],"wp:attachment":[{"href":"https:\/\/sfashionaccessories.com\/index.php?rest_route=%2Fwp%2Fv2%2Fmedia&parent=25378"}],"wp:term":[{"taxonomy":"product_brand","embeddable":true,"href":"https:\/\/sfashionaccessories.com\/index.php?rest_route=%2Fwp%2Fv2%2Fproduct_brand&post=25378"},{"taxonomy":"product_cat","embeddable":true,"href":"https:\/\/sfashionaccessories.com\/index.php?rest_route=%2Fwp%2Fv2%2Fproduct_cat&post=25378"},{"taxonomy":"product_tag","embeddable":true,"href":"https:\/\/sfashionaccessories.com\/index.php?rest_route=%2Fwp%2Fv2%2Fproduct_tag&post=25378"}],"curies":[{"name":"wp","href":"https:\/\/api.w.org\/{rel}","templated":true}]}}