{"id":25411,"date":"2026-02-18T14:05:42","date_gmt":"2026-02-18T05:05:42","guid":{"rendered":"https:\/\/sfashionaccessories.com\/?post_type=product&#038;p=25411"},"modified":"2026-02-18T14:07:39","modified_gmt":"2026-02-18T05:07:39","slug":"25411","status":"publish","type":"product","link":"https:\/\/sfashionaccessories.com\/?product=25411","title":{"rendered":"Matizador Mocha Mousse Marrom Capuccino -Magic Color =Cabelos Castanhos"},"content":{"rendered":"<p style=\"font-weight: 400;\"><b><strong>Como usar<\/strong><\/b><\/p>\n<p style=\"font-weight: 400;\">Ap\u00f3s lavar os cabelos com shampoo, aplique o matizador puro mecha a mecha. Deixe agir entre 15 a 30 minutos e depois enx\u00e1gue.<\/p>\n<p style=\"font-weight: 400;\"><b><strong>Importante saber<\/strong><\/b><\/p>\n<p style=\"font-weight: 400;\">O resultado da matiza\u00e7\u00e3o varia de acordo com a cor que o fio se encontra atualmente. Sempre realize teste de mecha antes da aplica\u00e7\u00e3o. Este produto n\u00e3o tem fun\u00e7\u00e3o de colora\u00e7\u00e3o e tonalizante e n\u00e3o cobre fios brancos.<\/p>\n<p style=\"font-weight: 400;\"><b><strong>Quando usar<\/strong><\/b><\/p>\n<p style=\"font-weight: 400;\">Uma vez por semana ou a cada 15 dias, conforme a necessidade, para manter os fios matizados.<\/p>\n<p style=\"font-weight: 400;\"><b><strong>Dica Extra<\/strong><\/b><\/p>\n<p style=\"font-weight: 400;\">Pode ser usado tamb\u00e9m para finalizar procedimentos de mecha morena iluminada e cabelos castanhos.<\/p>\n","protected":false},"excerpt":{"rendered":"<p>Como usar Ap\u00f3s lavar os cabelos com shampoo, aplique o matizador puro mecha a mecha. Deixe agir entre 15 a 30 minutos e depois enx\u00e1gue. Importante saber O resultado da matiza\u00e7\u00e3o varia de acordo com a cor que o fio se encontra atualmente. Sempre realize teste de mecha antes da aplica\u00e7\u00e3o. Este produto n\u00e3o tem [&hellip;]<\/p>\n","protected":false},"featured_media":25416,"comment_status":"open","ping_status":"closed","template":"","meta":{"_kadence_starter_templates_imported_post":false},"product_brand":[],"product_cat":[465,204,544,206,524,689],"product_tag":[1080,476,486,443,1081],"class_list":{"0":"post-25411","1":"product","2":"type-product","3":"status-publish","4":"has-post-thumbnail","6":"product_cat-anuncios","7":"product_cat-matizador-sampoo-condicionador-hidratante","8":"product_cat-coloracao-tintura","9":"product_cat-cosmeticos-cremes-hidradantesperfumes","10":"product_cat-magic-color","11":"product_cat-matizadores","12":"product_tag-anuncios","13":"product_tag-cabelos","14":"product_tag-magic-color","15":"product_tag-matizador","16":"product_tag-trata","18":"first","19":"instock","20":"shipping-taxable","21":"purchasable","22":"product-type-simple"},"_links":{"self":[{"href":"https:\/\/sfashionaccessories.com\/index.php?rest_route=\/wp\/v2\/product\/25411","targetHints":{"allow":["GET"]}}],"collection":[{"href":"https:\/\/sfashionaccessories.com\/index.php?rest_route=\/wp\/v2\/product"}],"about":[{"href":"https:\/\/sfashionaccessories.com\/index.php?rest_route=\/wp\/v2\/types\/product"}],"replies":[{"embeddable":true,"href":"https:\/\/sfashionaccessories.com\/index.php?rest_route=%2Fwp%2Fv2%2Fcomments&post=25411"}],"wp:featuredmedia":[{"embeddable":true,"href":"https:\/\/sfashionaccessories.com\/index.php?rest_route=\/wp\/v2\/media\/25416"}],"wp:attachment":[{"href":"https:\/\/sfashionaccessories.com\/index.php?rest_route=%2Fwp%2Fv2%2Fmedia&parent=25411"}],"wp:term":[{"taxonomy":"product_brand","embeddable":true,"href":"https:\/\/sfashionaccessories.com\/index.php?rest_route=%2Fwp%2Fv2%2Fproduct_brand&post=25411"},{"taxonomy":"product_cat","embeddable":true,"href":"https:\/\/sfashionaccessories.com\/index.php?rest_route=%2Fwp%2Fv2%2Fproduct_cat&post=25411"},{"taxonomy":"product_tag","embeddable":true,"href":"https:\/\/sfashionaccessories.com\/index.php?rest_route=%2Fwp%2Fv2%2Fproduct_tag&post=25411"}],"curies":[{"name":"wp","href":"https:\/\/api.w.org\/{rel}","templated":true}]}}