{"id":25438,"date":"2026-02-26T12:20:33","date_gmt":"2026-02-26T03:20:33","guid":{"rendered":"https:\/\/sfashionaccessories.com\/?post_type=product&#038;p=25438"},"modified":"2026-02-26T12:22:47","modified_gmt":"2026-02-26T03:22:47","slug":"cueca-lupo-microfibra-00766-011","status":"publish","type":"product","link":"https:\/\/sfashionaccessories.com\/?product=cueca-lupo-microfibra-00766-011","title":{"rendered":"Cueca Lupo Microfibra-00766-011"},"content":{"rendered":"<p>Confeccionada com tecido Seamless Dry: sem costura &#8211; Desenvolvido com a mais moderna tecnologia sem costura, diminui os pontos de fric\u00e7\u00e3o;<br \/>\nPossui ventila\u00e7\u00e3o estrat\u00e9gica, colocada em zonas cr\u00edticas de suor, proporcionando alto conforto t\u00e9rmico;<br \/>\nModelagem boxer;<br \/>\nC\u00f3s personalizado com nome da marca;<br \/>\nPossui formato anat\u00f4mico garantindo um ajuste perfeito ao corpo.<\/p>\n<p>89% poliamida<br \/>\n7% poli\u00e9ster<br \/>\n4% elastano<\/p>\n","protected":false},"excerpt":{"rendered":"<p>Confeccionada com tecido Seamless Dry: sem costura &#8211; Desenvolvido com a mais moderna tecnologia sem costura, diminui os pontos de fric\u00e7\u00e3o; Possui ventila\u00e7\u00e3o estrat\u00e9gica, colocada em zonas cr\u00edticas de suor, proporcionando alto conforto t\u00e9rmico; Modelagem boxer; C\u00f3s personalizado com nome da marca; Possui formato anat\u00f4mico garantindo um ajuste perfeito ao corpo. 89% poliamida 7% poli\u00e9ster [&hellip;]<\/p>\n","protected":false},"featured_media":25448,"comment_status":"open","ping_status":"closed","template":"","meta":{"_kadence_starter_templates_imported_post":false},"product_brand":[],"product_cat":[465,571,29,552,294],"product_tag":[573,458,553,572,958],"class_list":{"0":"post-25438","1":"product","2":"type-product","3":"status-publish","4":"has-post-thumbnail","6":"product_cat-anuncios","7":"product_cat-cuecas","8":"product_cat-lingeries","9":"product_cat-lupo","10":"product_cat-masculino","11":"product_tag-cuecas","12":"product_tag-lingeries","13":"product_tag-lupo","14":"product_tag-masculino","15":"product_tag-moda-intima","17":"first","18":"instock","19":"shipping-taxable","20":"purchasable","21":"product-type-variable"},"_links":{"self":[{"href":"https:\/\/sfashionaccessories.com\/index.php?rest_route=\/wp\/v2\/product\/25438","targetHints":{"allow":["GET"]}}],"collection":[{"href":"https:\/\/sfashionaccessories.com\/index.php?rest_route=\/wp\/v2\/product"}],"about":[{"href":"https:\/\/sfashionaccessories.com\/index.php?rest_route=\/wp\/v2\/types\/product"}],"replies":[{"embeddable":true,"href":"https:\/\/sfashionaccessories.com\/index.php?rest_route=%2Fwp%2Fv2%2Fcomments&post=25438"}],"wp:featuredmedia":[{"embeddable":true,"href":"https:\/\/sfashionaccessories.com\/index.php?rest_route=\/wp\/v2\/media\/25448"}],"wp:attachment":[{"href":"https:\/\/sfashionaccessories.com\/index.php?rest_route=%2Fwp%2Fv2%2Fmedia&parent=25438"}],"wp:term":[{"taxonomy":"product_brand","embeddable":true,"href":"https:\/\/sfashionaccessories.com\/index.php?rest_route=%2Fwp%2Fv2%2Fproduct_brand&post=25438"},{"taxonomy":"product_cat","embeddable":true,"href":"https:\/\/sfashionaccessories.com\/index.php?rest_route=%2Fwp%2Fv2%2Fproduct_cat&post=25438"},{"taxonomy":"product_tag","embeddable":true,"href":"https:\/\/sfashionaccessories.com\/index.php?rest_route=%2Fwp%2Fv2%2Fproduct_tag&post=25438"}],"curies":[{"name":"wp","href":"https:\/\/api.w.org\/{rel}","templated":true}]}}