{"id":25454,"date":"2026-02-26T18:52:45","date_gmt":"2026-02-26T09:52:45","guid":{"rendered":"https:\/\/sfashionaccessories.com\/?post_type=product&#038;p=25454"},"modified":"2026-02-26T18:52:45","modified_gmt":"2026-02-26T09:52:45","slug":"cueca-boxer-lupo-766-009-2660-azul","status":"publish","type":"product","link":"https:\/\/sfashionaccessories.com\/?product=cueca-boxer-lupo-766-009-2660-azul","title":{"rendered":"Cueca Boxer Lupo 766-009 2660-Azul"},"content":{"rendered":"<div class=\"mt-8 w-full\" aria-label=\"Descri\u00e7\u00e3o do produto\">\n<p class=\"mt-4 text-sm\">Caracter\u00edsticas: Cueca Lupo Adulto. Modelagem boxer sem costura. Confeccionada em microfibra super leve e macia. Desenvolvida com a tecnologia Seamless, sem costura. Modelo anat\u00f4mico proporcionando ajuste perfeito. Cintura em el\u00e1stico duplo personalizado com logotipo da marca. Barra com acabamento em tecido duplo. Composi\u00e7\u00e3o: 96% Poliamida e 04% Elastano.<\/p>\n<\/div>\n<div class=\"mt-8 hidden lg:flex justify-center\" aria-label=\"Ver mais detalhes\"><\/div>\n","protected":false},"excerpt":{"rendered":"<p>Caracter\u00edsticas: Cueca Lupo Adulto. Modelagem boxer sem costura. Confeccionada em microfibra super leve e macia. Desenvolvida com a tecnologia Seamless, sem costura. Modelo anat\u00f4mico proporcionando ajuste perfeito. Cintura em el\u00e1stico duplo personalizado com logotipo da marca. Barra com acabamento em tecido duplo. Composi\u00e7\u00e3o: 96% Poliamida e 04% Elastano.<\/p>\n","protected":false},"featured_media":25457,"comment_status":"open","ping_status":"closed","template":"","meta":{"_kadence_starter_templates_imported_post":false},"product_brand":[],"product_cat":[15,465,571,29,552],"product_tag":[573,458,553],"class_list":{"0":"post-25454","1":"product","2":"type-product","3":"status-publish","4":"has-post-thumbnail","6":"product_cat-padrao","7":"product_cat-anuncios","8":"product_cat-cuecas","9":"product_cat-lingeries","10":"product_cat-lupo","11":"product_tag-cuecas","12":"product_tag-lingeries","13":"product_tag-lupo","15":"first","16":"instock","17":"shipping-taxable","18":"purchasable","19":"product-type-variable"},"_links":{"self":[{"href":"https:\/\/sfashionaccessories.com\/index.php?rest_route=\/wp\/v2\/product\/25454","targetHints":{"allow":["GET"]}}],"collection":[{"href":"https:\/\/sfashionaccessories.com\/index.php?rest_route=\/wp\/v2\/product"}],"about":[{"href":"https:\/\/sfashionaccessories.com\/index.php?rest_route=\/wp\/v2\/types\/product"}],"replies":[{"embeddable":true,"href":"https:\/\/sfashionaccessories.com\/index.php?rest_route=%2Fwp%2Fv2%2Fcomments&post=25454"}],"wp:featuredmedia":[{"embeddable":true,"href":"https:\/\/sfashionaccessories.com\/index.php?rest_route=\/wp\/v2\/media\/25457"}],"wp:attachment":[{"href":"https:\/\/sfashionaccessories.com\/index.php?rest_route=%2Fwp%2Fv2%2Fmedia&parent=25454"}],"wp:term":[{"taxonomy":"product_brand","embeddable":true,"href":"https:\/\/sfashionaccessories.com\/index.php?rest_route=%2Fwp%2Fv2%2Fproduct_brand&post=25454"},{"taxonomy":"product_cat","embeddable":true,"href":"https:\/\/sfashionaccessories.com\/index.php?rest_route=%2Fwp%2Fv2%2Fproduct_cat&post=25454"},{"taxonomy":"product_tag","embeddable":true,"href":"https:\/\/sfashionaccessories.com\/index.php?rest_route=%2Fwp%2Fv2%2Fproduct_tag&post=25454"}],"curies":[{"name":"wp","href":"https:\/\/api.w.org\/{rel}","templated":true}]}}