{"id":25467,"date":"2026-03-01T12:08:44","date_gmt":"2026-03-01T03:08:44","guid":{"rendered":"https:\/\/sfashionaccessories.com\/?post_type=product&#038;p=25467"},"modified":"2026-03-01T12:08:44","modified_gmt":"2026-03-01T03:08:44","slug":"body-splash-cuide-se-bem-nuvem-200ml-oboticario","status":"publish","type":"product","link":"https:\/\/sfashionaccessories.com\/?product=body-splash-cuide-se-bem-nuvem-200ml-oboticario","title":{"rendered":"Body Splash Cuide-se Bem Nuvem, 200ml-oBoticario"},"content":{"rendered":"<p>O Body Splash Cuide-se Bem Nuvem\u00a0<strong>leva a frescura de quem acabou de sair do banho para todos os momentos dos teus dias<\/strong>.\u00a0Com uma\u00a0<strong>fragr\u00e2ncia confort\u00e1vel, refresca a pele de maneira leve e suave<\/strong>, ap\u00f3s o banho ou sempre que quiseres. Para al\u00e9m de deixar a pele\u00a0intensamente\u00a0perfumada, auxilia na hidrata\u00e7\u00e3o.<br \/>\n&#8211; 100% vegan<br \/>\n&#8211; Cheirinho fresco e confort\u00e1vel<br \/>\n&#8211; 94,1%* de ingredientes de origem natural<br \/>\n&#8211; Uma embalagem ideal para levares contigo para todo o lado<\/p>\n<p>Como usar: Aplica e reaplica sempre que quiseres, para uma sensa\u00e7\u00e3o de frescura imediata. Os Body\u202fSplash s\u00e3o um produto muito vers\u00e1til, podendo ser usados para perfumar a roupa acabada de passar a ferro, perfumar a roupa de cama e as almofadas antes deitar, e ainda como ambientador de casa ou de autom\u00f3vel. Aproveita para completar o teu ritual com outros produtos da linha Cuide-se Bem Nuvem.<\/p>\n","protected":false},"excerpt":{"rendered":"<p>O Body Splash Cuide-se Bem Nuvem\u00a0leva a frescura de quem acabou de sair do banho para todos os momentos dos teus dias.\u00a0Com uma\u00a0fragr\u00e2ncia confort\u00e1vel, refresca a pele de maneira leve e suave, ap\u00f3s o banho ou sempre que quiseres. Para al\u00e9m de deixar a pele\u00a0intensamente\u00a0perfumada, auxilia na hidrata\u00e7\u00e3o. &#8211; 100% vegan &#8211; Cheirinho fresco e [&hellip;]<\/p>\n","protected":false},"featured_media":25468,"comment_status":"open","ping_status":"closed","template":"","meta":{"_kadence_starter_templates_imported_post":false},"product_brand":[],"product_cat":[826,323,530,296,282],"product_tag":[272,429,284],"class_list":{"0":"post-25467","1":"product","2":"type-product","3":"status-publish","4":"has-post-thumbnail","6":"product_cat-agua-de-colonia","7":"product_cat-bodies-bodysuits","8":"product_cat-body-splash","9":"product_cat-hidratantes-cremes","10":"product_cat-o-boticario","11":"product_tag-cosmeticos","12":"product_tag-hidratantes","13":"product_tag-o-boticario","15":"first","16":"instock","17":"sale","18":"shipping-taxable","19":"purchasable","20":"product-type-simple"},"_links":{"self":[{"href":"https:\/\/sfashionaccessories.com\/index.php?rest_route=\/wp\/v2\/product\/25467","targetHints":{"allow":["GET"]}}],"collection":[{"href":"https:\/\/sfashionaccessories.com\/index.php?rest_route=\/wp\/v2\/product"}],"about":[{"href":"https:\/\/sfashionaccessories.com\/index.php?rest_route=\/wp\/v2\/types\/product"}],"replies":[{"embeddable":true,"href":"https:\/\/sfashionaccessories.com\/index.php?rest_route=%2Fwp%2Fv2%2Fcomments&post=25467"}],"wp:featuredmedia":[{"embeddable":true,"href":"https:\/\/sfashionaccessories.com\/index.php?rest_route=\/wp\/v2\/media\/25468"}],"wp:attachment":[{"href":"https:\/\/sfashionaccessories.com\/index.php?rest_route=%2Fwp%2Fv2%2Fmedia&parent=25467"}],"wp:term":[{"taxonomy":"product_brand","embeddable":true,"href":"https:\/\/sfashionaccessories.com\/index.php?rest_route=%2Fwp%2Fv2%2Fproduct_brand&post=25467"},{"taxonomy":"product_cat","embeddable":true,"href":"https:\/\/sfashionaccessories.com\/index.php?rest_route=%2Fwp%2Fv2%2Fproduct_cat&post=25467"},{"taxonomy":"product_tag","embeddable":true,"href":"https:\/\/sfashionaccessories.com\/index.php?rest_route=%2Fwp%2Fv2%2Fproduct_tag&post=25467"}],"curies":[{"name":"wp","href":"https:\/\/api.w.org\/{rel}","templated":true}]}}