{"id":25487,"date":"2026-03-13T15:36:57","date_gmt":"2026-03-13T06:36:57","guid":{"rendered":"https:\/\/sfashionaccessories.com\/?post_type=product&#038;p=25487"},"modified":"2026-04-23T18:49:06","modified_gmt":"2026-04-23T09:49:06","slug":"desodorante-antitranspirante-em-creme-rexona-clinical-intense-fresh-58g","status":"publish","type":"product","link":"https:\/\/sfashionaccessories.com\/?product=desodorante-antitranspirante-em-creme-rexona-clinical-intense-fresh-58g","title":{"rendered":"Desodorante Antitranspirante em Creme Rexona Clinical Intense Fresh 58g"},"content":{"rendered":"<p>O Desodorante Antitranspirante Creme Rexona Clinical Intense Fresh garante 96h de prote\u00e7\u00e3o com creme de textura leve sem deixar manchas brancas nas roupas \u2022 Possui uma f\u00f3rmula com 3x mais prote\u00e7\u00e3o* contra o suor e controle de odor que um antitranspirante comum \u2022 Desenvolvido com microtecnologia Pro-Defense, que previne o suor, neutraliza o mau odor e refresca \u2022 O antitranspirante Rexona Clinical Intense Fresh \u00e9 dermatologicamente testado, e por isso gentil com a pele \u2022 Este desodorante possui uma agrad\u00e1vel fragr\u00e2ncia revigorante para voc\u00ea se sentir confiante e fresco o dia todo<\/p>\n","protected":false},"excerpt":{"rendered":"<p>O Desodorante Antitranspirante Creme Rexona Clinical Intense Fresh garante 96h de prote\u00e7\u00e3o com creme de textura leve sem deixar manchas brancas nas roupas \u2022 Possui uma f\u00f3rmula com 3x mais prote\u00e7\u00e3o* contra o suor e controle de odor que um antitranspirante comum \u2022 Desenvolvido com microtecnologia Pro-Defense, que previne o suor, neutraliza o mau odor [&hellip;]<\/p>\n","protected":false},"featured_media":25491,"comment_status":"open","ping_status":"closed","template":"","meta":{"_kadence_starter_templates_imported_post":false},"product_brand":[],"product_cat":[465,206,276,277,580,294,590],"product_tag":[272,239,1083,279],"class_list":{"0":"post-25487","1":"product","2":"type-product","3":"status-publish","4":"has-post-thumbnail","6":"product_cat-anuncios","7":"product_cat-cosmeticos-cremes-hidradantesperfumes","8":"product_cat-desodorante","9":"product_cat-desodorante-masculino","10":"product_cat-destaques","11":"product_cat-masculino","12":"product_cat-rexona","13":"product_tag-cosmeticos","14":"product_tag-desodorante","15":"product_tag-perfumes-masculinos","16":"product_tag-rexona","18":"first","19":"instock","20":"sale","21":"shipping-taxable","22":"purchasable","23":"product-type-simple"},"_links":{"self":[{"href":"https:\/\/sfashionaccessories.com\/index.php?rest_route=\/wp\/v2\/product\/25487","targetHints":{"allow":["GET"]}}],"collection":[{"href":"https:\/\/sfashionaccessories.com\/index.php?rest_route=\/wp\/v2\/product"}],"about":[{"href":"https:\/\/sfashionaccessories.com\/index.php?rest_route=\/wp\/v2\/types\/product"}],"replies":[{"embeddable":true,"href":"https:\/\/sfashionaccessories.com\/index.php?rest_route=%2Fwp%2Fv2%2Fcomments&post=25487"}],"wp:featuredmedia":[{"embeddable":true,"href":"https:\/\/sfashionaccessories.com\/index.php?rest_route=\/wp\/v2\/media\/25491"}],"wp:attachment":[{"href":"https:\/\/sfashionaccessories.com\/index.php?rest_route=%2Fwp%2Fv2%2Fmedia&parent=25487"}],"wp:term":[{"taxonomy":"product_brand","embeddable":true,"href":"https:\/\/sfashionaccessories.com\/index.php?rest_route=%2Fwp%2Fv2%2Fproduct_brand&post=25487"},{"taxonomy":"product_cat","embeddable":true,"href":"https:\/\/sfashionaccessories.com\/index.php?rest_route=%2Fwp%2Fv2%2Fproduct_cat&post=25487"},{"taxonomy":"product_tag","embeddable":true,"href":"https:\/\/sfashionaccessories.com\/index.php?rest_route=%2Fwp%2Fv2%2Fproduct_tag&post=25487"}],"curies":[{"name":"wp","href":"https:\/\/api.w.org\/{rel}","templated":true}]}}