{"id":25493,"date":"2026-03-13T15:58:32","date_gmt":"2026-03-13T06:58:32","guid":{"rendered":"https:\/\/sfashionaccessories.com\/?post_type=product&#038;p=25493"},"modified":"2026-03-18T14:29:51","modified_gmt":"2026-03-18T05:29:51","slug":"natura-luna-eau-de-parfum-femenina-intenso","status":"publish","type":"product","link":"https:\/\/sfashionaccessories.com\/?product=natura-luna-eau-de-parfum-femenina-intenso","title":{"rendered":"Natura Luna eau de parfum femenina intenso"},"content":{"rendered":"<h6 class=\"mb-4\">Descri\u00e7\u00e3o<\/h6>\n<div class=\"user-content font-small mb-4\">\n<p>O Deo Parfum Luna Intenso \u00e9 uma fragr\u00e2ncia que exala sensualidade e presen\u00e7a.<\/p>\n<p>Foi criada a partir do mais puro e forte patchouli \u2013 o patchouli heart \u2013, que \u00e9 obtido a partir da lapida\u00e7\u00e3o do patchouli bruto, tal como o processo de obten\u00e7\u00e3o de um diamante.<\/p>\n<p>Uma mistura de notas gourmand de vanila e uma sele\u00e7\u00e3o de florais femininos resultou neste item \u00fanico que diferencia e embeleza cada mulher.<\/p>\n<p>&nbsp;<\/p>\n<p>Caminho Olfativo:<\/p>\n<p>\u2022 Topo: p\u00eassego, blackcurrant, pera.<\/p>\n<p>\u2022 Corpo: muguet, rosa, jasmim sambac, violeta, flor de laranjeira.<\/p>\n<p>\u2022 Fundo: patchouli, vanila, cedro, s\u00e2ndalo, complexo de musk.<\/p>\n<p>&nbsp;<\/p>\n<p>50 ml.<\/p>\n<\/div>\n","protected":false},"excerpt":{"rendered":"<p>Descri\u00e7\u00e3o O Deo Parfum Luna Intenso \u00e9 uma fragr\u00e2ncia que exala sensualidade e presen\u00e7a. Foi criada a partir do mais puro e forte patchouli \u2013 o patchouli heart \u2013, que \u00e9 obtido a partir da lapida\u00e7\u00e3o do patchouli bruto, tal como o processo de obten\u00e7\u00e3o de um diamante. Uma mistura de notas gourmand de vanila [&hellip;]<\/p>\n","protected":false},"featured_media":25603,"comment_status":"open","ping_status":"closed","template":"","meta":{"_kadence_starter_templates_imported_post":false},"product_brand":[],"product_cat":[465,206,580,293,203,251,231],"product_tag":[272,395,234,401],"class_list":{"0":"post-25493","1":"product","2":"type-product","3":"status-publish","4":"has-post-thumbnail","6":"product_cat-anuncios","7":"product_cat-cosmeticos-cremes-hidradantesperfumes","8":"product_cat-destaques","9":"product_cat-feminino","10":"product_cat-natura-creme-oleo-sabonete-perfume","11":"product_cat-perfume-perfumes","12":"product_cat-perfumes-natura","13":"product_tag-cosmeticos","14":"product_tag-feminino","15":"product_tag-natura","16":"product_tag-perfumes","18":"first","19":"instock","20":"sale","21":"shipping-taxable","22":"purchasable","23":"product-type-simple"},"_links":{"self":[{"href":"https:\/\/sfashionaccessories.com\/index.php?rest_route=\/wp\/v2\/product\/25493","targetHints":{"allow":["GET"]}}],"collection":[{"href":"https:\/\/sfashionaccessories.com\/index.php?rest_route=\/wp\/v2\/product"}],"about":[{"href":"https:\/\/sfashionaccessories.com\/index.php?rest_route=\/wp\/v2\/types\/product"}],"replies":[{"embeddable":true,"href":"https:\/\/sfashionaccessories.com\/index.php?rest_route=%2Fwp%2Fv2%2Fcomments&post=25493"}],"wp:featuredmedia":[{"embeddable":true,"href":"https:\/\/sfashionaccessories.com\/index.php?rest_route=\/wp\/v2\/media\/25603"}],"wp:attachment":[{"href":"https:\/\/sfashionaccessories.com\/index.php?rest_route=%2Fwp%2Fv2%2Fmedia&parent=25493"}],"wp:term":[{"taxonomy":"product_brand","embeddable":true,"href":"https:\/\/sfashionaccessories.com\/index.php?rest_route=%2Fwp%2Fv2%2Fproduct_brand&post=25493"},{"taxonomy":"product_cat","embeddable":true,"href":"https:\/\/sfashionaccessories.com\/index.php?rest_route=%2Fwp%2Fv2%2Fproduct_cat&post=25493"},{"taxonomy":"product_tag","embeddable":true,"href":"https:\/\/sfashionaccessories.com\/index.php?rest_route=%2Fwp%2Fv2%2Fproduct_tag&post=25493"}],"curies":[{"name":"wp","href":"https:\/\/api.w.org\/{rel}","templated":true}]}}