{"id":25498,"date":"2026-03-13T16:26:08","date_gmt":"2026-03-13T07:26:08","guid":{"rendered":"https:\/\/sfashionaccessories.com\/?post_type=product&#038;p=25498"},"modified":"2026-04-13T19:52:24","modified_gmt":"2026-04-13T10:52:24","slug":"desodorante-antitranspirante-roll-on-natura-homem-sem-perfume","status":"publish","type":"product","link":"https:\/\/sfashionaccessories.com\/?product=desodorante-antitranspirante-roll-on-natura-homem-sem-perfume","title":{"rendered":"Desodorante Antitranspirante Roll-On Natura Homem Sem Perfume"},"content":{"rendered":"<div class=\"relative flex\">\n<div class=\"flex gap-2 items-center\"><span class=\"text-sm font-bold\">Protege as axilas por 72 horas contra o suor e o mau odor.<\/span><\/div>\n<\/div>\n<div class=\"relative flex\">\n<div class=\"flex gap-2 items-center\"><span class=\"text-sm\">O Desodorante Antitranspirante Roll-On Natura Homem Sem Perfume prote\u00e7\u00e3o contra o suor e mau odor. sua f\u00f3rmula n\u00e3o mancha as roupas e foi desenvolvida com a Tecnologia Dermotech: protege e cuida da pele das axilas.<\/span><\/div>\n<\/div>\n","protected":false},"excerpt":{"rendered":"<p>Protege as axilas por 72 horas contra o suor e o mau odor. O Desodorante Antitranspirante Roll-On Natura Homem Sem Perfume prote\u00e7\u00e3o contra o suor e mau odor. sua f\u00f3rmula n\u00e3o mancha as roupas e foi desenvolvida com a Tecnologia Dermotech: protege e cuida da pele das axilas.<\/p>\n","protected":false},"featured_media":25502,"comment_status":"open","ping_status":"closed","template":"","meta":{"_kadence_starter_templates_imported_post":false},"product_brand":[],"product_cat":[465,206,277,213,580,294,203,231],"product_tag":[272,239,572,234,1083],"class_list":{"0":"post-25498","1":"product","2":"type-product","3":"status-publish","4":"has-post-thumbnail","6":"product_cat-anuncios","7":"product_cat-cosmeticos-cremes-hidradantesperfumes","8":"product_cat-desodorante-masculino","9":"product_cat-desodorantes-anti-transpirantes","10":"product_cat-destaques","11":"product_cat-masculino","12":"product_cat-natura-creme-oleo-sabonete-perfume","13":"product_cat-perfumes-natura","14":"product_tag-cosmeticos","15":"product_tag-desodorante","16":"product_tag-masculino","17":"product_tag-natura","18":"product_tag-perfumes-masculinos","20":"first","21":"instock","22":"shipping-taxable","23":"purchasable","24":"product-type-simple"},"_links":{"self":[{"href":"https:\/\/sfashionaccessories.com\/index.php?rest_route=\/wp\/v2\/product\/25498","targetHints":{"allow":["GET"]}}],"collection":[{"href":"https:\/\/sfashionaccessories.com\/index.php?rest_route=\/wp\/v2\/product"}],"about":[{"href":"https:\/\/sfashionaccessories.com\/index.php?rest_route=\/wp\/v2\/types\/product"}],"replies":[{"embeddable":true,"href":"https:\/\/sfashionaccessories.com\/index.php?rest_route=%2Fwp%2Fv2%2Fcomments&post=25498"}],"wp:featuredmedia":[{"embeddable":true,"href":"https:\/\/sfashionaccessories.com\/index.php?rest_route=\/wp\/v2\/media\/25502"}],"wp:attachment":[{"href":"https:\/\/sfashionaccessories.com\/index.php?rest_route=%2Fwp%2Fv2%2Fmedia&parent=25498"}],"wp:term":[{"taxonomy":"product_brand","embeddable":true,"href":"https:\/\/sfashionaccessories.com\/index.php?rest_route=%2Fwp%2Fv2%2Fproduct_brand&post=25498"},{"taxonomy":"product_cat","embeddable":true,"href":"https:\/\/sfashionaccessories.com\/index.php?rest_route=%2Fwp%2Fv2%2Fproduct_cat&post=25498"},{"taxonomy":"product_tag","embeddable":true,"href":"https:\/\/sfashionaccessories.com\/index.php?rest_route=%2Fwp%2Fv2%2Fproduct_tag&post=25498"}],"curies":[{"name":"wp","href":"https:\/\/api.w.org\/{rel}","templated":true}]}}