{"id":25503,"date":"2026-03-13T16:38:43","date_gmt":"2026-03-13T07:38:43","guid":{"rendered":"https:\/\/sfashionaccessories.com\/?post_type=product&#038;p=25503"},"modified":"2026-03-13T16:38:43","modified_gmt":"2026-03-13T07:38:43","slug":"reparador-de-pontas-amend-gold-black-nutritivo-30ml-amend","status":"publish","type":"product","link":"https:\/\/sfashionaccessories.com\/?product=reparador-de-pontas-amend-gold-black-nutritivo-30ml-amend","title":{"rendered":"Reparador de Pontas Amend Gold Black Nutritivo 30ml- Amend"},"content":{"rendered":"<p><strong>Ultrarreparador de Pontas Amend Gold Black Nutritivo<\/strong> &#8211; Forma uma pel\u00edcula protetora em volta dos fios que condiciona, doa brilho, maciez e repara as pontas duplas e ressecadas.<\/p>\n<p><strong>Indica\u00e7\u00e3o:<\/strong> Ressecados, desidratados e opacos.<\/p>\n<p><strong>Princ\u00edpios Ativos:<\/strong> Silicones.<\/p>\n<p><strong>A\u00e7\u00e3o:<\/strong> Forma uma pel\u00edcula protetora em volta dos fios que condiciona, doa brilho, maciez e repara as pontas duplas e ressecadas. <strong>Principais Benef\u00edcios:<\/strong> Hidrata os Cachos na medida certa; Reduz a porosidade, o volume e o frizz; Mant\u00e9m os cachos macios, controlados e definidos por todo o dia; Fortalece os fios minimizando a quebra.<\/p>\n<p><strong>Modo de Uso:<\/strong> Aplique nos cabelos secos ou \u00famidos, 2 ou 3 gotas na palma da m\u00e3o e espalhe do comprimento dos fios at\u00e9 as pontas. Pode ser utilizado para modelar os cachos, amassando os fios suavemente. N\u00e3o necessita enxaguar.<\/p>\n","protected":false},"excerpt":{"rendered":"<p>Ultrarreparador de Pontas Amend Gold Black Nutritivo &#8211; Forma uma pel\u00edcula protetora em volta dos fios que condiciona, doa brilho, maciez e repara as pontas duplas e ressecadas. Indica\u00e7\u00e3o: Ressecados, desidratados e opacos. Princ\u00edpios Ativos: Silicones. A\u00e7\u00e3o: Forma uma pel\u00edcula protetora em volta dos fios que condiciona, doa brilho, maciez e repara as pontas duplas [&hellip;]<\/p>\n","protected":false},"featured_media":25506,"comment_status":"open","ping_status":"closed","template":"","meta":{"_kadence_starter_templates_imported_post":false},"product_brand":[],"product_cat":[1086,465,204,206,1039,564,562],"product_tag":[1087,272,565,479,876,900],"class_list":{"0":"post-25503","1":"product","2":"type-product","3":"status-publish","4":"has-post-thumbnail","6":"product_cat-amend","7":"product_cat-anuncios","8":"product_cat-matizador-sampoo-condicionador-hidratante","9":"product_cat-cosmeticos-cremes-hidradantesperfumes","10":"product_cat-creme-para-pentear","11":"product_cat-oleo-finalizador","12":"product_cat-tonico-capilar","13":"product_tag-amend","14":"product_tag-cosmeticos","15":"product_tag-finalizador","16":"product_tag-leave-in","17":"product_tag-oleo-capilar","18":"product_tag-sem-enxague","20":"first","21":"instock","22":"shipping-taxable","23":"purchasable","24":"product-type-simple"},"_links":{"self":[{"href":"https:\/\/sfashionaccessories.com\/index.php?rest_route=\/wp\/v2\/product\/25503","targetHints":{"allow":["GET"]}}],"collection":[{"href":"https:\/\/sfashionaccessories.com\/index.php?rest_route=\/wp\/v2\/product"}],"about":[{"href":"https:\/\/sfashionaccessories.com\/index.php?rest_route=\/wp\/v2\/types\/product"}],"replies":[{"embeddable":true,"href":"https:\/\/sfashionaccessories.com\/index.php?rest_route=%2Fwp%2Fv2%2Fcomments&post=25503"}],"wp:featuredmedia":[{"embeddable":true,"href":"https:\/\/sfashionaccessories.com\/index.php?rest_route=\/wp\/v2\/media\/25506"}],"wp:attachment":[{"href":"https:\/\/sfashionaccessories.com\/index.php?rest_route=%2Fwp%2Fv2%2Fmedia&parent=25503"}],"wp:term":[{"taxonomy":"product_brand","embeddable":true,"href":"https:\/\/sfashionaccessories.com\/index.php?rest_route=%2Fwp%2Fv2%2Fproduct_brand&post=25503"},{"taxonomy":"product_cat","embeddable":true,"href":"https:\/\/sfashionaccessories.com\/index.php?rest_route=%2Fwp%2Fv2%2Fproduct_cat&post=25503"},{"taxonomy":"product_tag","embeddable":true,"href":"https:\/\/sfashionaccessories.com\/index.php?rest_route=%2Fwp%2Fv2%2Fproduct_tag&post=25503"}],"curies":[{"name":"wp","href":"https:\/\/api.w.org\/{rel}","templated":true}]}}