{"id":25512,"date":"2026-03-13T16:56:43","date_gmt":"2026-03-13T07:56:43","guid":{"rendered":"https:\/\/sfashionaccessories.com\/?post_type=product&#038;p=25512"},"modified":"2026-03-18T20:40:05","modified_gmt":"2026-03-18T11:40:05","slug":"hidratante-corporal-natura-homem-tato","status":"publish","type":"product","link":"https:\/\/sfashionaccessories.com\/?product=hidratante-corporal-natura-homem-tato","title":{"rendered":"Hidratante Corporal Natura Homem Tato"},"content":{"rendered":"<p>Sinta sua pele hidratada e perfumada com a fragr\u00e2ncia amadeirada e marcante do Hidratante Corporal Natura Homem Tato. Com uma f\u00f3rmula hidratante de toque seco e r\u00e1pida absor\u00e7\u00e3o, este produto \u00e9 ideal para o uso em todo o corpo, garantindo que sua pele permane\u00e7a macia e perfumada ao longo do dia. A fragr\u00e2ncia combina o contraste irresist\u00edvel da pimenta com o calor do cumaru, um ingrediente da biodiversidade brasileira, proporcionando uma experi\u00eancia sensorial \u00fanica. Este hidratante \u00e9 adequado para todos os tipos de pele<\/p>\n","protected":false},"excerpt":{"rendered":"<p>Sinta sua pele hidratada e perfumada com a fragr\u00e2ncia amadeirada e marcante do Hidratante Corporal Natura Homem Tato. Com uma f\u00f3rmula hidratante de toque seco e r\u00e1pida absor\u00e7\u00e3o, este produto \u00e9 ideal para o uso em todo o corpo, garantindo que sua pele permane\u00e7a macia e perfumada ao longo do dia. A fragr\u00e2ncia combina o [&hellip;]<\/p>\n","protected":false},"featured_media":25515,"comment_status":"open","ping_status":"closed","template":"","meta":{"_kadence_starter_templates_imported_post":false},"product_brand":[],"product_cat":[465,206,277,214,294,203,1088],"product_tag":[272,234],"class_list":{"0":"post-25512","1":"product","2":"type-product","3":"status-publish","4":"has-post-thumbnail","6":"product_cat-anuncios","7":"product_cat-cosmeticos-cremes-hidradantesperfumes","8":"product_cat-desodorante-masculino","9":"product_cat-hidratantes-cremes-corporal","10":"product_cat-masculino","11":"product_cat-natura-creme-oleo-sabonete-perfume","12":"product_cat-natura-homem","13":"product_tag-cosmeticos","14":"product_tag-natura","16":"first","17":"instock","18":"shipping-taxable","19":"purchasable","20":"product-type-simple"},"_links":{"self":[{"href":"https:\/\/sfashionaccessories.com\/index.php?rest_route=\/wp\/v2\/product\/25512","targetHints":{"allow":["GET"]}}],"collection":[{"href":"https:\/\/sfashionaccessories.com\/index.php?rest_route=\/wp\/v2\/product"}],"about":[{"href":"https:\/\/sfashionaccessories.com\/index.php?rest_route=\/wp\/v2\/types\/product"}],"replies":[{"embeddable":true,"href":"https:\/\/sfashionaccessories.com\/index.php?rest_route=%2Fwp%2Fv2%2Fcomments&post=25512"}],"wp:featuredmedia":[{"embeddable":true,"href":"https:\/\/sfashionaccessories.com\/index.php?rest_route=\/wp\/v2\/media\/25515"}],"wp:attachment":[{"href":"https:\/\/sfashionaccessories.com\/index.php?rest_route=%2Fwp%2Fv2%2Fmedia&parent=25512"}],"wp:term":[{"taxonomy":"product_brand","embeddable":true,"href":"https:\/\/sfashionaccessories.com\/index.php?rest_route=%2Fwp%2Fv2%2Fproduct_brand&post=25512"},{"taxonomy":"product_cat","embeddable":true,"href":"https:\/\/sfashionaccessories.com\/index.php?rest_route=%2Fwp%2Fv2%2Fproduct_cat&post=25512"},{"taxonomy":"product_tag","embeddable":true,"href":"https:\/\/sfashionaccessories.com\/index.php?rest_route=%2Fwp%2Fv2%2Fproduct_tag&post=25512"}],"curies":[{"name":"wp","href":"https:\/\/api.w.org\/{rel}","templated":true}]}}