{"id":25516,"date":"2026-03-13T17:13:46","date_gmt":"2026-03-13T08:13:46","guid":{"rendered":"https:\/\/sfashionaccessories.com\/?post_type=product&#038;p=25516"},"modified":"2026-03-13T17:13:47","modified_gmt":"2026-03-13T08:13:47","slug":"eudora-balm-disciplinante-finalizador-capilar-siage-glow-expert-100ml","status":"publish","type":"product","link":"https:\/\/sfashionaccessories.com\/?product=eudora-balm-disciplinante-finalizador-capilar-siage-glow-expert-100ml","title":{"rendered":"Eudora &#8211; Balm Disciplinante Finalizador Capilar Si\u00e0ge Glow Expert 100Ml"},"content":{"rendered":"<p>Seus cabelos est\u00e3o opacos, sem vida e sofrendo com o frizz? Conte com a tecnologia do\u00a0<strong>Leave-in Balm Disciplinante Finalizador Capilar Si\u00e0ge Glow Expert\u00a0<\/strong>para devolver 100% do brilho dos seus cabelos logo na primeira aplica\u00e7\u00e3o. Ele\u00a0<strong>hidrata imediatamente<\/strong>\u00a0os fios,\u00a0<strong>elimina o frizz<\/strong>\u00a0e garante um\u00a0<strong>brilho espelhado<\/strong>.<\/p>\n<p><strong>Como o Leave-in Balm Disciplinante Finalizador Capilar Si\u00e0ge Glow Expert age?<\/strong><\/p>\n<p>Este produto\u00a0<strong>\u00a0<\/strong>desembara\u00e7a os cabelos e\u00a0<strong>sela as cut\u00edculas<\/strong>, deixando os fios mais macios, protegidos, brilhantes e f\u00e1ceis de pentear. Sua f\u00f3rmula enriquecida com\u00a0<strong>Flor de Geleira\u00a0<\/strong>promove um polimento dos fios, deixando-os com brilho espelhado.<\/p>\n<p><strong>Quais s\u00e3o os benef\u00edcios?<\/strong><\/p>\n<p><strong>-Polimento dos fios:<\/strong>\u00a0o produto recria o banho gelado dos Alpes Su\u00ed\u00e7os para deixar seus cabelos com um brilho impec\u00e1vel por at\u00e9 72 horas<\/p>\n<p>&#8211;<strong>A\u00e7\u00e3o disciplinante:<\/strong>\u00a0sua f\u00f3rmula promove a selagem das cut\u00edculas e possui efeito antifrizz, evitando os fios arrepiados<\/p>\n<p>-Oferecer<strong>\u00a0prote\u00e7\u00e3o t\u00e9rmica<\/strong>\u00a0e combate o ressecamento<\/p>\n<h3><\/h3>\n<p>&nbsp;<\/p>\n","protected":false},"excerpt":{"rendered":"<p>Seus cabelos est\u00e3o opacos, sem vida e sofrendo com o frizz? Conte com a tecnologia do\u00a0Leave-in Balm Disciplinante Finalizador Capilar Si\u00e0ge Glow Expert\u00a0para devolver 100% do brilho dos seus cabelos logo na primeira aplica\u00e7\u00e3o. Ele\u00a0hidrata imediatamente\u00a0os fios,\u00a0elimina o frizz\u00a0e garante um\u00a0brilho espelhado. Como o Leave-in Balm Disciplinante Finalizador Capilar Si\u00e0ge Glow Expert age? Este produto\u00a0\u00a0desembara\u00e7a [&hellip;]<\/p>\n","protected":false},"featured_media":25520,"comment_status":"open","ping_status":"closed","template":"","meta":{"_kadence_starter_templates_imported_post":false},"product_brand":[],"product_cat":[465,204,206,1039,322,790,700,688,564,1012,1037,865],"product_tag":[1006,791,565,479,876,1009],"class_list":{"0":"post-25516","1":"product","2":"type-product","3":"status-publish","4":"has-post-thumbnail","6":"product_cat-anuncios","7":"product_cat-matizador-sampoo-condicionador-hidratante","8":"product_cat-cosmeticos-cremes-hidradantesperfumes","9":"product_cat-creme-para-pentear","10":"product_cat-cremes-hidratantes-oleos","11":"product_cat-eudora","12":"product_cat-leave-in","13":"product_cat-mascara","14":"product_cat-oleo-finalizador","15":"product_cat-protetor-solar","16":"product_cat-sabonete-sabonete-liquido-eudora","17":"product_cat-shampoo-e-condicionador-eudora","18":"product_tag-creme-sem-enxague","19":"product_tag-eudora","20":"product_tag-finalizador","21":"product_tag-leave-in","22":"product_tag-oleo-capilar","23":"product_tag-siage","25":"first","26":"instock","27":"shipping-taxable","28":"purchasable","29":"product-type-simple"},"_links":{"self":[{"href":"https:\/\/sfashionaccessories.com\/index.php?rest_route=\/wp\/v2\/product\/25516","targetHints":{"allow":["GET"]}}],"collection":[{"href":"https:\/\/sfashionaccessories.com\/index.php?rest_route=\/wp\/v2\/product"}],"about":[{"href":"https:\/\/sfashionaccessories.com\/index.php?rest_route=\/wp\/v2\/types\/product"}],"replies":[{"embeddable":true,"href":"https:\/\/sfashionaccessories.com\/index.php?rest_route=%2Fwp%2Fv2%2Fcomments&post=25516"}],"wp:featuredmedia":[{"embeddable":true,"href":"https:\/\/sfashionaccessories.com\/index.php?rest_route=\/wp\/v2\/media\/25520"}],"wp:attachment":[{"href":"https:\/\/sfashionaccessories.com\/index.php?rest_route=%2Fwp%2Fv2%2Fmedia&parent=25516"}],"wp:term":[{"taxonomy":"product_brand","embeddable":true,"href":"https:\/\/sfashionaccessories.com\/index.php?rest_route=%2Fwp%2Fv2%2Fproduct_brand&post=25516"},{"taxonomy":"product_cat","embeddable":true,"href":"https:\/\/sfashionaccessories.com\/index.php?rest_route=%2Fwp%2Fv2%2Fproduct_cat&post=25516"},{"taxonomy":"product_tag","embeddable":true,"href":"https:\/\/sfashionaccessories.com\/index.php?rest_route=%2Fwp%2Fv2%2Fproduct_tag&post=25516"}],"curies":[{"name":"wp","href":"https:\/\/api.w.org\/{rel}","templated":true}]}}