{"id":25521,"date":"2026-03-13T17:21:32","date_gmt":"2026-03-13T08:21:32","guid":{"rendered":"https:\/\/sfashionaccessories.com\/?post_type=product&#038;p=25521"},"modified":"2026-03-13T17:21:32","modified_gmt":"2026-03-13T08:21:32","slug":"leave-in-eudora-siage-hidratacao-micelar-100ml-eudora","status":"publish","type":"product","link":"https:\/\/sfashionaccessories.com\/?product=leave-in-eudora-siage-hidratacao-micelar-100ml-eudora","title":{"rendered":"Leave-in Eudora Si\u00e0ge Hidrata\u00e7\u00e3o Micelar 100ml- Eudora"},"content":{"rendered":"<p><strong>Leave-in Eudora Si\u00e0ge Hidrata\u00e7\u00e3o Micelar 100ml<\/strong><br \/>\nCom resultados imediatos, o\u00a0Leave-In Si\u00e0ge Hidrata\u00e7\u00e3o Micelar\u00a0blinda a fibra capilar contra as agress\u00f5es externas, recuperando os fios e deixando-os super macios, hidratados e com brilho. Na mesma hora, voc\u00ea vai perceber a sa\u00fade sendo devolvida \u00e0s suas madeixas.\u00a0O leave-in \u00e9\u00a0enriquecido com Algas Marinhas e Ativos Biomim\u00e9ticos\u00a0que previnem o ressecamento e protegem contra qualquer dano que possa ser causado aos fios. Ele age como um protetor t\u00e9rmico at\u00e9 230\u00baC. Assim, voc\u00ea pode usar o secador, prancha ou babyliss sem se preocupar com preju\u00edzos aos cabelos.\u00a0\u00a0Conhe\u00e7a toda a\u00a0linha Si\u00e0ge\u00a0e garanta a sa\u00fade di\u00e1ria dos seus cabelos.<br \/>\nNenhum produto Eudora \u00e9 testado em animais, ou seja, este item possui selo Cruelty Free.<\/p>\n","protected":false},"excerpt":{"rendered":"<p>Leave-in Eudora Si\u00e0ge Hidrata\u00e7\u00e3o Micelar 100ml Com resultados imediatos, o\u00a0Leave-In Si\u00e0ge Hidrata\u00e7\u00e3o Micelar\u00a0blinda a fibra capilar contra as agress\u00f5es externas, recuperando os fios e deixando-os super macios, hidratados e com brilho. Na mesma hora, voc\u00ea vai perceber a sa\u00fade sendo devolvida \u00e0s suas madeixas.\u00a0O leave-in \u00e9\u00a0enriquecido com Algas Marinhas e Ativos Biomim\u00e9ticos\u00a0que previnem o ressecamento [&hellip;]<\/p>\n","protected":false},"featured_media":25523,"comment_status":"open","ping_status":"closed","template":"","meta":{"_kadence_starter_templates_imported_post":false},"product_brand":[],"product_cat":[465,204,206,790,293,700,688,564,865,1071],"product_tag":[272,1006,791,565,876,1009],"class_list":{"0":"post-25521","1":"product","2":"type-product","3":"status-publish","4":"has-post-thumbnail","6":"product_cat-anuncios","7":"product_cat-matizador-sampoo-condicionador-hidratante","8":"product_cat-cosmeticos-cremes-hidradantesperfumes","9":"product_cat-eudora","10":"product_cat-feminino","11":"product_cat-leave-in","12":"product_cat-mascara","13":"product_cat-oleo-finalizador","14":"product_cat-shampoo-e-condicionador-eudora","15":"product_cat-siage","16":"product_tag-cosmeticos","17":"product_tag-creme-sem-enxague","18":"product_tag-eudora","19":"product_tag-finalizador","20":"product_tag-oleo-capilar","21":"product_tag-siage","23":"first","24":"instock","25":"shipping-taxable","26":"purchasable","27":"product-type-simple"},"_links":{"self":[{"href":"https:\/\/sfashionaccessories.com\/index.php?rest_route=\/wp\/v2\/product\/25521","targetHints":{"allow":["GET"]}}],"collection":[{"href":"https:\/\/sfashionaccessories.com\/index.php?rest_route=\/wp\/v2\/product"}],"about":[{"href":"https:\/\/sfashionaccessories.com\/index.php?rest_route=\/wp\/v2\/types\/product"}],"replies":[{"embeddable":true,"href":"https:\/\/sfashionaccessories.com\/index.php?rest_route=%2Fwp%2Fv2%2Fcomments&post=25521"}],"wp:featuredmedia":[{"embeddable":true,"href":"https:\/\/sfashionaccessories.com\/index.php?rest_route=\/wp\/v2\/media\/25523"}],"wp:attachment":[{"href":"https:\/\/sfashionaccessories.com\/index.php?rest_route=%2Fwp%2Fv2%2Fmedia&parent=25521"}],"wp:term":[{"taxonomy":"product_brand","embeddable":true,"href":"https:\/\/sfashionaccessories.com\/index.php?rest_route=%2Fwp%2Fv2%2Fproduct_brand&post=25521"},{"taxonomy":"product_cat","embeddable":true,"href":"https:\/\/sfashionaccessories.com\/index.php?rest_route=%2Fwp%2Fv2%2Fproduct_cat&post=25521"},{"taxonomy":"product_tag","embeddable":true,"href":"https:\/\/sfashionaccessories.com\/index.php?rest_route=%2Fwp%2Fv2%2Fproduct_tag&post=25521"}],"curies":[{"name":"wp","href":"https:\/\/api.w.org\/{rel}","templated":true}]}}