{"id":25524,"date":"2026-03-13T17:32:27","date_gmt":"2026-03-13T08:32:27","guid":{"rendered":"https:\/\/sfashionaccessories.com\/?post_type=product&#038;p=25524"},"modified":"2026-03-13T17:32:28","modified_gmt":"2026-03-13T08:32:28","slug":"refil-mascara-capilar-eudora-siage-liso-intenso-250g","status":"publish","type":"product","link":"https:\/\/sfashionaccessories.com\/?product=refil-mascara-capilar-eudora-siage-liso-intenso-250g","title":{"rendered":"Refil =M\u00e1scara Capilar Eudora Si\u00e1ge Liso Intenso 250g"},"content":{"rendered":"<p>A M\u00e1scara Capilar Si\u00e0ge Liso Intenso Refil entrega poderosa a\u00e7\u00e3o seladora para fios alinhados e sem frizz.<\/p>\n<p>Sua f\u00f3rmula inteligente com\u00a0Creatina\u00a0e o incr\u00edvel complexo\u00a0Liss Effect, bloqueia os agentes causadores do frizz e de fios indisciplinados, garantindo efeito anti-frizz e redu\u00e7\u00e3o de 71% da quebra causada por escova\u00e7\u00e3o.<\/p>\n<p>Ideal para todos os tipos de lisos, o M\u00e1scara Capilar Si\u00e0ge Liso Intenso garante prote\u00e7\u00e3o t\u00e9rmica e cuidados espec\u00edficos de acordo com cada fio:<\/p>\n<p>Liso Intenso em cabelos alisados:<\/p>\n<p>-Apar\u00eancia de lisos naturais;<\/p>\n<p>-Liso prolongado sem qu\u00edmica;<\/p>\n<p>-Reduz porosidade dos fios;<\/p>\n<p>-Pontas hidratadas sem aspecto alisado;<\/p>\n<p>Liso Intenso em cabelos lisos com ondas:<\/p>\n<p>-Suaviza ondula\u00e7\u00f5es indesejadas;<\/p>\n<p>-2x menos volume.<\/p>\n<p>Liso Intenso em cabelos lisos naturais:<\/p>\n<p>-Frizz controlado;<\/p>\n<p>-Hidrata sem pesar.<\/p>\n<p>&nbsp;<\/p>\n","protected":false},"excerpt":{"rendered":"<p>A M\u00e1scara Capilar Si\u00e0ge Liso Intenso Refil entrega poderosa a\u00e7\u00e3o seladora para fios alinhados e sem frizz. Sua f\u00f3rmula inteligente com\u00a0Creatina\u00a0e o incr\u00edvel complexo\u00a0Liss Effect, bloqueia os agentes causadores do frizz e de fios indisciplinados, garantindo efeito anti-frizz e redu\u00e7\u00e3o de 71% da quebra causada por escova\u00e7\u00e3o. Ideal para todos os tipos de lisos, o [&hellip;]<\/p>\n","protected":false},"featured_media":25527,"comment_status":"open","ping_status":"closed","template":"","meta":{"_kadence_starter_templates_imported_post":false},"product_brand":[],"product_cat":[465,204,206,790,688,865,1071],"product_tag":[476,272,791,442,1009,299],"class_list":{"0":"post-25524","1":"product","2":"type-product","3":"status-publish","4":"has-post-thumbnail","6":"product_cat-anuncios","7":"product_cat-matizador-sampoo-condicionador-hidratante","8":"product_cat-cosmeticos-cremes-hidradantesperfumes","9":"product_cat-eudora","10":"product_cat-mascara","11":"product_cat-shampoo-e-condicionador-eudora","12":"product_cat-siage","13":"product_tag-cabelos","14":"product_tag-cosmeticos","15":"product_tag-eudora","16":"product_tag-mascara","17":"product_tag-siage","18":"product_tag-tratamento","20":"first","21":"instock","22":"shipping-taxable","23":"purchasable","24":"product-type-simple"},"_links":{"self":[{"href":"https:\/\/sfashionaccessories.com\/index.php?rest_route=\/wp\/v2\/product\/25524","targetHints":{"allow":["GET"]}}],"collection":[{"href":"https:\/\/sfashionaccessories.com\/index.php?rest_route=\/wp\/v2\/product"}],"about":[{"href":"https:\/\/sfashionaccessories.com\/index.php?rest_route=\/wp\/v2\/types\/product"}],"replies":[{"embeddable":true,"href":"https:\/\/sfashionaccessories.com\/index.php?rest_route=%2Fwp%2Fv2%2Fcomments&post=25524"}],"wp:featuredmedia":[{"embeddable":true,"href":"https:\/\/sfashionaccessories.com\/index.php?rest_route=\/wp\/v2\/media\/25527"}],"wp:attachment":[{"href":"https:\/\/sfashionaccessories.com\/index.php?rest_route=%2Fwp%2Fv2%2Fmedia&parent=25524"}],"wp:term":[{"taxonomy":"product_brand","embeddable":true,"href":"https:\/\/sfashionaccessories.com\/index.php?rest_route=%2Fwp%2Fv2%2Fproduct_brand&post=25524"},{"taxonomy":"product_cat","embeddable":true,"href":"https:\/\/sfashionaccessories.com\/index.php?rest_route=%2Fwp%2Fv2%2Fproduct_cat&post=25524"},{"taxonomy":"product_tag","embeddable":true,"href":"https:\/\/sfashionaccessories.com\/index.php?rest_route=%2Fwp%2Fv2%2Fproduct_tag&post=25524"}],"curies":[{"name":"wp","href":"https:\/\/api.w.org\/{rel}","templated":true}]}}