{"id":25533,"date":"2026-03-13T19:10:17","date_gmt":"2026-03-13T10:10:17","guid":{"rendered":"https:\/\/sfashionaccessories.com\/?post_type=product&#038;p=25533"},"modified":"2026-04-24T20:17:37","modified_gmt":"2026-04-24T11:17:37","slug":"bonprix-blusa-verde-militar-em-malha-favo-quadrille","status":"publish","type":"product","link":"https:\/\/sfashionaccessories.com\/?product=bonprix-blusa-verde-militar-em-malha-favo-quadrille","title":{"rendered":"Bonprix-Blusa Verde Militar em Malha Favo Quadrille"},"content":{"rendered":"<p>Blusa verde militar, modelagem solta, decote frente v, possui charmoso aplique nas al\u00e7as, material malha favo de poli\u00e9ster com algod\u00e3o.<\/p>\n","protected":false},"excerpt":{"rendered":"<p>Blusa verde militar, modelagem solta, decote frente v, possui charmoso aplique nas al\u00e7as, material malha favo de poli\u00e9ster com algod\u00e3o.<\/p>\n","protected":false},"featured_media":25541,"comment_status":"open","ping_status":"closed","template":"","meta":{"_kadence_starter_templates_imported_post":false},"product_brand":[],"product_cat":[465,172,43,65,503],"product_tag":[107,189,911,188],"class_list":{"0":"post-25533","1":"product","2":"type-product","3":"status-publish","4":"has-post-thumbnail","6":"product_cat-anuncios","7":"product_cat-blusas-tops-e-camisetas","8":"product_cat-blusas-camisetas-femininas","9":"product_cat-fitness-blusas-top","10":"product_cat-medidas-padrao-feminina-roupas-em-geral","11":"product_tag-blusa-top","12":"product_tag-blusas","13":"product_tag-bonprix","14":"product_tag-moda-feminina","16":"first","17":"instock","18":"sale","19":"shipping-taxable","20":"purchasable","21":"product-type-variable"},"_links":{"self":[{"href":"https:\/\/sfashionaccessories.com\/index.php?rest_route=\/wp\/v2\/product\/25533","targetHints":{"allow":["GET"]}}],"collection":[{"href":"https:\/\/sfashionaccessories.com\/index.php?rest_route=\/wp\/v2\/product"}],"about":[{"href":"https:\/\/sfashionaccessories.com\/index.php?rest_route=\/wp\/v2\/types\/product"}],"replies":[{"embeddable":true,"href":"https:\/\/sfashionaccessories.com\/index.php?rest_route=%2Fwp%2Fv2%2Fcomments&post=25533"}],"wp:featuredmedia":[{"embeddable":true,"href":"https:\/\/sfashionaccessories.com\/index.php?rest_route=\/wp\/v2\/media\/25541"}],"wp:attachment":[{"href":"https:\/\/sfashionaccessories.com\/index.php?rest_route=%2Fwp%2Fv2%2Fmedia&parent=25533"}],"wp:term":[{"taxonomy":"product_brand","embeddable":true,"href":"https:\/\/sfashionaccessories.com\/index.php?rest_route=%2Fwp%2Fv2%2Fproduct_brand&post=25533"},{"taxonomy":"product_cat","embeddable":true,"href":"https:\/\/sfashionaccessories.com\/index.php?rest_route=%2Fwp%2Fv2%2Fproduct_cat&post=25533"},{"taxonomy":"product_tag","embeddable":true,"href":"https:\/\/sfashionaccessories.com\/index.php?rest_route=%2Fwp%2Fv2%2Fproduct_tag&post=25533"}],"curies":[{"name":"wp","href":"https:\/\/api.w.org\/{rel}","templated":true}]}}