{"id":25616,"date":"2026-03-25T11:53:06","date_gmt":"2026-03-25T02:53:06","guid":{"rendered":"https:\/\/sfashionaccessories.com\/?post_type=product&#038;p=25616"},"modified":"2026-04-25T15:11:49","modified_gmt":"2026-04-25T06:11:49","slug":"kit-natura-tododia-hidratante-e-refil-ameixa-e-flor-baunilha-2","status":"publish","type":"product","link":"https:\/\/sfashionaccessories.com\/?product=kit-natura-tododia-hidratante-e-refil-ameixa-e-flor-baunilha-2","title":{"rendered":"Kit Natura Tododia Hidratante e Refil Ameixa e Flor Baunilha"},"content":{"rendered":"<p>Conte\u00fado:<\/p>\n<p>1 creme desodorante nutritivo para o corpo, 400 ml<\/p>\n<p>1 refil creme desodorante nutritivo para o corpo, 400 ml.<\/p>\n<p>Sinta seu corpo com o novo Creme Desodorante Nutritivo Para o Corpo Tododia Ameixa e Flor de Baunilha. Uma combina\u00e7\u00e3o balanceada de ingredientes naturais com nutri\u00e7\u00e3o prebi\u00f3tica, que se adapta ao que sua pele precisa a cada dia. Por isso, esse creme \u00e9 indicado para todos os tipos de pele.<\/p>\n<p>Benef\u00edcios:<\/p>\n<p>\u2022 Pele mais firme e macia: 4x mais hidratada \/ 2x mais firme;<\/p>\n<p>\u2022 Nutri\u00e7\u00e3o prebi\u00f3tica: com prebi\u00f3tico, manteiga de cacau e \u00f3leo de linha\u00e7a;<\/p>\n<p>\u2022 Textura cremosa: f\u00e1cil de espalhar e absorve rapidinho;<\/p>\n<p>\u2022 Nutri\u00e7\u00e3o profunda: pele saud\u00e1vel em todas as camadas;<\/p>\n<p>\u2022 94% de origem natural: maior afinidade com a sua pele;<\/p>\n<p>\u2022 Fragr\u00e2ncia que surpreende: aut\u00eantica e atraente com notas adocicadas florais.<\/p>\n","protected":false},"excerpt":{"rendered":"<p>Conte\u00fado: 1 creme desodorante nutritivo para o corpo, 400 ml 1 refil creme desodorante nutritivo para o corpo, 400 ml. Sinta seu corpo com o novo Creme Desodorante Nutritivo Para o Corpo Tododia Ameixa e Flor de Baunilha. Uma combina\u00e7\u00e3o balanceada de ingredientes naturais com nutri\u00e7\u00e3o prebi\u00f3tica, que se adapta ao que sua pele precisa [&hellip;]<\/p>\n","protected":false},"featured_media":25617,"comment_status":"open","ping_status":"closed","template":"","meta":{"_kadence_starter_templates_imported_post":false},"product_brand":[],"product_cat":[465,206,322,214,288,203],"product_tag":[1093,195,234,337],"class_list":{"0":"post-25616","1":"product","2":"type-product","3":"status-publish","4":"has-post-thumbnail","6":"product_cat-anuncios","7":"product_cat-cosmeticos-cremes-hidradantesperfumes","8":"product_cat-cremes-hidratantes-oleos","9":"product_cat-hidratantes-cremes-corporal","10":"product_cat-kit-natura","11":"product_cat-natura-creme-oleo-sabonete-perfume","12":"product_tag-1093","13":"product_tag-creme-hidratante","14":"product_tag-natura","15":"product_tag-tododia","17":"first","18":"outofstock","19":"sale","20":"shipping-taxable","21":"purchasable","22":"product-type-simple"},"_links":{"self":[{"href":"https:\/\/sfashionaccessories.com\/index.php?rest_route=\/wp\/v2\/product\/25616","targetHints":{"allow":["GET"]}}],"collection":[{"href":"https:\/\/sfashionaccessories.com\/index.php?rest_route=\/wp\/v2\/product"}],"about":[{"href":"https:\/\/sfashionaccessories.com\/index.php?rest_route=\/wp\/v2\/types\/product"}],"replies":[{"embeddable":true,"href":"https:\/\/sfashionaccessories.com\/index.php?rest_route=%2Fwp%2Fv2%2Fcomments&post=25616"}],"wp:featuredmedia":[{"embeddable":true,"href":"https:\/\/sfashionaccessories.com\/index.php?rest_route=\/wp\/v2\/media\/25617"}],"wp:attachment":[{"href":"https:\/\/sfashionaccessories.com\/index.php?rest_route=%2Fwp%2Fv2%2Fmedia&parent=25616"}],"wp:term":[{"taxonomy":"product_brand","embeddable":true,"href":"https:\/\/sfashionaccessories.com\/index.php?rest_route=%2Fwp%2Fv2%2Fproduct_brand&post=25616"},{"taxonomy":"product_cat","embeddable":true,"href":"https:\/\/sfashionaccessories.com\/index.php?rest_route=%2Fwp%2Fv2%2Fproduct_cat&post=25616"},{"taxonomy":"product_tag","embeddable":true,"href":"https:\/\/sfashionaccessories.com\/index.php?rest_route=%2Fwp%2Fv2%2Fproduct_tag&post=25616"}],"curies":[{"name":"wp","href":"https:\/\/api.w.org\/{rel}","templated":true}]}}