{"id":25632,"date":"2026-03-28T15:29:46","date_gmt":"2026-03-28T06:29:46","guid":{"rendered":"https:\/\/sfashionaccessories.com\/?post_type=product&#038;p=25632"},"modified":"2026-04-05T13:58:08","modified_gmt":"2026-04-05T04:58:08","slug":"colonia-mamae-e-bebe-miniatura-50ml","status":"publish","type":"product","link":"https:\/\/sfashionaccessories.com\/?product=colonia-mamae-e-bebe-miniatura-50ml","title":{"rendered":"Col\u00f4nia Mam\u00e3e e Beb\u00ea Miniatura-50ml"},"content":{"rendered":"<div class=\"relative flex\">\n<div class=\"flex gap-2 items-center\"><span class=\"text-sm font-bold\">Cheirinho de beb\u00ea, amor, carinho e cuidado.<\/span><\/div>\n<\/div>\n<div class=\"relative flex\">\n<div class=\"flex gap-2 items-center\">\n<p>A col\u00f4nia Mam\u00e3e e Beb\u00ea tem cheirinho de amor, carinho e cuidado. A f\u00f3rmula vegana da col\u00f4nia cont\u00e9m somente o essencial para uma perfuma\u00e7\u00e3o suave e segura. N\u00e3o cont\u00e9m \u00e1lcool, por isso, n\u00e3o agride a pele sens\u00edvel do beb\u00ea. Coloque algumas gotinhas na ponta dos seus dedos e espalhe com carinho nas roupinhas do beb\u00ea e atr\u00e1s das orelhas.<\/p>\n<p>&nbsp;<\/p>\n<p><strong>Benef\u00edcios:<\/strong><\/p>\n<p><strong>\u2022<\/strong>\u00a0F\u00f3rmula 100% segura, para ser usada desde o primeiro dia de vida;<\/p>\n<p><strong>\u2022<\/strong>\u00a0Testada e aprovada por pediatras;<\/p>\n<p><strong>\u2022<\/strong>\u00a0Produto vegano;<\/p>\n<p><strong>\u2022<\/strong>\u00a0Somente com o essencial para a pele sens\u00edvel do beb\u00ea;<\/p>\n<p><strong>\u2022<\/strong>\u00a0Perfuma\u00e7\u00e3o suave e segura;<\/p>\n<p><strong>\u2022<\/strong>\u00a0Dermatologicamente e oftalmologicamente testado;<\/p>\n<p><strong>\u2022<\/strong>\u00a0Sem ingredientes controversos.<\/p>\n<p>&nbsp;<\/p>\n<p>Conte\u00fado: 50ml.<\/p>\n<p>Todos os produtos para o beb\u00ea s\u00e3o hipoalerg\u00eanicos.<\/p>\n<p>Estes produtos foram formulados de maneira minimizar poss\u00edvel surgimento de alergia.<\/p>\n<\/div>\n<\/div>\n","protected":false},"excerpt":{"rendered":"<p>Cheirinho de beb\u00ea, amor, carinho e cuidado. A col\u00f4nia Mam\u00e3e e Beb\u00ea tem cheirinho de amor, carinho e cuidado. A f\u00f3rmula vegana da col\u00f4nia cont\u00e9m somente o essencial para uma perfuma\u00e7\u00e3o suave e segura. N\u00e3o cont\u00e9m \u00e1lcool, por isso, n\u00e3o agride a pele sens\u00edvel do beb\u00ea. Coloque algumas gotinhas na ponta dos seus dedos e [&hellip;]<\/p>\n","protected":false},"featured_media":25635,"comment_status":"open","ping_status":"closed","template":"","meta":{"_kadence_starter_templates_imported_post":false},"product_brand":[],"product_cat":[826,465,713,206,739,203,231],"product_tag":[343,272,340,234],"class_list":{"0":"post-25632","1":"product","2":"type-product","3":"status-publish","4":"has-post-thumbnail","6":"product_cat-agua-de-colonia","7":"product_cat-anuncios","8":"product_cat-colonia","9":"product_cat-cosmeticos-cremes-hidradantesperfumes","10":"product_cat-mamae-e-bebe","11":"product_cat-natura-creme-oleo-sabonete-perfume","12":"product_cat-perfumes-natura","13":"product_tag-agua-de-colonia","14":"product_tag-cosmeticos","15":"product_tag-mamae-e-bebe","16":"product_tag-natura","18":"first","19":"instock","20":"shipping-taxable","21":"purchasable","22":"product-type-simple"},"_links":{"self":[{"href":"https:\/\/sfashionaccessories.com\/index.php?rest_route=\/wp\/v2\/product\/25632","targetHints":{"allow":["GET"]}}],"collection":[{"href":"https:\/\/sfashionaccessories.com\/index.php?rest_route=\/wp\/v2\/product"}],"about":[{"href":"https:\/\/sfashionaccessories.com\/index.php?rest_route=\/wp\/v2\/types\/product"}],"replies":[{"embeddable":true,"href":"https:\/\/sfashionaccessories.com\/index.php?rest_route=%2Fwp%2Fv2%2Fcomments&post=25632"}],"wp:featuredmedia":[{"embeddable":true,"href":"https:\/\/sfashionaccessories.com\/index.php?rest_route=\/wp\/v2\/media\/25635"}],"wp:attachment":[{"href":"https:\/\/sfashionaccessories.com\/index.php?rest_route=%2Fwp%2Fv2%2Fmedia&parent=25632"}],"wp:term":[{"taxonomy":"product_brand","embeddable":true,"href":"https:\/\/sfashionaccessories.com\/index.php?rest_route=%2Fwp%2Fv2%2Fproduct_brand&post=25632"},{"taxonomy":"product_cat","embeddable":true,"href":"https:\/\/sfashionaccessories.com\/index.php?rest_route=%2Fwp%2Fv2%2Fproduct_cat&post=25632"},{"taxonomy":"product_tag","embeddable":true,"href":"https:\/\/sfashionaccessories.com\/index.php?rest_route=%2Fwp%2Fv2%2Fproduct_tag&post=25632"}],"curies":[{"name":"wp","href":"https:\/\/api.w.org\/{rel}","templated":true}]}}