{"id":25636,"date":"2026-03-28T15:43:37","date_gmt":"2026-03-28T06:43:37","guid":{"rendered":"https:\/\/sfashionaccessories.com\/?post_type=product&#038;p=25636"},"modified":"2026-03-29T13:07:38","modified_gmt":"2026-03-29T04:07:38","slug":"oleo-de-tratamento-hidratante-nutricao-completa-90ml","status":"publish","type":"product","link":"https:\/\/sfashionaccessories.com\/?product=oleo-de-tratamento-hidratante-nutricao-completa-90ml","title":{"rendered":"\u00d3leo de Tratamento Hidratante Nutri\u00e7\u00e3o Completa-90ml"},"content":{"rendered":"<div class=\"relative flex\">\n<div class=\"flex gap-2 items-center\"><span class=\"text-sm font-bold\">Hidrata\u00e7\u00e3o e nutri\u00e7\u00e3o instant\u00e2nea para seus fios.<\/span><\/div>\n<\/div>\n<div class=\"relative flex\">\n<div class=\"flex gap-2 items-center\">\n<p><strong>\u2022<\/strong>\u00a0O \u00d3leo de Tratamento Hidratante Advance Techniques Nutri\u00e7\u00e3o Completa combina os poderosos \u00f3leos de argan e coco para nutrir profundamente, selar a cut\u00edcula e hidratar instantaneamente os fios.<\/p>\n<p><strong>\u2022<\/strong>\u00a0Ideal para cabelos danificados, ele devolve a apar\u00eancia saud\u00e1vel desde o primeiro uso, deixando os fios macios, leves e sem frizz.<\/p>\n<p><strong>\u2022<\/strong>\u00a0Sua f\u00f3rmula leve, sem parabenos, \u00e9 perfeita para uso di\u00e1rio como finalizador ou antes do secador, garantindo brilho e prote\u00e7\u00e3o sem pesar nos cabelos.<\/p>\n<div class=\"relative flex\">\n<div class=\"flex gap-2 items-center\"><span class=\"text-sm\">Hidrata instantaneamente e sela a cut\u00edcula dos fios.<\/span><\/div>\n<\/div>\n<div class=\"relative flex\">\n<div class=\"flex gap-2 items-center\">\n<div class=\"bg-gray-100 rounded-full p-1\" aria-hidden=\"true\">\n<div class=\"text-center flex items-center justify-center\"><\/div>\n<\/div>\n<p><span class=\"text-sm\">Devolve a apar\u00eancia saud\u00e1vel ao cabelo danificado desde o primeiro uso.<\/span><\/p>\n<\/div>\n<\/div>\n<div class=\"relative flex\">\n<div class=\"flex gap-2 items-center\">\n<div class=\"bg-gray-100 rounded-full p-1\" aria-hidden=\"true\">\n<div class=\"text-center flex items-center justify-center\"><\/div>\n<\/div>\n<p><span class=\"text-sm\">Controla o frizz e proporciona brilho intenso.<\/span><\/p>\n<\/div>\n<\/div>\n<div class=\"relative flex\">\n<div class=\"flex gap-2 items-center\">\n<div class=\"bg-gray-100 rounded-full p-1\" aria-hidden=\"true\">\n<div class=\"text-center flex items-center justify-center\"><\/div>\n<\/div>\n<p><span class=\"text-sm\">Deixa os cabelos macios, leves e irresist\u00edveis ao toque.<\/span><\/p>\n<\/div>\n<\/div>\n<div class=\"relative flex\">\n<div class=\"flex gap-2 items-center\">\n<div class=\"bg-gray-100 rounded-full p-1\" aria-hidden=\"true\">\n<div class=\"text-center flex items-center justify-center\"><\/div>\n<\/div>\n<p><span class=\"text-sm\">F\u00f3rmula leve e sem parabenos, ideal para cuidados di\u00e1rios<\/span><\/p>\n<\/div>\n<div>Dica de uso: Aplique a quantidade desejada na palma da m\u00e3o e distribua nos cabelos secos ou \u00famidos, do comprimento at\u00e9 as pontas. N\u00e3o enx\u00e1gue. Uso antes do secador: deixa os cabelos f\u00e1ceis de modelar e ajuda a prevenir o ressecamento dos fios. Uso como finalizador: controla o frizz e d\u00e1 brilho sem pesar.<\/div>\n<\/div>\n<\/div>\n<\/div>\n","protected":false},"excerpt":{"rendered":"<p>Hidrata\u00e7\u00e3o e nutri\u00e7\u00e3o instant\u00e2nea para seus fios. \u2022\u00a0O \u00d3leo de Tratamento Hidratante Advance Techniques Nutri\u00e7\u00e3o Completa combina os poderosos \u00f3leos de argan e coco para nutrir profundamente, selar a cut\u00edcula e hidratar instantaneamente os fios. \u2022\u00a0Ideal para cabelos danificados, ele devolve a apar\u00eancia saud\u00e1vel desde o primeiro uso, deixando os fios macios, leves e sem [&hellip;]<\/p>\n","protected":false},"featured_media":25637,"comment_status":"open","ping_status":"closed","template":"","meta":{"_kadence_starter_templates_imported_post":false},"product_brand":[],"product_cat":[465,548,204,304,322,607,564],"product_tag":[549,272,876],"class_list":{"0":"post-25636","1":"product","2":"type-product","3":"status-publish","4":"has-post-thumbnail","6":"product_cat-anuncios","7":"product_cat-avon","8":"product_cat-matizador-sampoo-condicionador-hidratante","9":"product_cat-cremes-mascaras-oleos","10":"product_cat-cremes-hidratantes-oleos","11":"product_cat-hidratantes-cremes-avon","12":"product_cat-oleo-finalizador","13":"product_tag-avon","14":"product_tag-cosmeticos","15":"product_tag-oleo-capilar","17":"first","18":"instock","19":"shipping-taxable","20":"purchasable","21":"product-type-simple"},"_links":{"self":[{"href":"https:\/\/sfashionaccessories.com\/index.php?rest_route=\/wp\/v2\/product\/25636","targetHints":{"allow":["GET"]}}],"collection":[{"href":"https:\/\/sfashionaccessories.com\/index.php?rest_route=\/wp\/v2\/product"}],"about":[{"href":"https:\/\/sfashionaccessories.com\/index.php?rest_route=\/wp\/v2\/types\/product"}],"replies":[{"embeddable":true,"href":"https:\/\/sfashionaccessories.com\/index.php?rest_route=%2Fwp%2Fv2%2Fcomments&post=25636"}],"wp:featuredmedia":[{"embeddable":true,"href":"https:\/\/sfashionaccessories.com\/index.php?rest_route=\/wp\/v2\/media\/25637"}],"wp:attachment":[{"href":"https:\/\/sfashionaccessories.com\/index.php?rest_route=%2Fwp%2Fv2%2Fmedia&parent=25636"}],"wp:term":[{"taxonomy":"product_brand","embeddable":true,"href":"https:\/\/sfashionaccessories.com\/index.php?rest_route=%2Fwp%2Fv2%2Fproduct_brand&post=25636"},{"taxonomy":"product_cat","embeddable":true,"href":"https:\/\/sfashionaccessories.com\/index.php?rest_route=%2Fwp%2Fv2%2Fproduct_cat&post=25636"},{"taxonomy":"product_tag","embeddable":true,"href":"https:\/\/sfashionaccessories.com\/index.php?rest_route=%2Fwp%2Fv2%2Fproduct_tag&post=25636"}],"curies":[{"name":"wp","href":"https:\/\/api.w.org\/{rel}","templated":true}]}}