{"id":25757,"date":"2026-04-09T12:48:39","date_gmt":"2026-04-09T03:48:39","guid":{"rendered":"https:\/\/sfashionaccessories.com\/?post_type=product&#038;p=25757"},"modified":"2026-04-09T13:03:02","modified_gmt":"2026-04-09T04:03:02","slug":"natura-tododia-2-sabonetes-embalagem-individual-amora-vermelha-e-jabuticaba","status":"publish","type":"product","link":"https:\/\/sfashionaccessories.com\/?product=natura-tododia-2-sabonetes-embalagem-individual-amora-vermelha-e-jabuticaba","title":{"rendered":"Natura tododia 2 Sabonetes embalagem individual amora vermelha e jabuticaba"},"content":{"rendered":"<div class=\"relative flex\">\n<div class=\"flex gap-2 items-center\">\n<p><strong>pele limpa e perfumada com fragr\u00e2ncia frutal leve.<\/strong><\/p>\n<\/div>\n<\/div>\n<div class=\"relative flex\">\n<div class=\"flex gap-2 items-center\">\n<p>o sabonete de Natura Tododia Amora Vermelha e Jabuticaba limpa a pele com\u00a0<strong>espuma cremosa e abundante<\/strong>. sua f\u00f3rmula gentil traz uma combina\u00e7\u00e3o de ingredientes de origem natural. perfeito para um\u00a0<strong>banho revigorante.<\/strong><\/p>\n<h2 class=\"tit-significado\">. Cont\u00e9m &#8211; 2 Sabonetes em barra puro vegetal -amora vermelha e jabuticaba<\/h2>\n<\/div>\n<\/div>\n","protected":false},"excerpt":{"rendered":"<p>pele limpa e perfumada com fragr\u00e2ncia frutal leve. o sabonete de Natura Tododia Amora Vermelha e Jabuticaba limpa a pele com\u00a0espuma cremosa e abundante. sua f\u00f3rmula gentil traz uma combina\u00e7\u00e3o de ingredientes de origem natural. perfeito para um\u00a0banho revigorante. . Cont\u00e9m &#8211; 2 Sabonetes em barra puro vegetal -amora vermelha e jabuticaba<\/p>\n","protected":false},"featured_media":25754,"comment_status":"open","ping_status":"closed","template":"","meta":{"_kadence_starter_templates_imported_post":false},"product_brand":[],"product_cat":[465,288,203,228,286],"product_tag":[272,234,337],"class_list":{"0":"post-25757","1":"product","2":"type-product","3":"status-publish","4":"has-post-thumbnail","6":"product_cat-anuncios","7":"product_cat-kit-natura","8":"product_cat-natura-creme-oleo-sabonete-perfume","9":"product_cat-sabonete-sabonete-liquido-natura","10":"product_cat-sabonete-sabonete-liquido-2","11":"product_tag-cosmeticos","12":"product_tag-natura","13":"product_tag-tododia","15":"first","16":"instock","17":"shipping-taxable","18":"purchasable","19":"product-type-simple"},"_links":{"self":[{"href":"https:\/\/sfashionaccessories.com\/index.php?rest_route=\/wp\/v2\/product\/25757","targetHints":{"allow":["GET"]}}],"collection":[{"href":"https:\/\/sfashionaccessories.com\/index.php?rest_route=\/wp\/v2\/product"}],"about":[{"href":"https:\/\/sfashionaccessories.com\/index.php?rest_route=\/wp\/v2\/types\/product"}],"replies":[{"embeddable":true,"href":"https:\/\/sfashionaccessories.com\/index.php?rest_route=%2Fwp%2Fv2%2Fcomments&post=25757"}],"wp:featuredmedia":[{"embeddable":true,"href":"https:\/\/sfashionaccessories.com\/index.php?rest_route=\/wp\/v2\/media\/25754"}],"wp:attachment":[{"href":"https:\/\/sfashionaccessories.com\/index.php?rest_route=%2Fwp%2Fv2%2Fmedia&parent=25757"}],"wp:term":[{"taxonomy":"product_brand","embeddable":true,"href":"https:\/\/sfashionaccessories.com\/index.php?rest_route=%2Fwp%2Fv2%2Fproduct_brand&post=25757"},{"taxonomy":"product_cat","embeddable":true,"href":"https:\/\/sfashionaccessories.com\/index.php?rest_route=%2Fwp%2Fv2%2Fproduct_cat&post=25757"},{"taxonomy":"product_tag","embeddable":true,"href":"https:\/\/sfashionaccessories.com\/index.php?rest_route=%2Fwp%2Fv2%2Fproduct_tag&post=25757"}],"curies":[{"name":"wp","href":"https:\/\/api.w.org\/{rel}","templated":true}]}}