{"id":25764,"date":"2026-04-13T13:57:52","date_gmt":"2026-04-13T04:57:52","guid":{"rendered":"https:\/\/sfashionaccessories.com\/?post_type=product&#038;p=25764"},"modified":"2026-04-13T13:57:53","modified_gmt":"2026-04-13T04:57:53","slug":"brinco-argola-click-fe-lisa-banhado-a-ouro-18k","status":"publish","type":"product","link":"https:\/\/sfashionaccessories.com\/?product=brinco-argola-click-fe-lisa-banhado-a-ouro-18k","title":{"rendered":"Brinco Argola Click F\u00e9 Lisa Banhado a Ouro 18K"},"content":{"rendered":"<p>Delicado e cheio de significado esse brinco em formato argolinha e pingente F\u00e9 \u00e9 a escolha perfeita para quem ama unir unir estilo e F\u00e9\u00a0 em um so acessorio, com acabamento dourado e brilho elegante ,ele traz leveza e sofisticacao para o seu dia a dia ,sendo ideal tanto para compor looks casuais ,quanto producoes mais especiais ,<\/p>\n<p dir=\"ltr\">SemiJoia confeccionada em material HIPOALERG\u00caNICO, DURADOURO e BRILHANTE;<\/p>\n<p dir=\"ltr\">\u2022 Revestidas com verniz de alta qualidade e banhado a ouro ,<\/p>\n<p dir=\"ltr\">\u2022 Garantia de 6 meses apenas em defeito de banho .<\/p>\n<p dir=\"ltr\">Design moderno e atemporal.<\/p>\n<p dir=\"ltr\">Leve e confortavel para uso diario,<\/p>\n<p dir=\"ltr\">Perfeito para quem ama accessorios com significado,<\/p>\n<p dir=\"ltr\">Um toque de F\u00e9 e elegancia que transforma qualquer\u00a0 look.<\/p>\n<p dir=\"ltr\">\n<p dir=\"ltr\"><strong>Importante:<\/strong>\u00a0Os seus acess\u00f3rios precisam de cuidado, limpe-as com flanela seca e evite contato direto com cremes, maquiagem, perfumes, spray, areia e \u00e1gua. Estamos aqui para ajudar voc\u00ea a cuidar dos seus mimos com boas dicas.<\/p>\n","protected":false},"excerpt":{"rendered":"<p>Delicado e cheio de significado esse brinco em formato argolinha e pingente F\u00e9 \u00e9 a escolha perfeita para quem ama unir unir estilo e F\u00e9\u00a0 em um so acessorio, com acabamento dourado e brilho elegante ,ele traz leveza e sofisticacao para o seu dia a dia ,sendo ideal tanto para compor looks casuais ,quanto producoes [&hellip;]<\/p>\n","protected":false},"featured_media":25766,"comment_status":"open","ping_status":"closed","template":"","meta":{"_kadence_starter_templates_imported_post":false},"product_brand":[],"product_cat":[200,465,369,209],"product_tag":[182,371,973],"class_list":{"0":"post-25764","1":"product","2":"type-product","3":"status-publish","4":"has-post-thumbnail","6":"product_cat-acessorios-bijuterias-semi-joias","7":"product_cat-anuncios","8":"product_cat-brincos","9":"product_cat-semi-joias","10":"product_tag-acessorios","11":"product_tag-brincos","12":"product_tag-semijoias","14":"first","15":"instock","16":"shipping-taxable","17":"purchasable","18":"product-type-simple"},"_links":{"self":[{"href":"https:\/\/sfashionaccessories.com\/index.php?rest_route=\/wp\/v2\/product\/25764","targetHints":{"allow":["GET"]}}],"collection":[{"href":"https:\/\/sfashionaccessories.com\/index.php?rest_route=\/wp\/v2\/product"}],"about":[{"href":"https:\/\/sfashionaccessories.com\/index.php?rest_route=\/wp\/v2\/types\/product"}],"replies":[{"embeddable":true,"href":"https:\/\/sfashionaccessories.com\/index.php?rest_route=%2Fwp%2Fv2%2Fcomments&post=25764"}],"wp:featuredmedia":[{"embeddable":true,"href":"https:\/\/sfashionaccessories.com\/index.php?rest_route=\/wp\/v2\/media\/25766"}],"wp:attachment":[{"href":"https:\/\/sfashionaccessories.com\/index.php?rest_route=%2Fwp%2Fv2%2Fmedia&parent=25764"}],"wp:term":[{"taxonomy":"product_brand","embeddable":true,"href":"https:\/\/sfashionaccessories.com\/index.php?rest_route=%2Fwp%2Fv2%2Fproduct_brand&post=25764"},{"taxonomy":"product_cat","embeddable":true,"href":"https:\/\/sfashionaccessories.com\/index.php?rest_route=%2Fwp%2Fv2%2Fproduct_cat&post=25764"},{"taxonomy":"product_tag","embeddable":true,"href":"https:\/\/sfashionaccessories.com\/index.php?rest_route=%2Fwp%2Fv2%2Fproduct_tag&post=25764"}],"curies":[{"name":"wp","href":"https:\/\/api.w.org\/{rel}","templated":true}]}}