{"id":25791,"date":"2026-04-13T15:34:25","date_gmt":"2026-04-13T06:34:25","guid":{"rendered":"https:\/\/sfashionaccessories.com\/?post_type=product&#038;p=25791"},"modified":"2026-04-21T14:03:44","modified_gmt":"2026-04-21T05:03:44","slug":"brinco-coracao-zirconia-colorida-delicada-verde","status":"publish","type":"product","link":"https:\/\/sfashionaccessories.com\/?product=brinco-coracao-zirconia-colorida-delicada-verde","title":{"rendered":"Brinco Coracao  Semijoia Zirconia Verde   &#8211;  dourado"},"content":{"rendered":"<p>Uma semijoia cl\u00e1ssica e delicada, essas palavras definem bem o par de brincos com pedra de cora\u00e7\u00e3o de zirc\u00f4nia. Perfeito para milhares de ocasi\u00f5es, ele com certeza vai transformar e real\u00e7ar o seu visual com essa linda pedra de zirc\u00f4nia em formato de cora\u00e7\u00e3o na cor verde banhado ouro,<\/p>\n","protected":false},"excerpt":{"rendered":"<p>Uma semijoia cl\u00e1ssica e delicada, essas palavras definem bem o par de brincos com pedra de cora\u00e7\u00e3o de zirc\u00f4nia. Perfeito para milhares de ocasi\u00f5es, ele com certeza vai transformar e real\u00e7ar o seu visual com essa linda pedra de zirc\u00f4nia em formato de cora\u00e7\u00e3o na cor verde banhado ouro,<\/p>\n","protected":false},"featured_media":25794,"comment_status":"open","ping_status":"closed","template":"","meta":{"_kadence_starter_templates_imported_post":false},"product_brand":[],"product_cat":[200,465,369,878,209],"product_tag":[182,186,371,879,973],"class_list":{"0":"post-25791","1":"product","2":"type-product","3":"status-publish","4":"has-post-thumbnail","6":"product_cat-acessorios-bijuterias-semi-joias","7":"product_cat-anuncios","8":"product_cat-brincos","9":"product_cat-joias","10":"product_cat-semi-joias","11":"product_tag-acessorios","12":"product_tag-brinco","13":"product_tag-brincos","14":"product_tag-joias","15":"product_tag-semijoias","17":"first","18":"instock","19":"sale","20":"shipping-taxable","21":"purchasable","22":"product-type-simple"},"_links":{"self":[{"href":"https:\/\/sfashionaccessories.com\/index.php?rest_route=\/wp\/v2\/product\/25791","targetHints":{"allow":["GET"]}}],"collection":[{"href":"https:\/\/sfashionaccessories.com\/index.php?rest_route=\/wp\/v2\/product"}],"about":[{"href":"https:\/\/sfashionaccessories.com\/index.php?rest_route=\/wp\/v2\/types\/product"}],"replies":[{"embeddable":true,"href":"https:\/\/sfashionaccessories.com\/index.php?rest_route=%2Fwp%2Fv2%2Fcomments&post=25791"}],"wp:featuredmedia":[{"embeddable":true,"href":"https:\/\/sfashionaccessories.com\/index.php?rest_route=\/wp\/v2\/media\/25794"}],"wp:attachment":[{"href":"https:\/\/sfashionaccessories.com\/index.php?rest_route=%2Fwp%2Fv2%2Fmedia&parent=25791"}],"wp:term":[{"taxonomy":"product_brand","embeddable":true,"href":"https:\/\/sfashionaccessories.com\/index.php?rest_route=%2Fwp%2Fv2%2Fproduct_brand&post=25791"},{"taxonomy":"product_cat","embeddable":true,"href":"https:\/\/sfashionaccessories.com\/index.php?rest_route=%2Fwp%2Fv2%2Fproduct_cat&post=25791"},{"taxonomy":"product_tag","embeddable":true,"href":"https:\/\/sfashionaccessories.com\/index.php?rest_route=%2Fwp%2Fv2%2Fproduct_tag&post=25791"}],"curies":[{"name":"wp","href":"https:\/\/api.w.org\/{rel}","templated":true}]}}